{"id":9928,"date":"2026-01-23T12:24:23","date_gmt":"2026-01-23T10:24:23","guid":{"rendered":"https:\/\/matuza-tactical.lt\/?post_type=product&#038;p=9928"},"modified":"2026-04-15T12:53:41","modified_gmt":"2026-04-15T09:53:41","slug":"knygutes-deklas-multicam-tropic","status":"publish","type":"product","link":"https:\/\/matuza-tactical.lt\/en\/parduotuve\/knygutes-deklas-multicam-tropic\/","title":{"rendered":"U\u017era\u0161\u0173 knygut\u0117s d\u0117klas S1 MultiCam\u00ae Tropic"},"content":{"rendered":"<p>U\u017era\u0161\u0173 knygut\u0117s d\u0117klas skirtas Rite in the Rain 10\u00d715 cm (4\u00d76 coli\u0173) ar pana\u0161aus dyd\u017eio u\u017era\u0161\u0173 knygut\u0117ms. D\u0117kle taip galima ne\u0161ioti ra\u0161ymo priemones, atmintines ar kitas A6 formato dyd\u017eio korteles.<\/p>\n<p>&nbsp;<\/p>\n<p><strong>GAMINIO SPECIFIKACIJA<\/strong><\/p>\n<ul>\n<li>Audinys 500D CORDURA\u00ae.<\/li>\n<li>Matmenys 13\u00d718 cm.<\/li>\n<li>Audinio spalva \u00a0MultiCam\u00ae Tropic<\/li>\n<li>U\u017esegamas neper\u0161lampamu u\u017etrauktuku.<\/li>\n<li>Priekyje 4\u00d710 cm dyd\u017eio mink\u0161tos kontaktin\u0117s juostos laukas.<\/li>\n<li>Priekin\u0117 A6 formato dyd\u017eio koteli\u0173 ki\u0161en\u0117.<\/li>\n<li>D\u0117klo viduje kair\u0117je pus\u0117je \u2013 A6 formato dyd\u017eio korteli\u0173 ki\u0161en\u0117 su gumin\u0117mis kilpomis ra\u0161ymo priemon\u0117ms u\u017eki\u0161ti.<\/li>\n<li>D\u0117klo viduje de\u0161in\u0117je pus\u0117je \u2013 A6 formato dyd\u017eio korteli\u0173 ki\u0161en\u0117 \u012f kuri\u0105 galima \u012fstatyti ir u\u017era\u0161\u0173 knygut\u0117s nugar\u0117l\u0119.<\/li>\n<li>D\u0117klo gale yra ki\u0161en\u0117 \u012f kuri\u0105 galima \u012fd\u0117ti A6 dyd\u017eio korteles ar taisyklingai sulankstyt\u0105 1:50000 mastelio \u017eem\u0117lap\u012f.<\/li>\n<li>Svoris 64 g.<\/li>\n<\/ul>\n<p><a href=\"https:\/\/matuza-tactical.lt\/en\/product-category\/kita\/\">Kiti Matuza Tactical gaminiai\u00a0<\/a><br \/>\n<a href=\"https:\/\/www.youtube.com\/@matuzatactical\">Matuza Tactical youtube kanalas.<\/a><\/p>\n<p>&nbsp;<\/p>\n<div class=\"btn-bubble-icon\"><\/div>","protected":false},"excerpt":{"rendered":"<p>U\u017era\u0161\u0173 knygut\u0117s d\u0117klas skirtas Rite in the Rain 10&#215;15 cm (4&#215;6 coli\u0173) ar pana\u0161aus dyd\u017eio u\u017era\u0161\u0173 knygut\u0117ms.<\/p>","protected":false},"featured_media":10010,"template":"","meta":{"_exactmetrics_skip_tracking":false,"_exactmetrics_sitenote_active":false,"_exactmetrics_sitenote_note":"","_exactmetrics_sitenote_category":0},"product_cat":[137],"product_tag":[],"class_list":{"0":"post-9928","1":"product","2":"type-product","3":"status-publish","4":"has-post-thumbnail","6":"product_cat-multicam-tropic","8":"first","9":"instock","10":"taxable","11":"shipping-taxable","12":"purchasable","13":"product-type-simple","14":"wpzoom-wc-spi-has-enabled"},"aioseo_notices":[],"jetpack_sharing_enabled":true,"_links":{"self":[{"href":"https:\/\/matuza-tactical.lt\/en\/wp-json\/wp\/v2\/product\/9928","targetHints":{"allow":["GET"]}}],"collection":[{"href":"https:\/\/matuza-tactical.lt\/en\/wp-json\/wp\/v2\/product"}],"about":[{"href":"https:\/\/matuza-tactical.lt\/en\/wp-json\/wp\/v2\/types\/product"}],"wp:featuredmedia":[{"embeddable":true,"href":"https:\/\/matuza-tactical.lt\/en\/wp-json\/wp\/v2\/media\/10010"}],"wp:attachment":[{"href":"https:\/\/matuza-tactical.lt\/en\/wp-json\/wp\/v2\/media?parent=9928"}],"wp:term":[{"taxonomy":"product_cat","embeddable":true,"href":"https:\/\/matuza-tactical.lt\/en\/wp-json\/wp\/v2\/product_cat?post=9928"},{"taxonomy":"product_tag","embeddable":true,"href":"https:\/\/matuza-tactical.lt\/en\/wp-json\/wp\/v2\/product_tag?post=9928"}],"curies":[{"name":"wp","href":"https:\/\/api.w.org\/{rel}","templated":true}]}}