{"id":9808,"date":"2026-01-14T10:57:06","date_gmt":"2026-01-14T08:57:06","guid":{"rendered":"https:\/\/matuza-tactical.lt\/?post_type=product&#038;p=9808"},"modified":"2026-04-15T12:42:03","modified_gmt":"2026-04-15T09:42:03","slug":"tusciu-detuviu-maisas-m81-woodland","status":"publish","type":"product","link":"https:\/\/matuza-tactical.lt\/en\/parduotuve\/tusciu-detuviu-maisas-m81-woodland\/","title":{"rendered":"Tu\u0161\u010di\u0173 d\u0117tuvi\u0173 mai\u0161as M81 Woodland"},"content":{"rendered":"<p>Tu\u0161\u010di\u0173 d\u0117tuvi\u0173 mai\u0161as M81 Woodland.<\/p>\n<p>Mai\u0161as pasi\u016btas i\u0161 tvirto 500D CORDURA\u00ae audinio, skirtas tu\u0161\u010dioms d\u0117tuv\u0117ms surinkti . Audinio spalva M81 Woodland. <span class=\"d2edcug0 hpfvmrgz qv66sw1b c1et5uql rrkovp55 a8c37x1j keod5gw0 nxhoafnm aigsh9s9 d3f4x2em fe6kdd0r mau55g9w c8b282yb iv3no6db jq4qci2q a3bd9o3v knj5qynh oo9gr5id\" dir=\"auto\">Gali b\u016bti tvirtinamas ant bet kokio tipo ekipuot\u0117s sistemos dviem dir\u017eeliais, kuri\u0173\u00a0<\/span><span class=\"d2edcug0 hpfvmrgz qv66sw1b c1et5uql rrkovp55 a8c37x1j keod5gw0 nxhoafnm aigsh9s9 d3f4x2em fe6kdd0r mau55g9w c8b282yb iv3no6db jq4qci2q a3bd9o3v knj5qynh oo9gr5id\" dir=\"auto\">galai fiksuojami reguliatoriais.\u00a0<\/span><span class=\"d2edcug0 hpfvmrgz qv66sw1b c1et5uql rrkovp55 a8c37x1j keod5gw0 nxhoafnm aigsh9s9 d3f4x2em fe6kdd0r mau55g9w c8b282yb iv3no6db jq4qci2q a3bd9o3v knj5qynh oo9gr5id\" dir=\"auto\">Ne\u0161iojamas suvyniotas, o<\/span><span class=\"d2edcug0 hpfvmrgz qv66sw1b c1et5uql rrkovp55 a8c37x1j keod5gw0 nxhoafnm aigsh9s9 d3f4x2em fe6kdd0r mau55g9w c8b282yb iv3no6db jq4qci2q a3bd9o3v knj5qynh oo9gr5id\" dir=\"auto\">\u00a0i\u0161skleid\u017eiamas patraukus u\u017e rankenos, kuri atpalaiduoja elastin\u0119 virvut\u0119.<\/span><\/p>\n<p><span class=\"d2edcug0 hpfvmrgz qv66sw1b c1et5uql rrkovp55 a8c37x1j keod5gw0 nxhoafnm aigsh9s9 d3f4x2em fe6kdd0r mau55g9w c8b282yb iv3no6db jq4qci2q a3bd9o3v knj5qynh oo9gr5id\" dir=\"auto\">\u00a0<\/span><span class=\"d2edcug0 hpfvmrgz qv66sw1b c1et5uql rrkovp55 a8c37x1j keod5gw0 nxhoafnm aigsh9s9 d3f4x2em fe6kdd0r mau55g9w c8b282yb iv3no6db jq4qci2q a3bd9o3v knj5qynh oo9gr5id\" dir=\"auto\">Mai\u0161as vir\u0161utin\u0117je briaunoje turi \u012fsi\u016bt\u0105 stand\u0173 dir\u017eel\u012f, kuris u\u017etikrina skland\u0173 mai\u0161o atsidarym\u0105 ir leid\u017eia lengvai atstatyti form\u0105 mai\u0161\u0105 pris\u0117dus ar prispaudus.\u00a0<\/span><span class=\"d2edcug0 hpfvmrgz qv66sw1b c1et5uql rrkovp55 a8c37x1j keod5gw0 nxhoafnm aigsh9s9 d3f4x2em fe6kdd0r mau55g9w c8b282yb iv3no6db jq4qci2q a3bd9o3v knj5qynh oo9gr5id\" dir=\"auto\">Mai\u0161o vir\u0161us u\u017ever\u017eiamas elastine virvute, kuri apsaugo d\u0117tuves nuo i\u0161kritimo judant.<br \/>\n<\/span><span class=\"d2edcug0 hpfvmrgz qv66sw1b c1et5uql rrkovp55 a8c37x1j keod5gw0 nxhoafnm aigsh9s9 d3f4x2em fe6kdd0r mau55g9w c8b282yb iv3no6db jq4qci2q a3bd9o3v knj5qynh oo9gr5id\" dir=\"auto\">Mai\u0161o dugnas yra suformuotas i\u0161 trin\u010diai atsparaus tinklelio, per kur\u012f lengvai i\u0161b\u0117gs vanduo ar sm\u0117lis.\u00a0<\/span>Talpina \u0161e\u0161ias G36 d\u0117tuves.<\/p>\n<p>&nbsp;<\/p>\n<p><strong>\u00a0 \u00a0 \u00a0 \u00a0 \u00a0 \u00a0 GAMINIO SPECIFIKACIJA:\u00a0\u00a0<\/strong><\/p>\n<ul>\n<li>Audinys 500D CORDURA\u00ae.<\/li>\n<li>Audinio spalva M81 Woodland.<\/li>\n<li><span class=\"d2edcug0 hpfvmrgz qv66sw1b c1et5uql rrkovp55 a8c37x1j keod5gw0 nxhoafnm aigsh9s9 d3f4x2em fe6kdd0r mau55g9w c8b282yb iv3no6db jq4qci2q a3bd9o3v knj5qynh oo9gr5id\" dir=\"auto\">Tu\u0161\u010di\u0173 d\u0117tuvi\u0173 mai\u0161as kabinamas ant bet kokio tipo ekipuot\u0117s sistemos.\u00a0<\/span><span class=\"d2edcug0 hpfvmrgz qv66sw1b c1et5uql rrkovp55 a8c37x1j keod5gw0 nxhoafnm aigsh9s9 d3f4x2em fe6kdd0r mau55g9w c8b282yb iv3no6db jq4qci2q a3bd9o3v knj5qynh oo9gr5id\" dir=\"auto\">Perv\u0117rus du dir\u017eelius j\u0173 galai fiksuojami su reguliatoriais.<\/span><\/li>\n<li><span class=\"d2edcug0 hpfvmrgz qv66sw1b c1et5uql rrkovp55 a8c37x1j keod5gw0 nxhoafnm aigsh9s9 d3f4x2em fe6kdd0r mau55g9w c8b282yb iv3no6db jq4qci2q a3bd9o3v knj5qynh oo9gr5id\" dir=\"auto\">Suvyniotas mai\u0161as fiksuojamas elastine virvute, u\u017ekabinta u\u017e plastikinio reguliatoriaus, esan\u010dio mai\u0161o galin\u0117je pus\u0117je. Mai\u0161as i\u0161skleid\u017eiamas patraukus u\u017e rankenos, kuri atpalaiduoja elastin\u0119 virvut\u0119, ir mai\u0161as i\u0161sivynioja.<\/span><\/li>\n<li><span class=\"d2edcug0 hpfvmrgz qv66sw1b c1et5uql rrkovp55 a8c37x1j keod5gw0 nxhoafnm aigsh9s9 d3f4x2em fe6kdd0r mau55g9w c8b282yb iv3no6db jq4qci2q a3bd9o3v knj5qynh oo9gr5id\" dir=\"auto\">Mai\u0161o vir\u0161utin\u0117je briaunoje \u012fsi\u016btas standus dir\u017eelis u\u017etikrina, kad mai\u0161as atsidarys j\u012f i\u0161skleidus, ir leid\u017eia jausti, kad d\u0117tuv\u0117 \u012fdedama \u012f mai\u0161\u0105, o ne pro \u0161al\u012f. Taip pat mai\u0161o briaun\u0105 bus galima lengvai atstatyti mai\u0161\u0105 pris\u0117dus ar prispaudus.<br \/>\n<\/span><\/li>\n<li>Mai\u0161o angos plotis 21 cm.<\/li>\n<li><span class=\"d2edcug0 hpfvmrgz qv66sw1b c1et5uql rrkovp55 a8c37x1j keod5gw0 nxhoafnm aigsh9s9 d3f4x2em fe6kdd0r mau55g9w c8b282yb iv3no6db jq4qci2q a3bd9o3v knj5qynh oo9gr5id\" dir=\"auto\">Mai\u0161o vir\u0161us u\u017ever\u017eiamas elastine virvute, tod\u0117l d\u0117tuv\u0117s nei\u0161kris judant.<\/span><\/li>\n<li><span class=\"d2edcug0 hpfvmrgz qv66sw1b c1et5uql rrkovp55 a8c37x1j keod5gw0 nxhoafnm aigsh9s9 d3f4x2em fe6kdd0r mau55g9w c8b282yb iv3no6db jq4qci2q a3bd9o3v knj5qynh oo9gr5id\" dir=\"auto\">Mai\u0161o dugnas yra suformuotas i\u0161 7 x 14 cm dyd\u017eio trin\u010diai atsparaus tinklelio, per kur\u012f lengvai i\u0161b\u0117gs vanduo ar sm\u0117lis.<\/span><\/li>\n<li>\u012e mai\u0161\u0105 telpa \u0161e\u0161ios G36 d\u0117tuv\u0117s.<\/li>\n<\/ul>\n<p><a href=\"https:\/\/matuza-tactical.lt\/en\/product-category\/kita\/\">\u00a0 \u00a0Kiti gaminiai \u2013 Matuza Tactical<\/a><br \/>\n<a href=\"https:\/\/www.youtube.com\/@matuzatactical\">\u00a0 \u00a0Matuza Tactical youtube kanalas<\/a><\/p>\n<p>&nbsp;<\/p>\n<p>&nbsp;<\/p>","protected":false},"excerpt":{"rendered":"<p>Mai\u0161as skirtas tu\u0161\u010dioms d\u0117tuv\u0117ms surinkti.<\/p>","protected":false},"featured_media":9992,"template":"","meta":{"_exactmetrics_skip_tracking":false,"_exactmetrics_sitenote_active":false,"_exactmetrics_sitenote_note":"","_exactmetrics_sitenote_category":0},"product_cat":[133,136],"product_tag":[],"class_list":{"0":"post-9808","1":"product","2":"type-product","3":"status-publish","4":"has-post-thumbnail","6":"product_cat-m81woodland","7":"product_cat-nauji-gaminiai","9":"first","10":"onbackorder","11":"taxable","12":"shipping-taxable","13":"purchasable","14":"product-type-simple","15":"wpzoom-wc-spi-has-enabled"},"aioseo_notices":[],"jetpack_sharing_enabled":true,"_links":{"self":[{"href":"https:\/\/matuza-tactical.lt\/en\/wp-json\/wp\/v2\/product\/9808","targetHints":{"allow":["GET"]}}],"collection":[{"href":"https:\/\/matuza-tactical.lt\/en\/wp-json\/wp\/v2\/product"}],"about":[{"href":"https:\/\/matuza-tactical.lt\/en\/wp-json\/wp\/v2\/types\/product"}],"wp:featuredmedia":[{"embeddable":true,"href":"https:\/\/matuza-tactical.lt\/en\/wp-json\/wp\/v2\/media\/9992"}],"wp:attachment":[{"href":"https:\/\/matuza-tactical.lt\/en\/wp-json\/wp\/v2\/media?parent=9808"}],"wp:term":[{"taxonomy":"product_cat","embeddable":true,"href":"https:\/\/matuza-tactical.lt\/en\/wp-json\/wp\/v2\/product_cat?post=9808"},{"taxonomy":"product_tag","embeddable":true,"href":"https:\/\/matuza-tactical.lt\/en\/wp-json\/wp\/v2\/product_tag?post=9808"}],"curies":[{"name":"wp","href":"https:\/\/api.w.org\/{rel}","templated":true}]}}