{"id":9785,"date":"2026-01-13T10:53:40","date_gmt":"2026-01-13T08:53:40","guid":{"rendered":"https:\/\/matuza-tactical.lt\/?post_type=product&#038;p=9785"},"modified":"2026-04-20T15:17:39","modified_gmt":"2026-04-20T12:17:39","slug":"gertuves-deklas-multicam","status":"publish","type":"product","link":"https:\/\/matuza-tactical.lt\/en\/parduotuve\/gertuves-deklas-multicam\/","title":{"rendered":"Gertuv\u0117s d\u0117klas MultiCam\u00ae"},"content":{"rendered":"<p><strong>PASKIRTIS<\/strong><\/p>\n<p>Gertuv\u0117s d\u0117klas yra pritaikytas ne\u0161ioti standartinei Lietuvos kariuomen\u0117s i\u0161duodamai gertuvei su katiliuku. Taip pat tinka naudoti ir su kit\u0173 tip\u0173 analogi\u0161ko dyd\u017eio gertuv\u0117mis.<\/p>\n<p><strong>GAMINIO SPECIFIKACIJA<\/strong><\/p>\n<ul>\n<li>Audinys 500D CORDURA\u00ae \u00a0MultiCam\u00ae .<\/li>\n<li>Matmenys 12 x 8\u00a0 x 14 cm.<\/li>\n<li>Audinio spalvos kodas \u2013 \u00a0MultiCam\u00ae.<\/li>\n<li>Pamink\u0161tintas korpusas palaiko d\u0117klo form\u0105 ir u\u017etikrina skland\u0173 gertuv\u0117s \u012fd\u0117jim\u0105. Pamink\u0161tinimas taip pat apsaugo nuo triuk\u0161mo atsir\u0117mus \u012f kiet\u0105 objekt\u0105 bei \u0161iek tiek izoliuoja gertuv\u0119 taip neleisdamas vandeniui labai greitai u\u017e\u0161alti ar su\u0161ilti.<\/li>\n<li>Gertuv\u0119 d\u0117kle galima ne\u0161ioti tiek su katiliuku, tiek be jo.<\/li>\n<li>Telpa ir briti\u0161ka \u201eOsprey\u201c tipo gertuv\u0117 su katiliuku.<\/li>\n<li>Prie ekipuot\u0117s tvirtinama MOLLE sistema (u\u017eima 3 stulpelius x 3 eilutes).<\/li>\n<li>Gertuv\u0117 fiksuojama \u2013 suver\u017eiama dir\u017eeliu. D\u0117klo korpusas papildomai suver\u017eiamas horizontaliu dir\u017eeliu, kuris u\u017etikrina, kad gertuv\u0117 stand\u017eiai laikyt\u0173si d\u0117kle tiek su katiliuku, tiek be jo.<br \/>\n<strong>Gertuv\u0117 \u012f komplektacij\u0105 ne\u012feina.<\/strong><\/li>\n<\/ul>\n<p><a href=\"https:\/\/matuza-tactical.lt\/en\/product-category\/kita\/\">\u00a0Kiti m\u016bs\u0173 gaminiai\u00a0<\/a><br \/>\n<a href=\"https:\/\/www.youtube.com\/@matuzatactical\">Matuza Tactical youtube kanalas\u00a0<\/a><strong><br \/>\n<\/strong><\/p>\n<p>&nbsp;<\/p>","protected":false},"excerpt":{"rendered":"<p>Gertuv\u0117s d\u0117klas standartinei Lietuvos kariuomen\u0117s i\u0161duodamai gertuvei su katiliuku.<\/p>","protected":false},"featured_media":9977,"template":"","meta":{"_exactmetrics_skip_tracking":false,"_exactmetrics_sitenote_active":false,"_exactmetrics_sitenote_note":"","_exactmetrics_sitenote_category":0},"product_cat":[132,136],"product_tag":[],"class_list":{"0":"post-9785","1":"product","2":"type-product","3":"status-publish","4":"has-post-thumbnail","6":"product_cat-multicam","7":"product_cat-nauji-gaminiai","9":"first","10":"instock","11":"taxable","12":"shipping-taxable","13":"purchasable","14":"product-type-simple","15":"wpzoom-wc-spi-has-enabled"},"aioseo_notices":[],"jetpack_sharing_enabled":true,"_links":{"self":[{"href":"https:\/\/matuza-tactical.lt\/en\/wp-json\/wp\/v2\/product\/9785","targetHints":{"allow":["GET"]}}],"collection":[{"href":"https:\/\/matuza-tactical.lt\/en\/wp-json\/wp\/v2\/product"}],"about":[{"href":"https:\/\/matuza-tactical.lt\/en\/wp-json\/wp\/v2\/types\/product"}],"wp:featuredmedia":[{"embeddable":true,"href":"https:\/\/matuza-tactical.lt\/en\/wp-json\/wp\/v2\/media\/9977"}],"wp:attachment":[{"href":"https:\/\/matuza-tactical.lt\/en\/wp-json\/wp\/v2\/media?parent=9785"}],"wp:term":[{"taxonomy":"product_cat","embeddable":true,"href":"https:\/\/matuza-tactical.lt\/en\/wp-json\/wp\/v2\/product_cat?post=9785"},{"taxonomy":"product_tag","embeddable":true,"href":"https:\/\/matuza-tactical.lt\/en\/wp-json\/wp\/v2\/product_tag?post=9785"}],"curies":[{"name":"wp","href":"https:\/\/api.w.org\/{rel}","templated":true}]}}