{"id":9713,"date":"2026-01-12T15:29:52","date_gmt":"2026-01-12T13:29:52","guid":{"rendered":"https:\/\/matuza-tactical.lt\/?post_type=product&#038;p=9713"},"modified":"2026-04-23T10:58:43","modified_gmt":"2026-04-23T07:58:43","slug":"lgd-lengvas-ginklo-dirzas","status":"publish","type":"product","link":"https:\/\/matuza-tactical.lt\/en\/parduotuve\/lgd-lengvas-ginklo-dirzas\/","title":{"rendered":"LGD &#8211; Lengvas ginklo dir\u017eas"},"content":{"rendered":"<p>LGD &#8211; lengvas ginklo dir\u017eas yra universalus, paprastas ir patikimas sprendimas patogiam ginklo ne\u0161iojimui. Ant ginklo dir\u017eas tvirtinamas <em>paracord\u2018o <\/em>kilpomis arba karabinais, per kuriuos veriasi 2,5 cm dir\u017eelis.<br \/>\nGinklo dir\u017eo ilgis reguliuojamas 3 vietose: galiniais dir\u017eeliais montuojant,\u00a0 pagrindinis dir\u017eas ir greito reguliavimo dalis. Dir\u017eas turi pamink\u0161tint\u0105 peties srit\u012f.<\/p>\n<p>LGD\u00a0 pasi\u016btas i\u0161 tvirto 500D CORDURA\u00ae audinio ir i\u0161 trin\u010diai atsparaus poliamidinio dir\u017eo. Visi plastikiniai dir\u017eo elementai pagaminti ital\u0173 kompanijos 2M\u00ae. Spalva \u017ealia (RAL7013), kuri yra analogi\u0161ka Lietuvos kariuomen\u0117s i\u0161duodamos ekipuot\u0117s spalvai, dar \u017einoma kaip <em>Stone Grey Olive<\/em>\u00a0arba europieti\u0161ka\u00a0<em>Ranger Green.<\/em><\/p>\n<p><strong>GAMINIO SPECIFIKACIJA<\/strong><\/p>\n<ul>\n<li>Audinys 500D CORDURA\u00ae.<\/li>\n<li>Trin\u010diai atsparaus poliamidinis dir\u017eas.<\/li>\n<li>Visi plastikiniai dir\u017eo elementai &#8211; 2M\u00ae (Italija).<\/li>\n<li>Dir\u017eo svoris 95 g.<\/li>\n<li>Audinio spalva \u017ealia (RAL7013). \u0160i spalva yra analogi\u0161ka Lietuvos kariuomen\u0117s i\u0161duodamos ekipuot\u0117s spalvai, dar \u017einoma kaip\u00a0<em>Stone Grey Olive<\/em>\u00a0arba europieti\u0161ka\u00a0<em>Ranger Green.\u00a0<\/em><\/li>\n<li>Dir\u017eo ilgio reguliavimas 3 vietose.<\/li>\n<li>Peties sritis pamink\u0161tinta 5 mm u\u017edar\u0173 put\u0173 polietilenu.<\/li>\n<li>Prie ginklo dir\u017e\u0105 galima tvirtinti <em>paracord\u2018o <\/em>kilpomis. 2 vnt. 35 cm ilgio virv\u0117s gabaliukai yra prie dir\u017eo komplekto. Taip pat karabinais, per kuriuos veriasi 2,5 cm dir\u017eelis (reikia u\u017esisakyti atskirai).<\/li>\n<li>Tylus veikimas.<\/li>\n<li>Dir\u017eas pasi\u016btas i\u0161 IRR padengim\u0105 turin\u010di\u0173 med\u017eiag\u0173.<\/li>\n<\/ul>\n<p><a href=\"https:\/\/www.youtube.com\/watch?v=Hu10ENaVHnk&amp;t=260s\">LGD &#8211; Lengvas ginklo dir\u017eas YouTube ap\u017evalga<\/a><\/p>\n<p><a href=\"https:\/\/matuza-tactical.lt\/en\/product-category\/taktiniai_dirzai\/\">Kiti Matuza Tactical gaminiai\u00a0<\/a><\/p>\n<p>&nbsp;<\/p>\n<p>&nbsp;<\/p>\n<p>&nbsp;<\/p>\n<p>&nbsp;<\/p>\n<p>&nbsp;<\/p>\n<p>&nbsp;<\/p>\n<p>&nbsp;<\/p>\n<p>&nbsp;<\/p>\n<p>&nbsp;<\/p>\n<p>&nbsp;<\/p>\n<p>&nbsp;<\/p>\n<p>&nbsp;<\/p>\n<p>&nbsp;<\/p>\n<p>&nbsp;<\/p>\n<p>&nbsp;<\/p>\n<p>&nbsp;<\/p>\n<p>&nbsp;<\/p>\n<p>&nbsp;<\/p>\n<div class=\"btn-bubble-icon\"><\/div>","protected":false},"excerpt":{"rendered":"<p>LGD &#8211; lengvas ginklo dir\u017eas yra universalus, paprastas ir patikimas sprendimas patogiam ginklo ne\u0161iojimui. Ant ginklo dir\u017eas tvirtinamas <em>paracord\u2018o <\/em>kilpomis arba karabinais, per kuriuos veriasi 2,5 cm dir\u017eelis.<\/p>","protected":false},"featured_media":10050,"template":"","meta":{"_exactmetrics_skip_tracking":false,"_exactmetrics_sitenote_active":false,"_exactmetrics_sitenote_note":"","_exactmetrics_sitenote_category":0},"product_cat":[138,136],"product_tag":[],"class_list":{"0":"post-9713","1":"product","2":"type-product","3":"status-publish","4":"has-post-thumbnail","6":"product_cat-ginklu-dirzai","7":"product_cat-nauji-gaminiai","9":"first","10":"instock","11":"featured","12":"taxable","13":"shipping-taxable","14":"purchasable","15":"product-type-simple","16":"wpzoom-wc-spi-has-enabled"},"aioseo_notices":[],"jetpack_sharing_enabled":true,"_links":{"self":[{"href":"https:\/\/matuza-tactical.lt\/en\/wp-json\/wp\/v2\/product\/9713","targetHints":{"allow":["GET"]}}],"collection":[{"href":"https:\/\/matuza-tactical.lt\/en\/wp-json\/wp\/v2\/product"}],"about":[{"href":"https:\/\/matuza-tactical.lt\/en\/wp-json\/wp\/v2\/types\/product"}],"wp:featuredmedia":[{"embeddable":true,"href":"https:\/\/matuza-tactical.lt\/en\/wp-json\/wp\/v2\/media\/10050"}],"wp:attachment":[{"href":"https:\/\/matuza-tactical.lt\/en\/wp-json\/wp\/v2\/media?parent=9713"}],"wp:term":[{"taxonomy":"product_cat","embeddable":true,"href":"https:\/\/matuza-tactical.lt\/en\/wp-json\/wp\/v2\/product_cat?post=9713"},{"taxonomy":"product_tag","embeddable":true,"href":"https:\/\/matuza-tactical.lt\/en\/wp-json\/wp\/v2\/product_tag?post=9713"}],"curies":[{"name":"wp","href":"https:\/\/api.w.org\/{rel}","templated":true}]}}