{"id":9158,"date":"2025-10-29T19:25:10","date_gmt":"2025-10-29T17:25:10","guid":{"rendered":"https:\/\/matuza-tactical.lt\/?post_type=product&#038;p=9158"},"modified":"2026-02-11T10:05:27","modified_gmt":"2026-02-11T08:05:27","slug":"kabikas-multicam","status":"publish","type":"product","link":"https:\/\/matuza-tactical.lt\/en\/parduotuve\/kabikas-multicam\/","title":{"rendered":"Kabikas MultiCam\u00ae"},"content":{"rendered":"<p>Kabikas MultiCam\u00ae D\u0117klas skirtas smulkiam inventoriui ne\u0161ioti. Tvirtas ir funkcionalus d\u0117klas smulkiam inventoriui ne\u0161ioti po \u0161arvin\u0117s liemen\u0117s antvo\u017eu. \u0160is kabikas MultiCam pagamintas i\u0161 500D CORDURA\u00ae audinio ir sukurtas taip, kad suteikt\u0173 greit\u0105 prieig\u0105 prie b\u016btiniausi\u0173 daikt\u0173 lauko s\u0105lygomis.<\/p>\n<p><strong>SAVYB\u0116S<\/strong><\/p>\n<ul>\n<li>Klijuojamas po \u0161arvin\u0117s liemen\u0117s priekiniu antvo\u017eu.<\/li>\n<li>Audinys 500D CORDURA\u00ae.<\/li>\n<li>Audinio spalva MultiCam\u00ae.<\/li>\n<li>Matmenys 18 x 13,5 x 8,5 cm.<\/li>\n<li><strong>Priekyje<\/strong>:<\/li>\n<li>U\u017etrauktuku u\u017esegama ki\u0161en\u0117 atmintin\u0117ms ar kitiems daiktams ne\u0161ioti.<\/li>\n<\/ul>\n<p>&nbsp;<\/p>\n<p><strong>Pagrindiniame skyriuje<\/strong>:<\/p>\n<ul>\n<li style=\"list-style-type: none;\">\n<ul>\n<li>2 kilpos inventoriui priri\u0161ti.<\/li>\n<li>Ki\u0161en\u0117 ant priekin\u0117s pertvaros, kurioje telpa 4 x 6 coli\u0173 dyd\u017eio (didel\u0117) \u201eRite in the Rain\u201c tipo u\u017era\u0161\u0173 knygut\u0117 arba \u017eem\u0117lapis.<\/li>\n<li>Gumin\u0117s kilpos prisi\u016btos per vis\u0105 priekin\u0117s vidin\u0117s ki\u0161en\u0117s ilg\u012f. Kra\u0161tuose po vien\u0105 didel\u0119 (pro\u017eektoriui arba pistoleto d\u0117tuvei), centrin\u0117je dalyje &#8211; ma\u017eos (ra\u0161ymo priemon\u0117ms).<\/li>\n<li>U\u017etrauktuku u\u017esegama ki\u0161en\u0117 galin\u0117je sienoje smulkiam inventoriui (baterijoms ir pan.) ne\u0161ioti.<\/li>\n<li>Dvi ki\u0161en\u0117l\u0117s ant galin\u0117s sienos, kuriose telpa kompaso dyd\u017eio daiktai<\/li>\n<li>D\u0117klo \u0161onuose yra kilpos, ant kuri\u0173 galima kabinti pir\u0161tines ar kitus smulkius daiktus.<\/li>\n<li>D\u0117klo apa\u010dioje yra dvi drena\u017eo skylut\u0117s.<\/li>\n<li>Kabiko lie\u017euvis i\u0161 vienos pus\u0117s yra padengtas mink\u0161ta (kailiuku), o i\u0161 kitos &#8211; kieta kontaktine juosta (kabliukais), kuri leid\u017eia j\u012f tvirtinti po \u0161arvin\u0117s liemen\u0117s antvo\u017eu. Lie\u017euvis prikabintas prie kilp\u0173, tod\u0117l galima keisti jo puses pagal poreik\u012f.<\/li>\n<\/ul>\n<\/li>\n<\/ul>\n<p><a href=\"https:\/\/matuza-tactical.lt\/en\/product-category\/adminai\/\">\u00a0 \u00a0 \u00a0 \u00a0 \u00a0 \u00a0Admin Pouches<\/a><br \/>\n<a href=\"https:\/\/www.youtube.com\/@matuzatactical\">\u00a0 \u00a0 \u00a0 \u00a0 \u00a0 \u00a0Matuza Tactical youtube kanalas.<\/a><\/p>","protected":false},"excerpt":{"rendered":"<p>D\u0117klas skirtas smulkiam inventoriui ne\u0161ioti.Tvirtas MultiCam\u00ae kabikas i\u0161 500D CORDURA\u00ae. Skirtas smulkiam inventoriui ne\u0161ioti po \u0161arvin\u0117s liemen\u0117s priekiniu antvo\u017eu. Daug vidini\u0173 ki\u0161eni\u0173, gumin\u0117s kilpos, drena\u017eo skyl\u0117s.<\/p>","protected":false},"featured_media":9155,"template":"","meta":{"_exactmetrics_skip_tracking":false,"_exactmetrics_sitenote_active":false,"_exactmetrics_sitenote_note":"","_exactmetrics_sitenote_category":0},"product_cat":[132],"product_tag":[116],"class_list":{"0":"post-9158","1":"product","2":"type-product","3":"status-publish","4":"has-post-thumbnail","6":"product_cat-multicam","7":"product_tag-multicam","9":"first","10":"onbackorder","11":"taxable","12":"shipping-taxable","13":"purchasable","14":"product-type-simple","15":"wpzoom-wc-spi-has-enabled"},"aioseo_notices":[],"jetpack_sharing_enabled":true,"_links":{"self":[{"href":"https:\/\/matuza-tactical.lt\/en\/wp-json\/wp\/v2\/product\/9158","targetHints":{"allow":["GET"]}}],"collection":[{"href":"https:\/\/matuza-tactical.lt\/en\/wp-json\/wp\/v2\/product"}],"about":[{"href":"https:\/\/matuza-tactical.lt\/en\/wp-json\/wp\/v2\/types\/product"}],"wp:featuredmedia":[{"embeddable":true,"href":"https:\/\/matuza-tactical.lt\/en\/wp-json\/wp\/v2\/media\/9155"}],"wp:attachment":[{"href":"https:\/\/matuza-tactical.lt\/en\/wp-json\/wp\/v2\/media?parent=9158"}],"wp:term":[{"taxonomy":"product_cat","embeddable":true,"href":"https:\/\/matuza-tactical.lt\/en\/wp-json\/wp\/v2\/product_cat?post=9158"},{"taxonomy":"product_tag","embeddable":true,"href":"https:\/\/matuza-tactical.lt\/en\/wp-json\/wp\/v2\/product_tag?post=9158"}],"curies":[{"name":"wp","href":"https:\/\/api.w.org\/{rel}","templated":true}]}}