{"id":8986,"date":"2025-10-21T16:55:45","date_gmt":"2025-10-21T13:55:45","guid":{"rendered":"https:\/\/matuza-tactical.lt\/?post_type=product&#038;p=8986"},"modified":"2026-03-29T08:47:23","modified_gmt":"2026-03-29T05:47:23","slug":"komforto-paketas-m81-woodland","status":"publish","type":"product","link":"https:\/\/matuza-tactical.lt\/en\/parduotuve\/komforto-paketas-m81-woodland\/","title":{"rendered":"Komforto paketas M81 Woodland"},"content":{"rendered":"<p><strong>PASKIRTIS<\/strong><br \/>\nPrilipdomi pamink\u0161tinimai minimalistinio dizaino \u0161arvin\u0117ms liemen\u0117ms. Padidina liemen\u0117s patogum\u0105 ir oro pralaidum\u0105 tarp liemen\u0117s ir k\u016bno.<\/p>\n<p>Komforto paketas sukurtas m\u016bs\u0173 gamybos B9 Mod.1.1 liemenei pamink\u0161tinti, bet tuo pa\u010diu turi tikti ir kitoms liemen\u0117ms, kuri\u0173 pe\u010di\u0173 plotis yra 5 cm, o ant korpuso vidin\u0117s dalies turi prisi\u016bt\u0105 mink\u0161t\u0105 kontaktin\u0119 juost\u0105.<\/p>\n<p><strong>SAVYB\u0116S<\/strong><\/p>\n<ul>\n<li>Komplekt\u0105 sudaro pamink\u0161tinimai \u0161arvin\u0117s liemen\u0117s pe\u010diams ir korpusui.<\/li>\n<li>Pamink\u0161tinim\u0173 pe\u010diams vir\u0161utin\u0117 dalis yra pasi\u016bti i\u0161 tvirto 500D CORDURA\u00ae audinio.<\/li>\n<li>Audinio spalva\u00a0 \u2013 M81 Woodland.<\/li>\n<li>Prie vir\u0161utin\u0117s dalies prisi\u016bti pamink\u0161tinimai, kurie sudaryti i\u0161 5 mm u\u017edar\u0173 put\u0173 polietileno, neturin\u010dio &#8222;atminties&#8221; efekto, apsi\u016bto oro pralaidum\u0105 u\u017etikrinan\u010diu 3D tinkleliu.<\/li>\n<li>Korpuso pamink\u0161tinimai pasi\u016bti i\u0161 5 mm u\u017edar\u0173 put\u0173 polietileno, neturin\u010dio &#8222;atminties&#8221; efekto, apsi\u016bto oro pralaidum\u0105 u\u017etikrinan\u010diu 3D tinkleliu. I\u0161 vienos pus\u0117s prisi\u016bta kieta kontaktin\u0117 juosta lipinimui prie liemen\u0117s.<\/li>\n<\/ul>","protected":false},"excerpt":{"rendered":"<div class=\"ihx95mk1 fwlpnqze r5g9zsuq b0eko5f3 q46jt4gp ta68dy8c kpwa50dg m0cukt09 h8391g91 r3h50k6m\">Prilipdomi pamink\u0161tinimai minimalistinio dizaino \u0161arvin\u0117ms liemen\u0117ms. Padidina liemen\u0117s patogum\u0105 ir oro pralaidum\u0105 tarp liemen\u0117s ir k\u016bno.<\/div>","protected":false},"featured_media":9090,"template":"","meta":{"_exactmetrics_skip_tracking":false,"_exactmetrics_sitenote_active":false,"_exactmetrics_sitenote_note":"","_exactmetrics_sitenote_category":0},"product_cat":[133],"product_tag":[131],"class_list":{"0":"post-8986","1":"product","2":"type-product","3":"status-publish","4":"has-post-thumbnail","6":"product_cat-m81woodland","7":"product_tag-m81-woodland","9":"first","10":"onbackorder","11":"taxable","12":"shipping-taxable","13":"purchasable","14":"product-type-variable","15":"wpzoom-wc-spi-has-enabled"},"aioseo_notices":[],"jetpack_sharing_enabled":true,"_links":{"self":[{"href":"https:\/\/matuza-tactical.lt\/en\/wp-json\/wp\/v2\/product\/8986","targetHints":{"allow":["GET"]}}],"collection":[{"href":"https:\/\/matuza-tactical.lt\/en\/wp-json\/wp\/v2\/product"}],"about":[{"href":"https:\/\/matuza-tactical.lt\/en\/wp-json\/wp\/v2\/types\/product"}],"wp:featuredmedia":[{"embeddable":true,"href":"https:\/\/matuza-tactical.lt\/en\/wp-json\/wp\/v2\/media\/9090"}],"wp:attachment":[{"href":"https:\/\/matuza-tactical.lt\/en\/wp-json\/wp\/v2\/media?parent=8986"}],"wp:term":[{"taxonomy":"product_cat","embeddable":true,"href":"https:\/\/matuza-tactical.lt\/en\/wp-json\/wp\/v2\/product_cat?post=8986"},{"taxonomy":"product_tag","embeddable":true,"href":"https:\/\/matuza-tactical.lt\/en\/wp-json\/wp\/v2\/product_tag?post=8986"}],"curies":[{"name":"wp","href":"https:\/\/api.w.org\/{rel}","templated":true}]}}