{"id":8936,"date":"2025-10-21T16:26:22","date_gmt":"2025-10-21T13:26:22","guid":{"rendered":"https:\/\/matuza-tactical.lt\/?post_type=product&#038;p=8936"},"modified":"2026-01-28T14:23:38","modified_gmt":"2026-01-28T12:23:38","slug":"b9-mod-1-1-multicam","status":"publish","type":"product","link":"https:\/\/matuza-tactical.lt\/en\/parduotuve\/b9-mod-1-1-multicam\/","title":{"rendered":"B9 Mod.1.1 MultiCam\u00ae"},"content":{"rendered":"<p><strong>Paskirtis<\/strong><\/p>\n<p>\u0160arvini\u0173 plok\u0161\u010di\u0173 liemen\u0117.<\/p>\n<p><strong>Savyb\u0117s<\/strong><\/p>\n<ul>\n<li>Liemen\u0117 yra pasi\u016bta i\u0161 tvirto 500D CORDURA\u00ae audinio, prie kurio prisi\u016bta PALS\/MOLLE dir\u017eeli\u0173 tvirtinimo sistema.<\/li>\n<li>Audinio spalva MultiCam\u00ae.<\/li>\n<li>Liemen\u0117s priekin\u0117je ir galin\u0117je dalyse telpa vis\u0173 tip\u0173 ir form\u0173 25 x 30 cm (10 x 12&#8243;) plok\u0161t\u0117s.<\/li>\n<li>\u0160onin\u0117s plok\u0161t\u0117s gali b\u016bti kabinamos i\u0161 vidaus, atskirai \u012fsigytuose d\u0117kluose.<\/li>\n<li>Liemen\u0117s priekin\u0117 ir galin\u0117 dalys yra padengtos Molle\/PALS ekipuot\u0117s d\u0117kl\u0173 tvirtinimo dir\u017eeliais. 6 stulpeliai ir 6 eilut\u0117s.<\/li>\n<li>Kr\u016btin\u0117s srityje yra 7,5 x 16 cm laukas apsi\u016btas mink\u0161ta kontaktine juosta skiriamiesiems \u017eenklams ir kitiems antsiuvams klijuoti.<\/li>\n<li>Priekin\u0117s ir galin\u0117s dali\u0173 vidin\u0117se pus\u0117se yra \u012fsi\u016btas trin\u010diai atsparus tamprus audinys, kurio d\u0117ka plok\u0161t\u0117s mai\u0161as kiek reikia i\u0161sitempia netgi dedant storas <em>Standalone<\/em> tipo plok\u0161tes.<\/li>\n<li>Plok\u0161t\u0117s \u012fki\u0161amos i\u0161 apa\u010dios ir fiksuojamos su kontaktine juosta \u012fklijuojamu lie\u017euviu.<\/li>\n<li>D\u0117l reguliuojamo pe\u010di\u0173 ilgio u\u017etikrinama tinkama \u0161arvini\u0173 plok\u0161\u010di\u0173 pad\u0117tis ant k\u016bno.<\/li>\n<li>Liemen\u0117s \u0161onai yra 4 dyd\u017ei\u0173 (S-XL), tod\u0117l liemen\u0119 galima prisitaikyti \u012fvairaus sud\u0117jimo ne\u0161iotojams.<\/li>\n<li>\u0160onai yra elastingi ir skeletonizuoti, tod\u0117l u\u017etikrina ger\u0105 ventiliacij\u0105 ir ne\u0161iojimo komfort\u0105.<\/li>\n<li>D\u0117l sudvigubint\u0173 dir\u017eeli\u0173 konstrukcijos d\u0117klus ir \u0161onines plok\u0161tes galima kabinti tiek i\u0161 vidin\u0117s, tiek i\u0161 i\u0161orin\u0117s \u0161on\u0173 pus\u0117s.<\/li>\n<li>\u0160onai priekyje ir gale fiksuojami po kontaktine juosta prilipdomu antvo\u017eu. Galin\u0117je dalyje galima reguliuoti j\u0173 ilg\u012f.<\/li>\n<li>Greito atsegimo sistem\u0105 sudaro greito atsegimo sagtys \u0161onuose ir greito nupl\u0117\u0161imo pe\u010di\u0173 konstrukcija.<\/li>\n<\/ul>\n<p><a href=\"https:\/\/www.youtube.com\/@matuzatactical\"><br \/>\n<\/a><a href=\"https:\/\/matuza-tactical.lt\/en\/product-category\/sarvines-liemenes\/\">\u00a0 \u00a0 \u00a0 \u00a0 \u00a0 \u00a0 Plate Carriers and Accessories<\/a><br \/>\n<a href=\"https:\/\/www.youtube.com\/@matuzatactical\">\u00a0 \u00a0 \u00a0 \u00a0 \u00a0 \u00a0 Matuza Tactical youtube kanalas<\/a><br \/>\n<a href=\"https:\/\/matuza-tactical.lt\/en\/product-category\/sarvines-liemenes\/\"> \u00a0<\/a><\/p>\n<p>&nbsp;<\/p>\n<p>&nbsp;<\/p>","protected":false},"excerpt":{"rendered":"<div class=\"ihx95mk1 fwlpnqze r5g9zsuq b0eko5f3 q46jt4gp ta68dy8c kpwa50dg m0cukt09 h8391g91 r3h50k6m\">Modulin\u0117 \u0161arvini\u0173 plok\u0161\u010di\u0173 liemen\u0117 standartin\u0117ms 25 x 30 cm \u012fvairi\u0173 form\u0173 plok\u0161t\u0117ms.<\/div>\n<p>&nbsp;<\/p>","protected":false},"featured_media":9067,"template":"","meta":{"_exactmetrics_skip_tracking":false,"_exactmetrics_sitenote_active":false,"_exactmetrics_sitenote_note":"","_exactmetrics_sitenote_category":0},"product_cat":[132,136],"product_tag":[116],"class_list":{"0":"post-8936","1":"product","2":"type-product","3":"status-publish","4":"has-post-thumbnail","6":"product_cat-multicam","7":"product_cat-nauji-gaminiai","8":"product_tag-multicam","10":"first","11":"onbackorder","12":"taxable","13":"shipping-taxable","14":"purchasable","15":"product-type-variable","16":"wpzoom-wc-spi-has-enabled"},"aioseo_notices":[],"jetpack_sharing_enabled":true,"_links":{"self":[{"href":"https:\/\/matuza-tactical.lt\/en\/wp-json\/wp\/v2\/product\/8936","targetHints":{"allow":["GET"]}}],"collection":[{"href":"https:\/\/matuza-tactical.lt\/en\/wp-json\/wp\/v2\/product"}],"about":[{"href":"https:\/\/matuza-tactical.lt\/en\/wp-json\/wp\/v2\/types\/product"}],"wp:featuredmedia":[{"embeddable":true,"href":"https:\/\/matuza-tactical.lt\/en\/wp-json\/wp\/v2\/media\/9067"}],"wp:attachment":[{"href":"https:\/\/matuza-tactical.lt\/en\/wp-json\/wp\/v2\/media?parent=8936"}],"wp:term":[{"taxonomy":"product_cat","embeddable":true,"href":"https:\/\/matuza-tactical.lt\/en\/wp-json\/wp\/v2\/product_cat?post=8936"},{"taxonomy":"product_tag","embeddable":true,"href":"https:\/\/matuza-tactical.lt\/en\/wp-json\/wp\/v2\/product_tag?post=8936"}],"curies":[{"name":"wp","href":"https:\/\/api.w.org\/{rel}","templated":true}]}}