{"id":8714,"date":"2025-10-09T20:46:13","date_gmt":"2025-10-09T17:46:13","guid":{"rendered":"https:\/\/matuza-tactical.lt\/?post_type=product&#038;p=8714"},"modified":"2026-04-02T17:13:46","modified_gmt":"2026-04-02T14:13:46","slug":"vbp24sm81","status":"publish","type":"product","link":"https:\/\/matuza-tactical.lt\/en\/parduotuve\/vbp24sm81\/","title":{"rendered":"Medium Utility Pouch Mod.2.4S M81 Woodland"},"content":{"rendered":"<p><strong>PASKIRTIS<\/strong><\/p>\n<p>Vidutinis bendros paskirties d\u0117klas Mod. 2.4 (Standartinis) yra skirtas ma\u017eiems ir vidutinio dyd\u017eio daiktams susid\u0117ti. \u012e j\u012f galima d\u0117ti naktinio matymo prietaisus, atstumo matuoklius, u\u017era\u0161\u0173 knygeles ir kt. D\u0117kl\u0105 tinka montuoti ant taktini\u0173 dir\u017e\u0173, \u0161arvini\u0173 liemeni\u0173 ar kit\u0173 ekipuot\u0117s element\u0173 su PALS\/MOLLE sistema.<\/p>\n<p><strong>SAVYB\u0116S<\/strong><\/p>\n<ul>\n<li>Audinys CORDURA\u00ae 500D.<\/li>\n<li>Audinio spalva M81 Woodland.<\/li>\n<li>Matmenys 16 <span class=\"d2edcug0 hpfvmrgz qv66sw1b c1et5uql rrkovp55 a8c37x1j keod5gw0 nxhoafnm aigsh9s9 d3f4x2em fe6kdd0r mau55g9w c8b282yb iv3no6db jq4qci2q a3bd9o3v knj5qynh oo9gr5id\" dir=\"auto\">x 16 x 10 cm.\u00a0<\/span><\/li>\n<li>Svoris 120 g.<\/li>\n<li>\u0160onuose prisi\u016btos PALS\/MOLLE juostel\u0117s (2 stulpeliai x 2 eilut\u0117s).<\/li>\n<li>Prie ekipuot\u0117s tvirtinamas PALS\/MOLLE sistema (4 stulpeliai x 3 eilut\u0117s).<\/li>\n<li>Du atskiri skyriai.<\/li>\n<li>Skyriai u\u017esegami dr\u0117gmei atspariais u\u017etrauktukais.<\/li>\n<li>Pagrindiniame skyriuje\u00a0nugarin\u0117 dalis padengta mink\u0161ta kontaktine juosta, skirta\u00a0papildomiems laikikliams tvirtinti.<\/li>\n<li>Skyriuose yra po dvi kilpas daiktams ri\u0161ti.<\/li>\n<li>Apa\u010dioje \u2013 dvi drena\u017eo angos.<\/li>\n<li>D\u0117klas pasi\u016btas i\u0161 IRR padengim\u0105 turin\u010di\u0173 med\u017eiag\u0173.<\/li>\n<\/ul>\n<p>&nbsp;<\/p>","protected":false},"excerpt":{"rendered":"<p>Vidutinis bendros paskirties d\u0117klas Mod. 2.4 (Standartinis), skirtas ma\u017eiems ir vidutinio dyd\u017eio daiktams susid\u0117ti.<\/p>","protected":false},"featured_media":8794,"template":"","meta":{"_exactmetrics_skip_tracking":false,"_exactmetrics_sitenote_active":false,"_exactmetrics_sitenote_note":"","_exactmetrics_sitenote_category":0},"product_cat":[133],"product_tag":[131],"class_list":{"0":"post-8714","1":"product","2":"type-product","3":"status-publish","4":"has-post-thumbnail","6":"product_cat-m81woodland","7":"product_tag-m81-woodland","9":"first","10":"onbackorder","11":"taxable","12":"shipping-taxable","13":"purchasable","14":"product-type-simple","15":"wpzoom-wc-spi-has-enabled"},"aioseo_notices":[],"jetpack_sharing_enabled":true,"_links":{"self":[{"href":"https:\/\/matuza-tactical.lt\/en\/wp-json\/wp\/v2\/product\/8714","targetHints":{"allow":["GET"]}}],"collection":[{"href":"https:\/\/matuza-tactical.lt\/en\/wp-json\/wp\/v2\/product"}],"about":[{"href":"https:\/\/matuza-tactical.lt\/en\/wp-json\/wp\/v2\/types\/product"}],"wp:featuredmedia":[{"embeddable":true,"href":"https:\/\/matuza-tactical.lt\/en\/wp-json\/wp\/v2\/media\/8794"}],"wp:attachment":[{"href":"https:\/\/matuza-tactical.lt\/en\/wp-json\/wp\/v2\/media?parent=8714"}],"wp:term":[{"taxonomy":"product_cat","embeddable":true,"href":"https:\/\/matuza-tactical.lt\/en\/wp-json\/wp\/v2\/product_cat?post=8714"},{"taxonomy":"product_tag","embeddable":true,"href":"https:\/\/matuza-tactical.lt\/en\/wp-json\/wp\/v2\/product_tag?post=8714"}],"curies":[{"name":"wp","href":"https:\/\/api.w.org\/{rel}","templated":true}]}}