{"id":8644,"date":"2025-10-09T16:30:27","date_gmt":"2025-10-09T13:30:27","guid":{"rendered":"https:\/\/matuza-tactical.lt\/?post_type=product&#038;p=8644"},"modified":"2026-04-25T18:56:24","modified_gmt":"2026-04-25T15:56:24","slug":"vbp14p","status":"publish","type":"product","link":"https:\/\/matuza-tactical.lt\/en\/parduotuve\/vbp14p\/","title":{"rendered":"Medium Utility Pouch Mod.2.4P"},"content":{"rendered":"<p><strong>PASKIRTIS<\/strong><\/p>\n<p>Vidutinis bendros paskirties d\u0117klas Mod. 1.4 (Plonas) yra skirtas ma\u017eiems ir vidutinio dyd\u017eio daiktams susid\u0117ti. \u012e j\u012f galima d\u0117ti ra\u0161ymo priemon\u0117s, u\u017era\u0161\u0173 knygutes, kompas\u0105 ir kt. D\u0117kl\u0105 tinka montuoti ant taktini\u0173 dir\u017e\u0173, \u0161arvini\u0173 liemeni\u0173 ar kit\u0173 ekipuot\u0117s element\u0173 su PALS\/MOLLE sistema.<\/p>\n<p><strong>SAVYB\u0116S<\/strong><\/p>\n<ul>\n<li>Audinys CORDURA\u00ae 500D.<\/li>\n<li>Audinio spalvos kodas \u2013 RAL7013. \u0160i spalva yra analogi\u0161ka Lietuvos kariuomen\u0117s i\u0161duodamos ekipuot\u0117s spalvai, dar \u017einoma kaip <em>Stone Grey Olive<\/em> arba europieti\u0161ka <em>Ranger Green.\u00a0<\/em>Taip pat galimos M81 Woodland, MultiCam\u00ae Tropic, MultiCam\u00ae, juoda versijos.<\/li>\n<li>Matmenys 16 <span class=\"d2edcug0 hpfvmrgz qv66sw1b c1et5uql rrkovp55 a8c37x1j keod5gw0 nxhoafnm aigsh9s9 d3f4x2em fe6kdd0r mau55g9w c8b282yb iv3no6db jq4qci2q a3bd9o3v knj5qynh oo9gr5id\" dir=\"auto\">x 16 x 4 cm.\u00a0<\/span><\/li>\n<li>Svoris 112 g.<\/li>\n<li>\u0160onuose prisi\u016btos PALS\/MOLLE juostel\u0117s (1 stulpelis x 2 eilut\u0117s).<\/li>\n<li>Prie ekipuot\u0117s tvirtinamas PALS\/MOLLE sistema (4 stulpeliai x 3 eilut\u0117s).<\/li>\n<li>Du atskiri skyriai.<\/li>\n<li>Skyriai u\u017esegami dr\u0117gmei atspariais u\u017etrauktukais.<\/li>\n<li>Pagrindiniame skyriuje\u00a0nugarin\u0117 dalis padengta mink\u0161ta kontaktine juosta, skirta\u00a0papildomiems laikikliams tvirtinti.<\/li>\n<li>Viduje yra dvi kilpos daiktams ri\u0161ti.<\/li>\n<li>Apa\u010dioje \u2013 dvi drena\u017eo angos.<\/li>\n<li>D\u0117klas pasi\u016btas i\u0161 IRR padengim\u0105 turin\u010di\u0173 med\u017eiag\u0173 (i\u0161skyrus juod\u0105 versij\u0105).<\/li>\n<\/ul>\n<p>&nbsp;<\/p>","protected":false},"excerpt":{"rendered":"<p>Vidutinis bendros paskirties d\u0117klas Mod. 1.4 (Plonas), skirtas ma\u017eiems ir vidutinio dyd\u017eio daiktams susid\u0117ti.<\/p>","protected":false},"featured_media":8781,"template":"","meta":{"_exactmetrics_skip_tracking":false,"_exactmetrics_sitenote_active":false,"_exactmetrics_sitenote_note":"","_exactmetrics_sitenote_category":0},"product_cat":[64],"product_tag":[47,131,116,122,46],"class_list":{"0":"post-8644","1":"product","2":"type-product","3":"status-publish","4":"has-post-thumbnail","6":"product_cat-bendros-paskirties-deklai","7":"product_tag-juoda","8":"product_tag-m81-woodland","9":"product_tag-multicam","10":"product_tag-multicam-tropic","11":"product_tag-zalia_ral7013","13":"first","14":"instock","15":"taxable","16":"shipping-taxable","17":"purchasable","18":"product-type-variable","19":"wpzoom-wc-spi-has-enabled"},"aioseo_notices":[],"jetpack_sharing_enabled":true,"_links":{"self":[{"href":"https:\/\/matuza-tactical.lt\/en\/wp-json\/wp\/v2\/product\/8644","targetHints":{"allow":["GET"]}}],"collection":[{"href":"https:\/\/matuza-tactical.lt\/en\/wp-json\/wp\/v2\/product"}],"about":[{"href":"https:\/\/matuza-tactical.lt\/en\/wp-json\/wp\/v2\/types\/product"}],"wp:featuredmedia":[{"embeddable":true,"href":"https:\/\/matuza-tactical.lt\/en\/wp-json\/wp\/v2\/media\/8781"}],"wp:attachment":[{"href":"https:\/\/matuza-tactical.lt\/en\/wp-json\/wp\/v2\/media?parent=8644"}],"wp:term":[{"taxonomy":"product_cat","embeddable":true,"href":"https:\/\/matuza-tactical.lt\/en\/wp-json\/wp\/v2\/product_cat?post=8644"},{"taxonomy":"product_tag","embeddable":true,"href":"https:\/\/matuza-tactical.lt\/en\/wp-json\/wp\/v2\/product_tag?post=8644"}],"curies":[{"name":"wp","href":"https:\/\/api.w.org\/{rel}","templated":true}]}}