{"id":8610,"date":"2025-10-05T12:55:51","date_gmt":"2025-10-05T09:55:51","guid":{"rendered":"https:\/\/matuza-tactical.lt\/?post_type=product&#038;p=8610"},"modified":"2025-10-05T19:09:09","modified_gmt":"2025-10-05T16:09:09","slug":"elastines-virvutes-kilpa-su-fiksatoriumi","status":"publish","type":"product","link":"https:\/\/matuza-tactical.lt\/en\/parduotuve\/elastines-virvutes-kilpa-su-fiksatoriumi\/","title":{"rendered":"Elastin\u0117s virvut\u0117s kilpa su fiksatoriumi"},"content":{"rendered":"<div id=\"u_0_y\">\n<div class=\"fwlpnqze r5g9zsuq b0eko5f3 q46jt4gp\">Paprastas ir naudingas aksesuaras, galima perverti per drena\u017eo angas ir tvirtinti turniket\u0105.<\/div>\n<\/div>\n<div><\/div>\n<div id=\"u_0_y\">\n<div class=\"fwlpnqze r5g9zsuq b0eko5f3 q46jt4gp\">\n<div class=\"ihx95mk1 fwlpnqze r5g9zsuq b0eko5f3 q46jt4gp ta68dy8c kpwa50dg m0cukt09 h8391g91 r3h50k6m\"><strong>SAVYB\u0116S<\/strong><\/div>\n<ul>\n<li>Elastine virvute galima perverti per \u012fvairaus tipo d\u0117klus ar administratorius kuriuose yra drena\u017eo angos.<\/li>\n<li>Virvutes ilgis 8 cm.<\/li>\n<li>Virvutes ilgio reguliavimas i\u0161 vienos pus\u0117s.<\/li>\n<li>Spalvos: RAL7013.<\/li>\n<\/ul>\n<\/div>\n<\/div>\n<div class=\"_2rd3\">\n<div class=\"_37uu _sa_ _s_6 _3-8r _2pim\">\n<div>\n<div class=\"_57w\">\n<div class=\"_3399 _1f6t _4_dr _20h5\">\n<div class=\"_524d\">\n<div class=\"_ipn clearfix _-5d\"><\/div>\n<\/div>\n<\/div>\n<\/div>\n<\/div>\n<\/div>\n<\/div>","protected":false},"excerpt":{"rendered":"<p>Paprastas ir naudingas aksesuaras, galima perverti per drena\u017eo angas ir tvirtinti turniket\u0105.<\/p>","protected":false},"featured_media":8613,"template":"","meta":{"_exactmetrics_skip_tracking":false,"_exactmetrics_sitenote_active":false,"_exactmetrics_sitenote_note":"","_exactmetrics_sitenote_category":0},"product_cat":[117],"product_tag":[46],"class_list":{"0":"post-8610","1":"product","2":"type-product","3":"status-publish","4":"has-post-thumbnail","6":"product_cat-dalys","7":"product_tag-zalia_ral7013","9":"first","10":"instock","11":"taxable","12":"shipping-taxable","13":"purchasable","14":"product-type-variable","15":"wpzoom-wc-spi-has-enabled"},"aioseo_notices":[],"jetpack_sharing_enabled":true,"_links":{"self":[{"href":"https:\/\/matuza-tactical.lt\/en\/wp-json\/wp\/v2\/product\/8610","targetHints":{"allow":["GET"]}}],"collection":[{"href":"https:\/\/matuza-tactical.lt\/en\/wp-json\/wp\/v2\/product"}],"about":[{"href":"https:\/\/matuza-tactical.lt\/en\/wp-json\/wp\/v2\/types\/product"}],"wp:featuredmedia":[{"embeddable":true,"href":"https:\/\/matuza-tactical.lt\/en\/wp-json\/wp\/v2\/media\/8613"}],"wp:attachment":[{"href":"https:\/\/matuza-tactical.lt\/en\/wp-json\/wp\/v2\/media?parent=8610"}],"wp:term":[{"taxonomy":"product_cat","embeddable":true,"href":"https:\/\/matuza-tactical.lt\/en\/wp-json\/wp\/v2\/product_cat?post=8610"},{"taxonomy":"product_tag","embeddable":true,"href":"https:\/\/matuza-tactical.lt\/en\/wp-json\/wp\/v2\/product_tag?post=8610"}],"curies":[{"name":"wp","href":"https:\/\/api.w.org\/{rel}","templated":true}]}}