{"id":8594,"date":"2025-10-01T16:39:38","date_gmt":"2025-10-01T13:39:38","guid":{"rendered":"https:\/\/matuza-tactical.lt\/?post_type=product&#038;p=8594"},"modified":"2025-10-01T21:21:24","modified_gmt":"2025-10-01T18:21:24","slug":"austrialpin-cobra-pro-style-fy50kvv-xl","status":"publish","type":"product","link":"https:\/\/matuza-tactical.lt\/en\/parduotuve\/austrialpin-cobra-pro-style-fy50kvv-xl\/","title":{"rendered":"AustriAlpin Cobra\u00ae Pro Style FY50KVV-XL"},"content":{"rendered":"<div id=\"u_0_y\">\n<div class=\"fwlpnqze r5g9zsuq b0eko5f3 q46jt4gp\"><strong>SAVYB\u0116S<\/strong><\/div>\n<\/div>\n<div id=\"u_0_y\">\n<div class=\"fwlpnqze r5g9zsuq b0eko5f3 q46jt4gp\">\n<ul>\n<li>50mm plo\u010dio sagtis &#8211; suderinama su dauguma taktini\u0173 dir\u017e\u0173.<\/li>\n<li>Greito atsegimo mechanizmas u\u017etikrina lengv\u0105 ir saug\u0173 naudojim\u0105.<\/li>\n<li>Pagaminta Austrijoje.<\/li>\n<li>Minimali garantuota apkrova \u2013 18 kN.<\/li>\n<li>Lengvas tvirtas aliuminio lydinys.<\/li>\n<\/ul>\n<p><strong>APRA\u0160YMAS<\/strong><\/p>\n<p>AustriAlpin COBRA\u00ae PRO STYLE \u2013 tai sagtis, atitinkanti auk\u0161\u010diausius naudotoj\u0173 saugos reikalavimus, nes j\u0105 galima atsegti tik atleidus abu spaustukus vienu metu. U\u017esegimo mechanizmas leid\u017eia lengvai sujungti sujungiamuosius komponentus, k\u0105 patvirtina ai\u0161kus spragtel\u0117jimo garsas. Vienpusis u\u017erakinimas\u00a0 ne\u012fmanomas. \u201eCOBRA\u00ae PRO STYLE\u201c u\u017erakinimo mechanizmas yra \u201eCOBRA\u00ae THE ORIGINAL\u201c evoliucija, garantuojanti dar saugesn\u012f naudojim\u0105. Kartu su tinkamu dir\u017eu minimali garantuojama apkrova yra 18 kN kilpos konfig\u016bracijoje.<\/p>\n<\/div>\n<p>&nbsp;<\/p>\n<p>&nbsp;<\/p>\n<p>&nbsp;<\/p>\n<\/div>\n<div class=\"_2rd3\">\n<div class=\"_37uu _sa_ _s_6 _3-8r _2pim\">\n<div>\n<div class=\"_57w\">\n<div class=\"_3399 _1f6t _4_dr _20h5\">\n<div class=\"_524d\">\n<div class=\"_ipn clearfix _-5d\"><\/div>\n<\/div>\n<\/div>\n<\/div>\n<\/div>\n<\/div>\n<\/div>","protected":false},"excerpt":{"rendered":"<p>Pakaitin\u0117 atsegimo AustriAlpin COBRA\u00ae PRO STYLE 50mm plo\u010dio sagtis &#8211; suderinama su dauguma taktini\u0173 dir\u017e\u0173.<\/p>","protected":false},"featured_media":8600,"template":"","meta":{"_exactmetrics_skip_tracking":false,"_exactmetrics_sitenote_active":false,"_exactmetrics_sitenote_note":"","_exactmetrics_sitenote_category":0},"product_cat":[117,39],"product_tag":[130],"class_list":{"0":"post-8594","1":"product","2":"type-product","3":"status-publish","4":"has-post-thumbnail","6":"product_cat-dalys","7":"product_cat-taktiniai_dirzai","8":"product_tag-black","10":"first","11":"instock","12":"taxable","13":"shipping-taxable","14":"purchasable","15":"product-type-simple","16":"wpzoom-wc-spi-has-enabled"},"aioseo_notices":[],"jetpack_sharing_enabled":true,"_links":{"self":[{"href":"https:\/\/matuza-tactical.lt\/en\/wp-json\/wp\/v2\/product\/8594","targetHints":{"allow":["GET"]}}],"collection":[{"href":"https:\/\/matuza-tactical.lt\/en\/wp-json\/wp\/v2\/product"}],"about":[{"href":"https:\/\/matuza-tactical.lt\/en\/wp-json\/wp\/v2\/types\/product"}],"wp:featuredmedia":[{"embeddable":true,"href":"https:\/\/matuza-tactical.lt\/en\/wp-json\/wp\/v2\/media\/8600"}],"wp:attachment":[{"href":"https:\/\/matuza-tactical.lt\/en\/wp-json\/wp\/v2\/media?parent=8594"}],"wp:term":[{"taxonomy":"product_cat","embeddable":true,"href":"https:\/\/matuza-tactical.lt\/en\/wp-json\/wp\/v2\/product_cat?post=8594"},{"taxonomy":"product_tag","embeddable":true,"href":"https:\/\/matuza-tactical.lt\/en\/wp-json\/wp\/v2\/product_tag?post=8594"}],"curies":[{"name":"wp","href":"https:\/\/api.w.org\/{rel}","templated":true}]}}