{"id":8498,"date":"2025-09-22T22:36:24","date_gmt":"2025-09-22T19:36:24","guid":{"rendered":"https:\/\/matuza-tactical.lt\/?post_type=product&#038;p=8498"},"modified":"2026-04-14T11:49:45","modified_gmt":"2026-04-14T08:49:45","slug":"zemo-profilio-petnesos-mod-2","status":"publish","type":"product","link":"https:\/\/matuza-tactical.lt\/en\/parduotuve\/zemo-profilio-petnesos-mod-2\/","title":{"rendered":"Low Profile Suspenders Mod.2"},"content":{"rendered":"<p><strong>PASKIRTIS<\/strong><\/p>\n<p>Pritaikytos m\u016bs\u0173 \u201e<a href=\"https:\/\/matuza-tactical.lt\/en\/parduotuve\/taktiniai_dirzai\/karo-dirzas-komplektas\/\">Karo dir\u017eui Mod.2<\/a>\u201c, bet tinka ir kitiems taktiniams dir\u017eams.<\/p>\n<p><strong>SAVYB\u0116S<\/strong><\/p>\n<ul>\n<li>Pasi\u016btos i\u0161 tvirto poliamidinio dir\u017eo.<\/li>\n<li>Dir\u017eo spalvos kodas \u2013 RAL7013. \u0160i spalva yra analogi\u0161ka Lietuvos kariuomen\u0117s i\u0161duodamos ekipuot\u0117s spalvai, dar \u017einoma kaip <em>Stone Grey Olive<\/em> arba europieti\u0161ka <em>Ranger Green.<\/em><\/li>\n<li>I\u0161 vidin\u0117s pus\u0117s petne\u0161os yra pamink\u0161tintos orui laid\u017eiu 3D audiniu.<\/li>\n<li>Ties kr\u016btine petne\u0161os susegamos reguliuojamo ilgio dir\u017eeliu.<\/li>\n<li>Nugarin\u0117je dalyje petne\u0161\u0173 dalys sujungtos elastine virvute.<\/li>\n<li>Petne\u0161os yra sukry\u017eiuotos taip, kad i\u0161laikyti savo paslankum\u0105. Sureguliavus petne\u0161as, susikry\u017eiavimas tur\u0117t\u0173 stov\u0117ti tarp men\u010di\u0173.<\/li>\n<li>Pagaminta i\u0161 IRR padengim\u0105 turin\u010di\u0173 med\u017eiag\u0173.<\/li>\n<\/ul>\n<p><iframe loading=\"lazy\" title=\"Karo dir\u017eas Mod 2\" width=\"563\" height=\"1000\" src=\"https:\/\/www.youtube.com\/embed\/O6ekmAQxnnQ?feature=oembed\" frameborder=\"0\" allow=\"accelerometer; autoplay; clipboard-write; encrypted-media; gyroscope; picture-in-picture; web-share\" referrerpolicy=\"strict-origin-when-cross-origin\" allowfullscreen><\/iframe><\/p>\n<p>&nbsp;<\/p>","protected":false},"excerpt":{"rendered":"<div class=\"ihx95mk1 fwlpnqze r5g9zsuq b0eko5f3 q46jt4gp ta68dy8c kpwa50dg m0cukt09 h8391g91 r3h50k6m\">\u017demo profilio petne\u0161os taktiniams dir\u017eams.<\/div>","protected":false},"featured_media":8508,"template":"","meta":{"_exactmetrics_skip_tracking":false,"_exactmetrics_sitenote_active":false,"_exactmetrics_sitenote_note":"","_exactmetrics_sitenote_category":0},"product_cat":[39],"product_tag":[46],"class_list":{"0":"post-8498","1":"product","2":"type-product","3":"status-publish","4":"has-post-thumbnail","6":"product_cat-taktiniai_dirzai","7":"product_tag-zalia_ral7013","9":"first","10":"instock","11":"taxable","12":"shipping-taxable","13":"purchasable","14":"product-type-variable","15":"wpzoom-wc-spi-has-enabled"},"aioseo_notices":[],"jetpack_sharing_enabled":true,"_links":{"self":[{"href":"https:\/\/matuza-tactical.lt\/en\/wp-json\/wp\/v2\/product\/8498","targetHints":{"allow":["GET"]}}],"collection":[{"href":"https:\/\/matuza-tactical.lt\/en\/wp-json\/wp\/v2\/product"}],"about":[{"href":"https:\/\/matuza-tactical.lt\/en\/wp-json\/wp\/v2\/types\/product"}],"wp:featuredmedia":[{"embeddable":true,"href":"https:\/\/matuza-tactical.lt\/en\/wp-json\/wp\/v2\/media\/8508"}],"wp:attachment":[{"href":"https:\/\/matuza-tactical.lt\/en\/wp-json\/wp\/v2\/media?parent=8498"}],"wp:term":[{"taxonomy":"product_cat","embeddable":true,"href":"https:\/\/matuza-tactical.lt\/en\/wp-json\/wp\/v2\/product_cat?post=8498"},{"taxonomy":"product_tag","embeddable":true,"href":"https:\/\/matuza-tactical.lt\/en\/wp-json\/wp\/v2\/product_tag?post=8498"}],"curies":[{"name":"wp","href":"https:\/\/api.w.org\/{rel}","templated":true}]}}