{"id":8450,"date":"2025-09-22T19:05:45","date_gmt":"2025-09-22T16:05:45","guid":{"rendered":"https:\/\/matuza-tactical.lt\/?post_type=product&#038;p=8450"},"modified":"2026-04-29T09:39:57","modified_gmt":"2026-04-29T06:39:57","slug":"karo-dirzo-mod-2-minkstoji-dalis","status":"publish","type":"product","link":"https:\/\/matuza-tactical.lt\/en\/parduotuve\/karo-dirzo-mod-2-minkstoji-dalis\/","title":{"rendered":"Karo dir\u017eo Mod.2 mink\u0161toji dalis"},"content":{"rendered":"<p><strong>PASKIRTIS<\/strong><br \/>\nKaro dir\u017eo mink\u0161toji dalis be vidinio dir\u017eo. \u0160i dir\u017eo rankov\u0117 yra naudojama pro j\u0105 perv\u0117rus 50 arba 55 mm plo\u010dio dir\u017e\u0105 ir yra skirta dal\u012f savo ekipuot\u0117s perkelti nuo liemen\u0117s ant dir\u017eo.<\/p>\n<p><strong>SAVYB\u0116S<\/strong><\/p>\n<ul>\n<li>PAMINK\u0160TINTA DALIS SU PALS\/MOLLE DIR\u017dELIAIS. I\u0161orin\u0117 dir\u017eo dalis pagaminta i\u0161 tvirto 500D CORDURA\u00ae audinio, prie kurio prisi\u016bta PALS\/MOLLE dir\u017eeli\u0173 tvirtinimo sistema. Audinio spalvos kodas \u2013 RAL7013. \u0160i spalva yra analogi\u0161ka Lietuvos kariuomen\u0117s i\u0161duodamos ekipuot\u0117s spalvai, dar \u017einoma kaip\u00a0<em>Stone Grey Olive<\/em>\u00a0arba europieti\u0161ka\u00a0<em>Ranger Green.\u00a0<\/em>Vidin\u0117 dir\u017eo dalis pasi\u016bta i\u0161 orui laidaus 3D audinio. Dir\u017eo pamink\u0161tinimas suformuotas i\u0161 atminties efekto neturin\u010dio u\u017edar\u0173 por\u0173 polietileno. Papildomo komforto suteikia 6 pamink\u0161tinimo pagalv\u0117l\u0117s nugaros srityje. Dir\u017eo vir\u0161uje yra keturios 2,5 cm plo\u010dio kilpos petne\u0161oms tvirtinti.<\/li>\n<li>Ilgis:\u00a0 M \u2013 84 cm; L \u2013 91 cm;<\/li>\n<li>PALS\/MOLLE stulpeli\u0173 ir eilu\u010di\u0173 skai\u010dius: M \u2013 18 x 2; L \u2013 20 x 2.<\/li>\n<li>Visi dir\u017eo elementai pagaminti i\u0161 IRR padengim\u0105 turin\u010di\u0173 med\u017eiag\u0173.<\/li>\n<li style=\"list-style-type: none;\"><\/li>\n<\/ul>\n<p><iframe loading=\"lazy\" title=\"Karo dir\u017eas Mod 2\" width=\"563\" height=\"1000\" src=\"https:\/\/www.youtube.com\/embed\/O6ekmAQxnnQ?feature=oembed\" frameborder=\"0\" allow=\"accelerometer; autoplay; clipboard-write; encrypted-media; gyroscope; picture-in-picture; web-share\" referrerpolicy=\"strict-origin-when-cross-origin\" allowfullscreen><\/iframe><\/p>\n<p>&nbsp;<\/p>\n<div class=\"btn-bubble-icon\"><\/div>","protected":false},"excerpt":{"rendered":"<div class=\"ihx95mk1 fwlpnqze r5g9zsuq b0eko5f3 q46jt4gp ta68dy8c kpwa50dg m0cukt09 h8391g91 r3h50k6m\">\n<p>\u2013 Pamink\u0161tinta dalis su Molle\/PALS dir\u017eeliais<\/p>\n<p>\u2013 Vidin\u0117 dir\u017eo dalis pasi\u016bta i\u0161 orui laidaus 3D audinio.<\/p>\n<p>\u2013Papildomo komforto suteikia 6 pamink\u0161tinimo pagalv\u0117l\u0117s nugaros srityje<\/p>\n<\/div>","protected":false},"featured_media":8510,"template":"","meta":{"_exactmetrics_skip_tracking":false,"_exactmetrics_sitenote_active":false,"_exactmetrics_sitenote_note":"","_exactmetrics_sitenote_category":0},"product_cat":[39],"product_tag":[46],"class_list":{"0":"post-8450","1":"product","2":"type-product","3":"status-publish","4":"has-post-thumbnail","6":"product_cat-taktiniai_dirzai","7":"product_tag-zalia_ral7013","9":"first","10":"onbackorder","11":"taxable","12":"shipping-taxable","13":"purchasable","14":"product-type-variable","15":"wpzoom-wc-spi-has-enabled"},"aioseo_notices":[],"jetpack_sharing_enabled":true,"_links":{"self":[{"href":"https:\/\/matuza-tactical.lt\/en\/wp-json\/wp\/v2\/product\/8450","targetHints":{"allow":["GET"]}}],"collection":[{"href":"https:\/\/matuza-tactical.lt\/en\/wp-json\/wp\/v2\/product"}],"about":[{"href":"https:\/\/matuza-tactical.lt\/en\/wp-json\/wp\/v2\/types\/product"}],"wp:featuredmedia":[{"embeddable":true,"href":"https:\/\/matuza-tactical.lt\/en\/wp-json\/wp\/v2\/media\/8510"}],"wp:attachment":[{"href":"https:\/\/matuza-tactical.lt\/en\/wp-json\/wp\/v2\/media?parent=8450"}],"wp:term":[{"taxonomy":"product_cat","embeddable":true,"href":"https:\/\/matuza-tactical.lt\/en\/wp-json\/wp\/v2\/product_cat?post=8450"},{"taxonomy":"product_tag","embeddable":true,"href":"https:\/\/matuza-tactical.lt\/en\/wp-json\/wp\/v2\/product_tag?post=8450"}],"curies":[{"name":"wp","href":"https:\/\/api.w.org\/{rel}","templated":true}]}}