{"id":8100,"date":"2025-07-24T12:31:35","date_gmt":"2025-07-24T09:31:35","guid":{"rendered":"https:\/\/matuza-tactical.lt\/?post_type=product&#038;p=8100"},"modified":"2026-04-20T15:16:45","modified_gmt":"2026-04-20T12:16:45","slug":"kuprines-kisene-19","status":"publish","type":"product","link":"https:\/\/matuza-tactical.lt\/en\/parduotuve\/kuprines-kisene-19\/","title":{"rendered":"Backpack Side Pocket 19L"},"content":{"rendered":"<p>Kuprin\u0117s ki\u0161en\u0117 19L \u2013 dvigubai talpesn\u0117 nei standartin\u0117 Lietuvos kariuomen\u0117s kario kuprin\u0117s ki\u0161en\u0117.<br data-start=\"180\" data-end=\"183\" \/>Pakeitus abi standartines kuprin\u0117s ki\u0161enes gaunama papildomai apie 20 litr\u0173 talpos.<\/p>\n<p>D\u0117klo savyb\u0117s:<\/p>\n<ul>\n<li>U\u017esegama neper\u0161lampamais TPU u\u017etrauktukais.<\/li>\n<li>U\u017etrauktukai yra papildomai pasl\u0117pti.<\/li>\n<li>Ki\u0161en\u0117s turin\u012f galima pasiekti i\u0161 vir\u0161aus ir abiej\u0173 \u0161on\u0173.<\/li>\n<li>Prie standartin\u0117s LK kario kuprin\u0117s d\u0117klas tvirtinasi sagtel\u0117mis, kurios perveriamos per tvirtinimo ta\u0161kus.<\/li>\n<li>Ki\u0161en\u0119 taip pat galima tvirtinti ant PALS\/MOLLE sistemos. Ji u\u017eima 5 stulpelius ir 8 eilutes.<\/li>\n<li>Ki\u0161en\u0117s turin\u012f galima suver\u017eti su \u0161onuose esan\u010diais dir\u017eeliais.<\/li>\n<li>Dugnas pasi\u016btas i\u0161 dvigubo audinio.<\/li>\n<li>D\u0117klo dydis: plotis 26 cm, storis 17 cm, auk\u0161tis 44 cm.<\/li>\n<li>Svoris 300 g.<\/li>\n<li>D\u0117klas pasi\u016btas\u00a0i\u0161 impregnuoto Cordura 500D audinio.<\/li>\n<li>D\u0117klas pasi\u016btas i\u0161 IRR padengim\u0105 turin\u010di\u0173 med\u017eiag\u0173.<\/li>\n<li>Spalvos: RAL7013 (\u017ealia).<\/li>\n<\/ul>","protected":false},"excerpt":{"rendered":"<p>Kuprin\u0117s ki\u0161en\u0117 19L \u2013 dvigubai talpesn\u0117 nei standartin\u0117 Lietuvos kariuomen\u0117s kario kuprin\u0117s ki\u0161en\u0117.<br data-start=\"180\" data-end=\"183\" \/>Pakeitus abi standartines kuprin\u0117s ki\u0161enes gaunama papildomai apie 20 litr\u0173 talpos.<\/p>","protected":false},"featured_media":8157,"template":"","meta":{"_exactmetrics_skip_tracking":false,"_exactmetrics_sitenote_active":false,"_exactmetrics_sitenote_note":"","_exactmetrics_sitenote_category":0},"product_cat":[64,44],"product_tag":[129,128,46],"class_list":{"0":"post-8100","1":"product","2":"type-product","3":"status-publish","4":"has-post-thumbnail","6":"product_cat-bendros-paskirties-deklai","7":"product_cat-kita","8":"product_tag-kisenes","9":"product_tag-kuprines","10":"product_tag-zalia_ral7013","12":"first","13":"outofstock","14":"taxable","15":"shipping-taxable","16":"purchasable","17":"product-type-simple","18":"wpzoom-wc-spi-has-enabled"},"aioseo_notices":[],"jetpack_sharing_enabled":true,"_links":{"self":[{"href":"https:\/\/matuza-tactical.lt\/en\/wp-json\/wp\/v2\/product\/8100","targetHints":{"allow":["GET"]}}],"collection":[{"href":"https:\/\/matuza-tactical.lt\/en\/wp-json\/wp\/v2\/product"}],"about":[{"href":"https:\/\/matuza-tactical.lt\/en\/wp-json\/wp\/v2\/types\/product"}],"wp:featuredmedia":[{"embeddable":true,"href":"https:\/\/matuza-tactical.lt\/en\/wp-json\/wp\/v2\/media\/8157"}],"wp:attachment":[{"href":"https:\/\/matuza-tactical.lt\/en\/wp-json\/wp\/v2\/media?parent=8100"}],"wp:term":[{"taxonomy":"product_cat","embeddable":true,"href":"https:\/\/matuza-tactical.lt\/en\/wp-json\/wp\/v2\/product_cat?post=8100"},{"taxonomy":"product_tag","embeddable":true,"href":"https:\/\/matuza-tactical.lt\/en\/wp-json\/wp\/v2\/product_tag?post=8100"}],"curies":[{"name":"wp","href":"https:\/\/api.w.org\/{rel}","templated":true}]}}