{"id":788,"date":"2021-01-15T19:49:20","date_gmt":"2021-01-15T17:49:20","guid":{"rendered":"http:\/\/matuza-tactical.lt\/?post_type=product&#038;p=788"},"modified":"2026-04-24T12:06:18","modified_gmt":"2026-04-24T09:06:18","slug":"pakaitiniai-sonai-5-11-tactec-liemenems","status":"publish","type":"product","link":"https:\/\/matuza-tactical.lt\/en\/parduotuve\/pakaitiniai-sonai-5-11-tactec-liemenems\/","title":{"rendered":"Cummerbund for 5.11 TacTec Vests"},"content":{"rendered":"<p><strong>PASKIRTIS<\/strong><\/p>\n<p>5.11 TacTec \u0161arvinei liemenei pritaikytas pakaitini\u0173 \u0161on\u0173 komplektas, suteikiantis daugiau komforto, ergonomikos ir mobilumo. <span class=\"d2edcug0 hpfvmrgz qv66sw1b c1et5uql rrkovp55 a8c37x1j keod5gw0 nxhoafnm aigsh9s9 d3f4x2em fe6kdd0r mau55g9w c8b282yb iv3no6db jq4qci2q a3bd9o3v knj5qynh oo9gr5id\" dir=\"auto\">\u012e komplektacij\u0105 \u012feina <\/span><span class=\"d2edcug0 hpfvmrgz qv66sw1b c1et5uql rrkovp55 a8c37x1j keod5gw0 nxhoafnm aigsh9s9 d3f4x2em fe6kdd0r mau55g9w c8b282yb iv3no6db jq4qci2q a3bd9o3v knj5qynh oo9gr5id\" dir=\"auto\">k<\/span><span class=\"d2edcug0 hpfvmrgz qv66sw1b c1et5uql rrkovp55 a8c37x1j keod5gw0 nxhoafnm aigsh9s9 d3f4x2em fe6kdd0r mau55g9w c8b282yb iv3no6db jq4qci2q a3bd9o3v knj5qynh oo9gr5id\" dir=\"auto\">air\u0117s ir de\u0161in\u0117s pus\u0117s \u0161onai<\/span><span class=\"d2edcug0 hpfvmrgz qv66sw1b c1et5uql rrkovp55 a8c37x1j keod5gw0 nxhoafnm aigsh9s9 d3f4x2em fe6kdd0r mau55g9w c8b282yb iv3no6db jq4qci2q a3bd9o3v knj5qynh oo9gr5id\" dir=\"auto\">.<\/span><\/p>\n<p><strong>SAVYB\u0116S<\/strong><\/p>\n<ul>\n<li>Audinys 500D CORDURA\u00ae.<\/li>\n<li><span class=\"d2edcug0 hpfvmrgz qv66sw1b c1et5uql rrkovp55 a8c37x1j keod5gw0 nxhoafnm aigsh9s9 d3f4x2em fe6kdd0r mau55g9w c8b282yb iv3no6db jq4qci2q a3bd9o3v knj5qynh oo9gr5id\" dir=\"auto\">2M Spider\/BC 75 sagtys<\/span> leid\u017eia greitai atsegti ir u\u017esegti \u0161arvin\u0119 liemen\u0119.<\/li>\n<li><span class=\"d2edcug0 hpfvmrgz qv66sw1b c1et5uql rrkovp55 a8c37x1j keod5gw0 nxhoafnm aigsh9s9 d3f4x2em fe6kdd0r mau55g9w c8b282yb iv3no6db jq4qci2q a3bd9o3v knj5qynh oo9gr5id\" dir=\"auto\">Galimyb\u0117 montuoti d\u0117klus ir \u0161onines plok\u0161tes tiek i\u0161 vidin\u0117s, tiek i\u0161 i\u0161orin\u0117s pus\u0117s. <\/span><\/li>\n<li>Skeletonizuoti.<\/li>\n<li>Elastiniai.<\/li>\n<li>Tylus veikimas.<\/li>\n<\/ul>\n<p><strong>DYD\u017dIAI\u00a0<\/strong><\/p>\n<ul>\n<li>M -lieknam ir vidutiniam sud\u0117jimui.<\/li>\n<li>L &#8211; vidutiniam ir tvirtesniam sud\u0117jimui.<\/li>\n<\/ul>","protected":false},"excerpt":{"rendered":"<p><span class=\"d2edcug0 hpfvmrgz qv66sw1b c1et5uql rrkovp55 a8c37x1j keod5gw0 nxhoafnm aigsh9s9 d3f4x2em fe6kdd0r mau55g9w c8b282yb iv3no6db jq4qci2q a3bd9o3v knj5qynh oo9gr5id\" dir=\"auto\">Pakaitiniai \u0161onai 5.11 TacTec \u0161arvinei liemenei su greito atsegimo sagtimis.<\/span><\/p>","protected":false},"featured_media":9137,"template":"","meta":{"_exactmetrics_skip_tracking":false,"_exactmetrics_sitenote_active":false,"_exactmetrics_sitenote_note":"","_exactmetrics_sitenote_category":0},"product_cat":[55],"product_tag":[],"class_list":{"0":"post-788","1":"product","2":"type-product","3":"status-publish","4":"has-post-thumbnail","6":"product_cat-sarvines-liemenes","8":"first","9":"outofstock","10":"taxable","11":"shipping-taxable","12":"purchasable","13":"product-type-variable","14":"wpzoom-wc-spi-has-enabled"},"aioseo_notices":[],"jetpack_sharing_enabled":true,"_links":{"self":[{"href":"https:\/\/matuza-tactical.lt\/en\/wp-json\/wp\/v2\/product\/788","targetHints":{"allow":["GET"]}}],"collection":[{"href":"https:\/\/matuza-tactical.lt\/en\/wp-json\/wp\/v2\/product"}],"about":[{"href":"https:\/\/matuza-tactical.lt\/en\/wp-json\/wp\/v2\/types\/product"}],"wp:featuredmedia":[{"embeddable":true,"href":"https:\/\/matuza-tactical.lt\/en\/wp-json\/wp\/v2\/media\/9137"}],"wp:attachment":[{"href":"https:\/\/matuza-tactical.lt\/en\/wp-json\/wp\/v2\/media?parent=788"}],"wp:term":[{"taxonomy":"product_cat","embeddable":true,"href":"https:\/\/matuza-tactical.lt\/en\/wp-json\/wp\/v2\/product_cat?post=788"},{"taxonomy":"product_tag","embeddable":true,"href":"https:\/\/matuza-tactical.lt\/en\/wp-json\/wp\/v2\/product_tag?post=788"}],"curies":[{"name":"wp","href":"https:\/\/api.w.org\/{rel}","templated":true}]}}