{"id":7863,"date":"2025-05-22T12:03:42","date_gmt":"2025-05-22T09:03:42","guid":{"rendered":"https:\/\/matuza-tactical.lt\/?post_type=product&#038;p=7863"},"modified":"2026-04-15T12:58:06","modified_gmt":"2026-04-15T09:58:06","slug":"greituolyte-flt5","status":"publish","type":"product","link":"https:\/\/matuza-tactical.lt\/en\/parduotuve\/greituolyte-flt5\/","title":{"rendered":"Pistol Mag. Pouch Flecktarn 5 clr."},"content":{"rendered":"<p>Vienos d\u0117tuv\u0117s d\u0117klas pasi\u016btas i\u0161 tvirto 500D CORDURA\u00ae audinio. D\u0117l atviro dizaino ir konstrukcij\u0105 palaikan\u010dios elastin\u0117s virvut\u0117s galima ne\u0161ioti 17 \u0161ovini\u0173 ir kitas pana\u0161i\u0173 gabarit\u0173 d\u0117tuves (Glock 17, HK SFP 9 ir pan.)<\/p>\n<p>D\u0117l atviro dizaino ir konstrukcij\u0105 palaikan\u010dios elastin\u0117s virvut\u0117s galima ne\u0161ioti ir kit\u0173 tip\u0173 d\u0117tuves. Plastiku sutvirtintas korpusas u\u017etikrina skland\u0173 ir tyl\u0173 d\u0117tuv\u0117s i\u0161traukim\u0105 ir \u012fd\u0117jim\u0105 atgal \u012f d\u0117kl\u0105.<\/p>\n<p>Prie ekipuot\u0117s d\u0117klas tvirtinamas PALS\/MOLLE sistema (1 stulpelis x 2eilut\u0117s). D\u0117klo priekyje yra 1 stulpelis ir 2 eilut\u0117s PALS\/MOLLE dir\u017eeli\u0173, kurie leid\u017eia sujungti du d\u0117klus ar segti prie j\u0173 kitus ekipuot\u0117s elementus.<\/p>\n<p><strong>GAMINIO SPECIFIKACIJA<\/strong><\/p>\n<ul>\n<li>Audinys 500D CORDURA\u00ae.<\/li>\n<li>Matmenys 10 x 4 x 2,5 cm<\/li>\n<li>Plastiku sutvirtintas korpusas u\u017etikrina skland\u0173 d\u0117tuv\u0117s i\u0161traukim\u0105 ir \u012fd\u0117jim\u0105 atgal \u012f d\u0117kl\u0105.<\/li>\n<li>D\u0117klo \u0161onai suformuoti i\u0161 standaus dvigubo dir\u017eelio.<\/li>\n<li>D\u0117tuv\u0117 prilaikoma elastine virvute i\u0161 vir\u0161aus ir i\u0161 \u0161on\u0173.<\/li>\n<li>Prie ekipuot\u0117s tvirtinamas PALS\/MOLLE sistema (1 stulpelis x 2 eilut\u0117s).<\/li>\n<li>D\u0117klo priekyje yra 1 stulpelis ir 2 eilut\u0117s PALS\/MOLLE dir\u017eeli\u0173, kurie leid\u017eia sujungti du d\u0117klus ar segti prie j\u0173 kitus ekipuot\u0117s elementus.<\/li>\n<li>Tylus veikimas.<\/li>\n<li>D\u0117klas pasi\u016btas i\u0161 IRR padengim\u0105 turin\u010di\u0173 med\u017eiag\u0173.<\/li>\n<\/ul>\n<p><a href=\"https:\/\/matuza-tactical.lt\/en\/product-category\/detuviu_deklai\/\">Kiti m\u016bs\u0173 d\u0117tuvi\u0173 d\u0117klai.<\/a><\/p>\n<p><a href=\"https:\/\/www.youtube.com\/@matuzatactical\">Matuza Tactical youtube kanalas.<\/a><\/p>\n<p>&nbsp;<\/p>\n<p>&nbsp;<\/p>\n<p>&nbsp;<\/p>\n<div class=\"btn-bubble-icon\"><\/div>","protected":false},"excerpt":{"rendered":"<p>Vienos d\u0117tuv\u0117s d\u0117klas, tinkamas Glock 17, HK SFP9 ir pana\u0161aus dyd\u017eio d\u0117tuv\u0117mis. Pasi\u016btas i\u0161 500D CORDURA\u00ae audinio. Korpusas sutvirtintas plastiku. Tvirtinamas PALS\/MOLLE (1\u00d72) sistema. Leid\u017eia greitai ir tyliai i\u0161traukti bei \u012fd\u0117ti d\u0117tuv\u0119 atgal \u012f d\u0117kl\u0105. Patikimas ir patikrintas b\u016bdas d\u0117tuv\u0117ms ne\u0161ioti lauko s\u0105lygomis.<\/p>\n<p>&nbsp;<\/p>","protected":false},"featured_media":7849,"template":"","meta":{"_exactmetrics_skip_tracking":false,"_exactmetrics_sitenote_active":false,"_exactmetrics_sitenote_note":"","_exactmetrics_sitenote_category":0},"product_cat":[123],"product_tag":[51,46],"class_list":{"0":"post-7863","1":"product","2":"type-product","3":"status-publish","4":"has-post-thumbnail","6":"product_cat-flt5","7":"product_tag-pistoletams","8":"product_tag-zalia_ral7013","10":"first","11":"instock","12":"taxable","13":"shipping-taxable","14":"purchasable","15":"product-type-simple","16":"wpzoom-wc-spi-has-enabled"},"aioseo_notices":[],"jetpack_sharing_enabled":true,"_links":{"self":[{"href":"https:\/\/matuza-tactical.lt\/en\/wp-json\/wp\/v2\/product\/7863","targetHints":{"allow":["GET"]}}],"collection":[{"href":"https:\/\/matuza-tactical.lt\/en\/wp-json\/wp\/v2\/product"}],"about":[{"href":"https:\/\/matuza-tactical.lt\/en\/wp-json\/wp\/v2\/types\/product"}],"wp:featuredmedia":[{"embeddable":true,"href":"https:\/\/matuza-tactical.lt\/en\/wp-json\/wp\/v2\/media\/7849"}],"wp:attachment":[{"href":"https:\/\/matuza-tactical.lt\/en\/wp-json\/wp\/v2\/media?parent=7863"}],"wp:term":[{"taxonomy":"product_cat","embeddable":true,"href":"https:\/\/matuza-tactical.lt\/en\/wp-json\/wp\/v2\/product_cat?post=7863"},{"taxonomy":"product_tag","embeddable":true,"href":"https:\/\/matuza-tactical.lt\/en\/wp-json\/wp\/v2\/product_tag?post=7863"}],"curies":[{"name":"wp","href":"https:\/\/api.w.org\/{rel}","templated":true}]}}