{"id":7813,"date":"2025-05-22T11:32:13","date_gmt":"2025-05-22T08:32:13","guid":{"rendered":"https:\/\/matuza-tactical.lt\/?post_type=product&#038;p=7813"},"modified":"2026-04-15T12:58:29","modified_gmt":"2026-04-15T09:58:29","slug":"greituke-flt5","status":"publish","type":"product","link":"https:\/\/matuza-tactical.lt\/en\/parduotuve\/greituke-flt5\/","title":{"rendered":"5,56 Mag. Pouch Flecktarn 5 clr."},"content":{"rendered":"<p><strong>PASKIRTIS<\/strong><\/p>\n<p>Vienos d\u0117tuv\u0117s d\u0117klas. Variantas skirtas G36 d\u0117tuv\u0117ms tinka abiej\u0173 tip\u0173 \u0161io ginklo d\u0117tuv\u0117ms, plonesnis variantas puikiai talpina 30 \u0161ovini\u0173 AR15 tipo d\u0117tuves. D\u0117l atviro dizaino ir konstrukcij\u0105 palaikan\u010dios elastin\u0117s virvut\u0117s galima ne\u0161ioti ir kit\u0173 tip\u0173 d\u0117tuves.<\/p>\n<p><strong>SAVYB\u0116S<\/strong><\/p>\n<ul>\n<li>Audinys 500D CORDURA\u00ae.<\/li>\n<li>Matmenys 14 x 7,5 x 2-2,5 cm<\/li>\n<li>Audinio spalvos kodas \u2013 Vokietijos karini\u0173 paj\u0117g\u0173 kamuflia\u017eo Flecktarn 5 clr.<\/li>\n<li>Plastiku sutvirtintas korpusas u\u017etikrina skland\u0173 d\u0117tuv\u0117s i\u0161traukim\u0105 ir \u012fd\u0117jim\u0105 \u012f d\u0117kl\u0105.<\/li>\n<li>D\u0117klo \u0161onai suformuoti i\u0161 standaus dvigubo dir\u017eelio.<\/li>\n<li>D\u0117tuv\u0117 prilaikoma elastine virvute i\u0161 vir\u0161aus ir i\u0161 \u0161on\u0173.<\/li>\n<li>Prie ekipuot\u0117s tvirtinamas MOLLE sistema (2 stulpeliai x 3 eilut\u0117s).<\/li>\n<li>D\u0117klo priekyje yra 2 stulpeliai ir 3 eilut\u0117s MOLLE dir\u017eeli\u0173, kurie leid\u017eia sujungti du d\u0117klus ar segti prie j\u0173 kitus ekipuot\u0117s krep\u0161elius.<\/li>\n<li>Tylus veikimas.Per\u017ei\u016br\u0117kite kitus m\u016bs\u0173 d\u0117tuvi\u0173 d\u0117klus.<br \/>\n<a href=\"https:\/\/matuza-tactical.lt\/en\/product-category\/detuviu_deklai\/\">D\u0117tuvi\u0173 d\u0117klai \u2013 Matuza Tactical<\/a>\u010cia galite per\u017ei\u016br\u0117ti vaizdo \u012fra\u0161\u0105 apie Matuza Tactical d\u0117klus:<br \/>\n<a href=\"https:\/\/www.youtube.com\/watch?v=NQKJdnyw-iM\">\u00a0Matuza Tactical \u2013 PMP MOD 2.0 Ap\u017evalga<\/a><\/p>\n<p>&nbsp;<\/li>\n<\/ul>\n<p>&nbsp;<\/p>","protected":false},"excerpt":{"rendered":"<p>Vienos d\u0117tuv\u0117s d\u0117klas.<\/p>\n<p>G36 arba AR15 tipo d\u0117tuv\u0117ms.<\/p>","protected":false},"featured_media":7809,"template":"","meta":{"_exactmetrics_skip_tracking":false,"_exactmetrics_sitenote_active":false,"_exactmetrics_sitenote_note":"","_exactmetrics_sitenote_category":0},"product_cat":[123],"product_tag":[54,52,124,48,46],"class_list":{"0":"post-7813","1":"product","2":"type-product","3":"status-publish","4":"has-post-thumbnail","6":"product_cat-flt5","7":"product_tag-ak47","8":"product_tag-ar15","9":"product_tag-flecktarn","10":"product_tag-g36","11":"product_tag-zalia_ral7013","13":"first","14":"instock","15":"taxable","16":"shipping-taxable","17":"purchasable","18":"product-type-variable","19":"wpzoom-wc-spi-has-enabled"},"aioseo_notices":[],"jetpack_sharing_enabled":true,"_links":{"self":[{"href":"https:\/\/matuza-tactical.lt\/en\/wp-json\/wp\/v2\/product\/7813","targetHints":{"allow":["GET"]}}],"collection":[{"href":"https:\/\/matuza-tactical.lt\/en\/wp-json\/wp\/v2\/product"}],"about":[{"href":"https:\/\/matuza-tactical.lt\/en\/wp-json\/wp\/v2\/types\/product"}],"wp:featuredmedia":[{"embeddable":true,"href":"https:\/\/matuza-tactical.lt\/en\/wp-json\/wp\/v2\/media\/7809"}],"wp:attachment":[{"href":"https:\/\/matuza-tactical.lt\/en\/wp-json\/wp\/v2\/media?parent=7813"}],"wp:term":[{"taxonomy":"product_cat","embeddable":true,"href":"https:\/\/matuza-tactical.lt\/en\/wp-json\/wp\/v2\/product_cat?post=7813"},{"taxonomy":"product_tag","embeddable":true,"href":"https:\/\/matuza-tactical.lt\/en\/wp-json\/wp\/v2\/product_tag?post=7813"}],"curies":[{"name":"wp","href":"https:\/\/api.w.org\/{rel}","templated":true}]}}