{"id":774,"date":"2021-01-15T18:20:51","date_gmt":"2021-01-15T16:20:51","guid":{"rendered":"http:\/\/matuza-tactical.lt\/?post_type=product&#038;p=774"},"modified":"2026-04-21T14:39:28","modified_gmt":"2026-04-21T11:39:28","slug":"pakistukas","status":"publish","type":"product","link":"https:\/\/matuza-tactical.lt\/en\/parduotuve\/pakistukas\/","title":{"rendered":"Paki\u0161tukas"},"content":{"rendered":"<p><strong>PASKIRTIS<\/strong><\/p>\n<p>\u0160audymo mai\u0161elis \u201ePaki\u0161tukas\u201c yra skirtas preciziniam ginklui stabilizuoti \u0161audant i\u0161 gulimos \u0161audymo pad\u0117ties. Taip pat gali b\u016bti dedamas tarp ginklo apsodo ir atramos \u0161audant i\u0161 nestabili\u0173 \u0161audymo pad\u0117\u010di\u0173.<\/p>\n<p><strong>SAVYB\u0116S<\/strong><\/p>\n<ul>\n<li>Audinys 500D CORDURA\u00ae.<\/li>\n<li>Matmenys 15 x 11 cm.<\/li>\n<li>Audinio spalvos kodas \u2013 RAL7013. \u0160i spalva yra analogi\u0161ka Lietuvos kariuomen\u0117s i\u0161duodamos ekipuot\u0117s spalvai, dar \u017einoma kaip <em>Stone Grey Olive<\/em> arba europieti\u0161ka <em>Ranger Green.<\/em><\/li>\n<li>Mai\u0161elio vidus u\u017epildytas plastiko granul\u0117mis, tod\u0117l leid\u017eia precizi\u0161kai nusitaikyti spaud\u017eiant ar atleid\u017eiant mai\u0161el\u012f.<\/li>\n<li><span class=\"d2edcug0 hpfvmrgz qv66sw1b c1et5uql rrkovp55 a8c37x1j keod5gw0 nxhoafnm aigsh9s9 d3f4x2em fe6kdd0r mau55g9w c8b282yb iv3no6db jq4qci2q a3bd9o3v knj5qynh oo9gr5id\" dir=\"auto\">Per vis\u0105 mai\u0161elio ilg\u012f eina kontaktine juosta fiksuojamas reguliuojamo ilgio dir\u017eelis, kuris leid\u017eia mai\u0161el\u012f patogiai ir tvirtai fiksuoti ant rankos arba ant ginklo apsodo.<br \/>\n<\/span><\/li>\n<li>Kampe turi kilp\u0105 karabinui kabinti.<\/li>\n<\/ul>\n<p><iframe loading=\"lazy\" title=\"Paki\u0161tukas\" width=\"980\" height=\"551\" src=\"https:\/\/www.youtube.com\/embed\/qq8leDw-QlE?feature=oembed\" frameborder=\"0\" allow=\"accelerometer; autoplay; clipboard-write; encrypted-media; gyroscope; picture-in-picture; web-share\" referrerpolicy=\"strict-origin-when-cross-origin\" allowfullscreen><\/iframe><\/p>","protected":false},"excerpt":{"rendered":"<p>\u0160audymo mai\u0161elis<\/p>","protected":false},"featured_media":5137,"template":"","meta":{"_exactmetrics_skip_tracking":false,"_exactmetrics_sitenote_active":false,"_exactmetrics_sitenote_note":"","_exactmetrics_sitenote_category":0},"product_cat":[69],"product_tag":[46],"class_list":{"0":"post-774","1":"product","2":"type-product","3":"status-publish","4":"has-post-thumbnail","6":"product_cat-taikliam_saudymui","7":"product_tag-zalia_ral7013","9":"first","10":"outofstock","11":"taxable","12":"shipping-taxable","13":"purchasable","14":"product-type-simple","15":"wpzoom-wc-spi-has-enabled"},"aioseo_notices":[],"jetpack_sharing_enabled":true,"_links":{"self":[{"href":"https:\/\/matuza-tactical.lt\/en\/wp-json\/wp\/v2\/product\/774","targetHints":{"allow":["GET"]}}],"collection":[{"href":"https:\/\/matuza-tactical.lt\/en\/wp-json\/wp\/v2\/product"}],"about":[{"href":"https:\/\/matuza-tactical.lt\/en\/wp-json\/wp\/v2\/types\/product"}],"wp:featuredmedia":[{"embeddable":true,"href":"https:\/\/matuza-tactical.lt\/en\/wp-json\/wp\/v2\/media\/5137"}],"wp:attachment":[{"href":"https:\/\/matuza-tactical.lt\/en\/wp-json\/wp\/v2\/media?parent=774"}],"wp:term":[{"taxonomy":"product_cat","embeddable":true,"href":"https:\/\/matuza-tactical.lt\/en\/wp-json\/wp\/v2\/product_cat?post=774"},{"taxonomy":"product_tag","embeddable":true,"href":"https:\/\/matuza-tactical.lt\/en\/wp-json\/wp\/v2\/product_tag?post=774"}],"curies":[{"name":"wp","href":"https:\/\/api.w.org\/{rel}","templated":true}]}}