{"id":763,"date":"2021-01-13T20:55:38","date_gmt":"2021-01-13T18:55:38","guid":{"rendered":"http:\/\/matuza-tactical.lt\/?post_type=product&#038;p=763"},"modified":"2025-10-12T21:20:53","modified_gmt":"2025-10-12T18:20:53","slug":"turniketo-deklas","status":"publish","type":"product","link":"https:\/\/matuza-tactical.lt\/en\/parduotuve\/turniketo-deklas\/","title":{"rendered":"Turniketo d\u0117klas"},"content":{"rendered":"<p><strong>PASKIRTIS<\/strong><\/p>\n<p><span class=\"d2edcug0 hpfvmrgz qv66sw1b c1et5uql rrkovp55 a8c37x1j keod5gw0 nxhoafnm aigsh9s9 d3f4x2em fe6kdd0r mau55g9w c8b282yb iv3no6db jq4qci2q a3bd9o3v knj5qynh oo9gr5id\" dir=\"auto\">D\u0117klas pritaikytas C.A.T. tipo turniketui ne\u0161ioti.<br \/>\n<\/span><\/p>\n<p><strong>SAVYB\u0116S<\/strong><\/p>\n<ul>\n<li>Audinys 500D CORDURA\u00ae.<\/li>\n<li>Audinio spalvos kodas \u2013 RAL7013. \u0160i spalva yra analogi\u0161ka Lietuvos kariuomen\u0117s i\u0161duodamos ekipuot\u0117s spalvai, dar \u017einoma kaip <em>Stone Grey Olive<\/em> arba europieti\u0161ka <em>Ranger Green.<\/em><\/li>\n<li>D\u0117klas atidaromas patraukus u\u017e ranken\u0117l\u0117s vir\u0161uje.<\/li>\n<li>Viduje turniketas yra prilaikomas gumini\u0173 virveli\u0173.<\/li>\n<li>Ant ekipuot\u0117s gali b\u016bti tvirtinamas tiek vertikaliai (PALS\/MOLLE sistema), tiek horizontaliai.<\/li>\n<li><span class=\"d2edcug0 hpfvmrgz qv66sw1b c1et5uql rrkovp55 a8c37x1j keod5gw0 nxhoafnm aigsh9s9 d3f4x2em fe6kdd0r mau55g9w c8b282yb iv3no6db jq4qci2q a3bd9o3v knj5qynh oo9gr5id\" dir=\"auto\">Priekyje yra 5 x 5 cm dyd\u017eio mink\u0161ta kontaktin\u0117 juosta informaciniams antsiuvams klijuoti (TQ, kraujo grup\u0117). <\/span><\/li>\n<\/ul>","protected":false},"excerpt":{"rendered":"<p><span class=\"d2edcug0 hpfvmrgz qv66sw1b c1et5uql rrkovp55 a8c37x1j keod5gw0 nxhoafnm aigsh9s9 d3f4x2em fe6kdd0r mau55g9w c8b282yb iv3no6db jq4qci2q a3bd9o3v knj5qynh oo9gr5id\" dir=\"auto\">D\u0117klas C.A.T. tipo turniketui ne\u0161ioti.<\/span><\/p>","protected":false},"featured_media":3721,"template":"","meta":{"_exactmetrics_skip_tracking":false,"_exactmetrics_sitenote_active":false,"_exactmetrics_sitenote_note":"","_exactmetrics_sitenote_category":0},"product_cat":[57],"product_tag":[46],"class_list":{"0":"post-763","1":"product","2":"type-product","3":"status-publish","4":"has-post-thumbnail","6":"product_cat-deklai-ir-priedai-pmp-priemonems","7":"product_tag-zalia_ral7013","9":"first","10":"instock","11":"taxable","12":"shipping-taxable","13":"purchasable","14":"product-type-simple","15":"wpzoom-wc-spi-has-enabled"},"aioseo_notices":[],"jetpack_sharing_enabled":true,"_links":{"self":[{"href":"https:\/\/matuza-tactical.lt\/en\/wp-json\/wp\/v2\/product\/763","targetHints":{"allow":["GET"]}}],"collection":[{"href":"https:\/\/matuza-tactical.lt\/en\/wp-json\/wp\/v2\/product"}],"about":[{"href":"https:\/\/matuza-tactical.lt\/en\/wp-json\/wp\/v2\/types\/product"}],"wp:featuredmedia":[{"embeddable":true,"href":"https:\/\/matuza-tactical.lt\/en\/wp-json\/wp\/v2\/media\/3721"}],"wp:attachment":[{"href":"https:\/\/matuza-tactical.lt\/en\/wp-json\/wp\/v2\/media?parent=763"}],"wp:term":[{"taxonomy":"product_cat","embeddable":true,"href":"https:\/\/matuza-tactical.lt\/en\/wp-json\/wp\/v2\/product_cat?post=763"},{"taxonomy":"product_tag","embeddable":true,"href":"https:\/\/matuza-tactical.lt\/en\/wp-json\/wp\/v2\/product_tag?post=763"}],"curies":[{"name":"wp","href":"https:\/\/api.w.org\/{rel}","templated":true}]}}