{"id":7600,"date":"2025-04-15T09:54:13","date_gmt":"2025-04-15T06:54:13","guid":{"rendered":"https:\/\/matuza-tactical.lt\/?post_type=product&#038;p=7600"},"modified":"2026-04-14T13:11:55","modified_gmt":"2026-04-14T10:11:55","slug":"evak_dirzas","status":"publish","type":"product","link":"https:\/\/matuza-tactical.lt\/en\/parduotuve\/evak_dirzas\/","title":{"rendered":"Evacuation Sling with Pouch"},"content":{"rendered":"<p><strong>PASKIRTIS<\/strong><\/p>\n<p>Evakavimo dir\u017eas skirtas su\u017eeistajam evakuoti m\u016b\u0161io s\u0105lygomis j\u012f tempiant ar ne\u0161ant iki tos vietos, kur jam bus galima saugiai suteikti pirm\u0105j\u0105 medicinin\u0119 pagalb\u0105 ir paruo\u0161ti patogesniam tolimesniam transportavimui.<\/p>\n<p><strong>DIR\u017dO SAVYB\u0116S<\/strong><\/p>\n<ul>\n<li>Vamzdiniu b\u016bdu i\u0161austas poliamidinis dir\u017eas. Itin tvirtas ir ma\u017eiau &#8222;pjaunantis&#8221; rankas negu standartinis juostos tipo dir\u017eas.<\/li>\n<li>Plotis &#8211; 2,5 cm.<\/li>\n<li>Ilgis &#8211; 8 m.<\/li>\n<li>Spalva &#8211; RAL7013 (pilk\u0161vai \u017ealia), dar \u017einoma kaip <em>Stone Grey Olive<\/em> arba europieti\u0161ka <em>Ranger Green.<\/em><\/li>\n<\/ul>\n<p><strong>D\u0116KLO SAVYB\u0116S<\/strong><\/p>\n<ul>\n<li>Audinys 500D CORDURA\u00ae.<\/li>\n<li>Audinio spalva \u2013 RAL7013 (pilk\u0161vai \u017ealia), MultiCam\u00ae, MultiCam\u00ae Tropic, Flectarn 5 clr., M81 Woodland, juoda.<\/li>\n<li>D\u0117kl\u0105 sudaro dvi dalys: d\u0117klas ir horizontalaus tvirtinimo platforma.<\/li>\n<li>D\u0117kl\u0105 galima tvirtinti vertikaliai ir jis u\u017eims 1 stulpel\u012f ir 6 eilutes PALS\/MOLLE ploto. Vertikaliai geriausia montuoti ant \u0161arvin\u0117s liemen\u0117s nugaros ar med. krep\u0161io.<\/li>\n<li>Dir\u017e\u0105 i\u0161traukti galima i\u0161 abiej\u0173 d\u0117klo gal\u0173. Galai u\u017ever\u017eiami elastine virvute su fiksatoriumi.<\/li>\n<li>D\u0117kl\u0105 galima komplektuotis su lie\u017euviu horizontaliam tvirtinimui, kurio viena pus\u0117 padengta mink\u0161ta, o kita kieta kontaktine juosta.<\/li>\n<li>D\u0117kl\u0105 sumontavus ant horizontalaus tvirtinimo adapterio, j\u012f patogiausia tvirtinti po \u0161arvin\u0117s liemen\u0117s antvo\u017eu. Nugarin\u0117je arba priekin\u0117je pus\u0117se.<\/li>\n<li>D\u0117klo priekyje yra dvi kilpos, ant kuri\u0173 galima kabinti karabin\u0105, kuris i\u0161kart b\u016bt\u0173 prisegtas prie dir\u017eo.<\/li>\n<li>Matmenys: ilgis -31 cm; plotis &#8211; 7 cm; storis &#8211; 4 cm.<\/li>\n<li>D\u0117klo svoris su dir\u017eu ir horizontalaus tvirtinimo lie\u017euviu &#8211; 400 gr.<\/li>\n<\/ul>\n<p><iframe loading=\"lazy\" title=\"Tubular Nylon Applications, Spiritus Systems\" width=\"980\" height=\"551\" src=\"https:\/\/www.youtube.com\/embed\/58bhCpJfHuI?feature=oembed\" frameborder=\"0\" allow=\"accelerometer; autoplay; clipboard-write; encrypted-media; gyroscope; picture-in-picture; web-share\" referrerpolicy=\"strict-origin-when-cross-origin\" allowfullscreen><\/iframe><\/p>\n<p><iframe loading=\"lazy\" title=\"Tying a Hasty Harness and a Halo Harness. Link to webbing &amp; D ring, in description below\" width=\"980\" height=\"551\" src=\"https:\/\/www.youtube.com\/embed\/pQzRrRzdf2E?feature=oembed\" frameborder=\"0\" allow=\"accelerometer; autoplay; clipboard-write; encrypted-media; gyroscope; picture-in-picture; web-share\" referrerpolicy=\"strict-origin-when-cross-origin\" allowfullscreen><\/iframe><\/p>\n<p><iframe loading=\"lazy\" title=\"Hasty Harness- Extraction\" width=\"980\" height=\"551\" src=\"https:\/\/www.youtube.com\/embed\/K9WtHztKK5o?feature=oembed\" frameborder=\"0\" allow=\"accelerometer; autoplay; clipboard-write; encrypted-media; gyroscope; picture-in-picture; web-share\" referrerpolicy=\"strict-origin-when-cross-origin\" allowfullscreen><\/iframe><\/p>\n<p><iframe loading=\"lazy\" title=\"Climbing Tools: Learn How To Tie A Water Knot\" width=\"980\" height=\"735\" src=\"https:\/\/www.youtube.com\/embed\/xtfbGs4s9FU?feature=oembed\" frameborder=\"0\" allow=\"accelerometer; autoplay; clipboard-write; encrypted-media; gyroscope; picture-in-picture; web-share\" referrerpolicy=\"strict-origin-when-cross-origin\" allowfullscreen><\/iframe><\/p>","protected":false},"excerpt":{"rendered":"<p>Evakuacinis dir\u017eas skirtas su\u017eeistajam evakuoti m\u016b\u0161io s\u0105lygomis j\u012f tempiant ar ne\u0161ant iki tos vietos kur jam bus galima saugiai suteikti pirm\u0105j\u0105 medicinin\u0119 pagalb\u0105 ir paruo\u0161ti patogesniam tolimesniam transportavimui.<\/p>","protected":false},"featured_media":7611,"template":"","meta":{"_exactmetrics_skip_tracking":false,"_exactmetrics_sitenote_active":false,"_exactmetrics_sitenote_note":"","_exactmetrics_sitenote_category":0},"product_cat":[57],"product_tag":[46],"class_list":{"0":"post-7600","1":"product","2":"type-product","3":"status-publish","4":"has-post-thumbnail","6":"product_cat-deklai-ir-priedai-pmp-priemonems","7":"product_tag-zalia_ral7013","9":"first","10":"instock","11":"taxable","12":"shipping-taxable","13":"purchasable","14":"product-type-variable","15":"wpzoom-wc-spi-has-enabled"},"aioseo_notices":[],"jetpack_sharing_enabled":true,"_links":{"self":[{"href":"https:\/\/matuza-tactical.lt\/en\/wp-json\/wp\/v2\/product\/7600","targetHints":{"allow":["GET"]}}],"collection":[{"href":"https:\/\/matuza-tactical.lt\/en\/wp-json\/wp\/v2\/product"}],"about":[{"href":"https:\/\/matuza-tactical.lt\/en\/wp-json\/wp\/v2\/types\/product"}],"wp:featuredmedia":[{"embeddable":true,"href":"https:\/\/matuza-tactical.lt\/en\/wp-json\/wp\/v2\/media\/7611"}],"wp:attachment":[{"href":"https:\/\/matuza-tactical.lt\/en\/wp-json\/wp\/v2\/media?parent=7600"}],"wp:term":[{"taxonomy":"product_cat","embeddable":true,"href":"https:\/\/matuza-tactical.lt\/en\/wp-json\/wp\/v2\/product_cat?post=7600"},{"taxonomy":"product_tag","embeddable":true,"href":"https:\/\/matuza-tactical.lt\/en\/wp-json\/wp\/v2\/product_tag?post=7600"}],"curies":[{"name":"wp","href":"https:\/\/api.w.org\/{rel}","templated":true}]}}