{"id":7462,"date":"2025-03-13T14:23:12","date_gmt":"2025-03-13T12:23:12","guid":{"rendered":"https:\/\/matuza-tactical.lt\/?post_type=product&#038;p=7462"},"modified":"2026-02-20T13:36:51","modified_gmt":"2026-02-20T11:36:51","slug":"pakaitiniai-sonai-lk-liemenei","status":"publish","type":"product","link":"https:\/\/matuza-tactical.lt\/en\/parduotuve\/pakaitiniai-sonai-lk-liemenei\/","title":{"rendered":"Cummerbund for Old Model LTU Army Body Armor Vest"},"content":{"rendered":"<p><strong>PASKIRTIS<\/strong><\/p>\n<p>Pakaitini\u0173 \u0161on\u0173 komplektas su adapteriu pritaikytas seno modelio Lietuvos kariuomen\u0117s \u0161arvinei liemenei.<\/p>\n<p><strong>SAVYB\u0116S<\/strong><\/p>\n<ul>\n<li><span class=\"d2edcug0 hpfvmrgz qv66sw1b c1et5uql rrkovp55 a8c37x1j keod5gw0 nxhoafnm aigsh9s9 d3f4x2em fe6kdd0r mau55g9w c8b282yb iv3no6db jq4qci2q a3bd9o3v knj5qynh oo9gr5id\" dir=\"auto\">ROC\/80 sagtys<\/span> leid\u017eia greitai atsegti ir u\u017esegti \u0161arvin\u0119 liemen\u0119.<\/li>\n<li><span class=\"d2edcug0 hpfvmrgz qv66sw1b c1et5uql rrkovp55 a8c37x1j keod5gw0 nxhoafnm aigsh9s9 d3f4x2em fe6kdd0r mau55g9w c8b282yb iv3no6db jq4qci2q a3bd9o3v knj5qynh oo9gr5id\" dir=\"auto\">Galimyb\u0117 montuoti d\u0117klus ir \u0161onines plok\u0161tes tiek i\u0161 vidin\u0117s, tiek i\u0161 i\u0161orin\u0117s pus\u0117s. <\/span><\/li>\n<li>4 dyd\u017eiai (S-XL).<\/li>\n<li>\u0160onai yra elastingi ir skeletonizuoti, tod\u0117l u\u017etikrina ger\u0105 ventiliacij\u0105 ir ne\u0161iojimo komfort\u0105.<\/li>\n<li>D\u0117l sudvigubint\u0173 dir\u017eeli\u0173 konstrukcijos d\u0117klus ir \u0161onines plok\u0161tes galima kabinti tiek i\u0161 vidin\u0117s, tiek i\u0161 i\u0161orin\u0117s \u0161on\u0173 pus\u0117s.<\/li>\n<li>\u0160onai priekyje ir gale fiksuojami po kontaktine juosta prilipdomu antvo\u017eu. Galin\u0117je dalyje galima reguliuoti j\u0173 ilg\u012f.<\/li>\n<\/ul>\n<p>&nbsp;<\/p>","protected":false},"excerpt":{"rendered":"<p>Pakaitini\u0173 \u0161on\u0173 komplektas su adapteriu pritaikytas seno modelio Lietuvos kariuomen\u0117s \u0161arvinei liemenei.<\/p>","protected":false},"featured_media":978,"template":"","meta":{"_exactmetrics_skip_tracking":false,"_exactmetrics_sitenote_active":false,"_exactmetrics_sitenote_note":"","_exactmetrics_sitenote_category":0},"product_cat":[55],"product_tag":[46],"class_list":{"0":"post-7462","1":"product","2":"type-product","3":"status-publish","4":"has-post-thumbnail","6":"product_cat-sarvines-liemenes","7":"product_tag-zalia_ral7013","9":"first","10":"onbackorder","11":"taxable","12":"shipping-taxable","13":"purchasable","14":"product-type-variable","15":"wpzoom-wc-spi-has-enabled"},"aioseo_notices":[],"jetpack_sharing_enabled":true,"_links":{"self":[{"href":"https:\/\/matuza-tactical.lt\/en\/wp-json\/wp\/v2\/product\/7462","targetHints":{"allow":["GET"]}}],"collection":[{"href":"https:\/\/matuza-tactical.lt\/en\/wp-json\/wp\/v2\/product"}],"about":[{"href":"https:\/\/matuza-tactical.lt\/en\/wp-json\/wp\/v2\/types\/product"}],"wp:featuredmedia":[{"embeddable":true,"href":"https:\/\/matuza-tactical.lt\/en\/wp-json\/wp\/v2\/media\/978"}],"wp:attachment":[{"href":"https:\/\/matuza-tactical.lt\/en\/wp-json\/wp\/v2\/media?parent=7462"}],"wp:term":[{"taxonomy":"product_cat","embeddable":true,"href":"https:\/\/matuza-tactical.lt\/en\/wp-json\/wp\/v2\/product_cat?post=7462"},{"taxonomy":"product_tag","embeddable":true,"href":"https:\/\/matuza-tactical.lt\/en\/wp-json\/wp\/v2\/product_tag?post=7462"}],"curies":[{"name":"wp","href":"https:\/\/api.w.org\/{rel}","templated":true}]}}