{"id":7458,"date":"2025-03-13T12:08:19","date_gmt":"2025-03-13T10:08:19","guid":{"rendered":"https:\/\/matuza-tactical.lt\/?post_type=product&#038;p=7458"},"modified":"2026-04-18T11:18:46","modified_gmt":"2026-04-18T08:18:46","slug":"greito-nuemimo-platforma-1-1","status":"publish","type":"product","link":"https:\/\/matuza-tactical.lt\/en\/parduotuve\/greito-nuemimo-platforma-1-1\/","title":{"rendered":"Greito nu\u0117mimo platforma Mod.1.1"},"content":{"rendered":"<p><strong>PASKIRTIS<\/strong><\/p>\n<p>Platforma yra skirta esant poreikiui greitai nusiimti PMP priemoni\u0173 d\u0117kl\u0105 arba bet kur\u012f kit\u0105 d\u0117kl\u0105, u\u017eimant\u012f <span class=\"d2edcug0 hpfvmrgz qv66sw1b c1et5uql rrkovp55 a8c37x1j keod5gw0 nxhoafnm aigsh9s9 d3f4x2em fe6kdd0r mau55g9w c8b282yb iv3no6db jq4qci2q a3bd9o3v knj5qynh oo9gr5id\" dir=\"auto\">4 x 4 PALS\/MOLLE dir\u017eeli\u0173 ploto.<\/span><\/p>\n<p><strong>SAVYB\u0116S<\/strong><\/p>\n<ul>\n<li>Audinys 500D CORDURA\u00ae.<\/li>\n<li>Audinio spalvos kodas \u2013 RAL7013. \u0160i spalva yra analogi\u0161ka Lietuvos kariuomen\u0117s i\u0161duodamos ekipuot\u0117s spalvai, dar \u017einoma kaip <em>Stone Grey Olive<\/em> arba europieti\u0161ka <em>Ranger Green.<\/em><\/li>\n<li>Platform\u0105 sudaro dvi dalys: priekin\u0117 ir galin\u0117. Priekin\u0117 dalis i\u0161 vienos pus\u0117s turi PALS\/MOLLE tvirtinimo dir\u017eelius (4 stulpelius x 4 eilutes), prie kuri\u0173 tvirtinamas PMP priemoni\u0173 d\u0117klas, i\u0161 kitos pus\u0117s yra padengta kieta (kabliuk\u0173) kontaktine juosta. Galin\u0117 dalis i\u0161 vienos pus\u0117s yra padengta mink\u0161ta (kailiuko) kontaktine juosta, i\u0161 kitos turi PALS\/MOLLE tvirtinimo sistem\u0105 (3 stulpelius x 3 eilutes), kuri leid\u017eia sistem\u0105 tvirtinti prie ekipuot\u0117s.<\/li>\n<li>Sumontavus PMP priemoni\u0173 d\u0117kl\u0105 ant priekin\u0117s platformos dalies, d\u0117klas papildomai fiksuojamas reguliuojamo ilgio dir\u017eeliu su <em>Fastex<\/em> tipo sagtimi.<\/li>\n<li>Esant poreikiui greitai nusiimti PMP priemoni\u0173 d\u0117kl\u0105, sagtis atsegama ir nuo platformos nupl\u0117\u0161iamas d\u0117klas.<\/li>\n<li>Platforma taip pat padeda sutaupyti vietos, kadangi u\u017eima ma\u017eiau stulpeli\u0173 negu standartinis Lietuvos kariuomen\u0117s PMP priemoni\u0173 d\u0117klas.<\/li>\n<\/ul>","protected":false},"excerpt":{"rendered":"<p>Platforma skirta greitai nusiimti PMP priemoni\u0173 d\u0117kl\u0105.<\/p>","protected":false},"featured_media":7461,"template":"","meta":{"_exactmetrics_skip_tracking":false,"_exactmetrics_sitenote_active":false,"_exactmetrics_sitenote_note":"","_exactmetrics_sitenote_category":0},"product_cat":[57],"product_tag":[46],"class_list":{"0":"post-7458","1":"product","2":"type-product","3":"status-publish","4":"has-post-thumbnail","6":"product_cat-deklai-ir-priedai-pmp-priemonems","7":"product_tag-zalia_ral7013","9":"first","10":"instock","11":"taxable","12":"shipping-taxable","13":"purchasable","14":"product-type-simple","15":"wpzoom-wc-spi-has-enabled"},"aioseo_notices":[],"jetpack_sharing_enabled":true,"_links":{"self":[{"href":"https:\/\/matuza-tactical.lt\/en\/wp-json\/wp\/v2\/product\/7458","targetHints":{"allow":["GET"]}}],"collection":[{"href":"https:\/\/matuza-tactical.lt\/en\/wp-json\/wp\/v2\/product"}],"about":[{"href":"https:\/\/matuza-tactical.lt\/en\/wp-json\/wp\/v2\/types\/product"}],"wp:featuredmedia":[{"embeddable":true,"href":"https:\/\/matuza-tactical.lt\/en\/wp-json\/wp\/v2\/media\/7461"}],"wp:attachment":[{"href":"https:\/\/matuza-tactical.lt\/en\/wp-json\/wp\/v2\/media?parent=7458"}],"wp:term":[{"taxonomy":"product_cat","embeddable":true,"href":"https:\/\/matuza-tactical.lt\/en\/wp-json\/wp\/v2\/product_cat?post=7458"},{"taxonomy":"product_tag","embeddable":true,"href":"https:\/\/matuza-tactical.lt\/en\/wp-json\/wp\/v2\/product_tag?post=7458"}],"curies":[{"name":"wp","href":"https:\/\/api.w.org\/{rel}","templated":true}]}}