{"id":7057,"date":"2024-12-04T10:59:51","date_gmt":"2024-12-04T08:59:51","guid":{"rendered":"https:\/\/matuza-tactical.lt\/?post_type=product&#038;p=7057"},"modified":"2026-04-15T12:59:58","modified_gmt":"2026-04-15T09:59:58","slug":"krutines_dirzelis","status":"publish","type":"product","link":"https:\/\/matuza-tactical.lt\/en\/parduotuve\/krutines_dirzelis\/","title":{"rendered":"Kr\u016btin\u0117s dir\u017eelis"},"content":{"rendered":"<div id=\"u_0_y\">\n<div class=\"fwlpnqze r5g9zsuq b0eko5f3 q46jt4gp\">Pakaitinis kr\u016btin\u0117s dir\u017eelis kuprini\u0173 ar taktini\u0173 dir\u017e\u0173 petne\u0161oms.<\/div>\n<\/div>\n<div><\/div>\n<div id=\"u_0_y\">\n<div class=\"fwlpnqze r5g9zsuq b0eko5f3 q46jt4gp\">\n<div class=\"ihx95mk1 fwlpnqze r5g9zsuq b0eko5f3 q46jt4gp ta68dy8c kpwa50dg m0cukt09 h8391g91 r3h50k6m\"><strong>SAVYB\u0116S<\/strong><\/div>\n<ul>\n<li>Pakaitin\u012f kr\u016btin\u0117s dir\u017eel\u012f galima montuoti ant kuprini\u0173 ar taktini\u0173 dir\u017e\u0173 petne\u0161\u0173 ant kuri\u0173 yra prisi\u016btas 2,5 cm plo\u010dio dir\u017eelis j\u0173 montavimui.<\/li>\n<li>Pats dir\u017eelis yra 2 cm plo\u010dio.<\/li>\n<li>U\u017esegimas sagtele.<\/li>\n<li>Reguliavimas i\u0161 vienos pus\u0117s. Laisvas dir\u017eelio galas fiksuojamas u\u017e gumin\u0117s kilpos.<\/li>\n<li>Spalvos: dir\u017eelis &#8211; \u017ealia (RAL7013), sagtis &#8211; juoda.<\/li>\n<li>Pagaminta i\u0161 IRR padengim\u0105 turin\u010di\u0173 med\u017eiag\u0173.<\/li>\n<\/ul>\n<\/div>\n<\/div>\n<form id=\"u_0_z\" class=\"_34wz _1lqw commentable_item collapsible_comments\" action=\"https:\/\/www.facebook.com\/ajax\/ufi\/modify.php\" method=\"post\" data-ft=\"{&quot;tn&quot;:&quot;]&quot;}\">\n<div class=\"_2rd3\">\n<div class=\"_37uu _sa_ _s_6 _3-8r _2pim\">\n<div>\n<div class=\"_57w\">\n<div class=\"_3399 _1f6t _4_dr _20h5\">\n<div class=\"_524d\">\n<div class=\"_ipn clearfix _-5d\"><\/div>\n<\/div>\n<\/div>\n<\/div>\n<\/div>\n<\/div>\n<\/div>\n<\/form>","protected":false},"excerpt":{"rendered":"<div class=\"ihx95mk1 fwlpnqze r5g9zsuq b0eko5f3 q46jt4gp ta68dy8c kpwa50dg m0cukt09 h8391g91 r3h50k6m\">Pakaitinis kr\u016btin\u0117s dir\u017eelis kuprini\u0173 ar taktini\u0173 dir\u017e\u0173 petne\u0161oms.<\/div>","protected":false},"featured_media":7059,"template":"","meta":{"_exactmetrics_skip_tracking":false,"_exactmetrics_sitenote_active":false,"_exactmetrics_sitenote_note":"","_exactmetrics_sitenote_category":0},"product_cat":[117],"product_tag":[46],"class_list":{"0":"post-7057","1":"product","2":"type-product","3":"status-publish","4":"has-post-thumbnail","6":"product_cat-dalys","7":"product_tag-zalia_ral7013","9":"first","10":"instock","11":"taxable","12":"shipping-taxable","13":"purchasable","14":"product-type-simple","15":"wpzoom-wc-spi-has-enabled"},"aioseo_notices":[],"jetpack_sharing_enabled":true,"_links":{"self":[{"href":"https:\/\/matuza-tactical.lt\/en\/wp-json\/wp\/v2\/product\/7057","targetHints":{"allow":["GET"]}}],"collection":[{"href":"https:\/\/matuza-tactical.lt\/en\/wp-json\/wp\/v2\/product"}],"about":[{"href":"https:\/\/matuza-tactical.lt\/en\/wp-json\/wp\/v2\/types\/product"}],"wp:featuredmedia":[{"embeddable":true,"href":"https:\/\/matuza-tactical.lt\/en\/wp-json\/wp\/v2\/media\/7059"}],"wp:attachment":[{"href":"https:\/\/matuza-tactical.lt\/en\/wp-json\/wp\/v2\/media?parent=7057"}],"wp:term":[{"taxonomy":"product_cat","embeddable":true,"href":"https:\/\/matuza-tactical.lt\/en\/wp-json\/wp\/v2\/product_cat?post=7057"},{"taxonomy":"product_tag","embeddable":true,"href":"https:\/\/matuza-tactical.lt\/en\/wp-json\/wp\/v2\/product_tag?post=7057"}],"curies":[{"name":"wp","href":"https:\/\/api.w.org\/{rel}","templated":true}]}}