{"id":6999,"date":"2024-11-25T11:29:23","date_gmt":"2024-11-25T09:29:23","guid":{"rendered":"https:\/\/matuza-tactical.lt\/?post_type=product&#038;p=6999"},"modified":"2026-04-29T09:22:02","modified_gmt":"2026-04-29T06:22:02","slug":"universalus-mazos-racijos-deklas-mod2","status":"publish","type":"product","link":"https:\/\/matuza-tactical.lt\/en\/parduotuve\/universalus-mazos-racijos-deklas-mod2\/","title":{"rendered":"Universalus ma\u017eos racijos d\u0117klas Mod.2"},"content":{"rendered":"<p><strong>PASKIRTIS<\/strong><\/p>\n<p>Universalus ma\u017eos racijos d\u0117klas Mod.2 yra skirtas populiarioms ma\u017e\u0173 gabarit\u0173 racijoms ne\u0161ioti (kaip Baofeng, TYT, Motorolla ir pan.). D\u0117l pagal racij\u0105 pritaikomos d\u0117klo konstrukcijos, racij\u0105 galima ne\u0161ioti tiek su garnit\u016bra, tiek be jos. Radijo stot\u012f \u012f d\u0117kl\u0105 patogu \u012fd\u0117ti ir i\u0161imti viena ranka. D\u0117klas u\u017esegamas sagtele, kurios vir\u0161uje perverta elastin\u0117 virvut\u0117 prisitaiko prie racijos valdymo svirteli\u0173 ir taip j\u0105 fiksuoja d\u0117kle. Priekyje yra ki\u0161en\u0117 atsarginiam akumuliatoriui.<\/p>\n<p><strong>SAVYB\u0116S<\/strong><\/p>\n<ul>\n<li>Konstrukcijos pagrindas &#8211; tvirtas poliamidinis dir\u017eas.<\/li>\n<li>D\u0117klo priekin\u0117 dalis pasi\u016bta i\u0161 500D CORDURA\u00ae audinio.<\/li>\n<li>Audinio spalvos kodas \u2013 RAL7013. \u0160i spalva yra analogi\u0161ka Lietuvos kariuomen\u0117s i\u0161duodamos ekipuot\u0117s spalvai, dar \u017einoma kaip <em>Stone Grey Olive<\/em> arba europieti\u0161ka <em>Ranger Green.<\/em><\/li>\n<li>Matmenys 6<span class=\"d2edcug0 hpfvmrgz qv66sw1b c1et5uql rrkovp55 a8c37x1j keod5gw0 nxhoafnm aigsh9s9 d3f4x2em fe6kdd0r mau55g9w c8b282yb iv3no6db jq4qci2q a3bd9o3v knj5qynh oo9gr5id\" dir=\"auto\"> x 5 x 12cm.<\/span><\/li>\n<li>U\u017esegamas sagtele, kurios vir\u0161uje perverta elastin\u0117 virvut\u0117.<\/li>\n<li>D\u0117klo vir\u0161uje yra kontaktine juosta prilipdomi\u00a0dir\u017eeliai, kuriais galima suformuoti d\u0117klo vir\u0161\u0173 pagal racijos form\u0105.<\/li>\n<li>D\u0117klo apa\u010dioje \u012fsi\u016btos elastin\u0117s juostos, d\u0117l to \u012f d\u0117kl\u0105 gali tilpti \u012fvairi\u0173 matmen\u0173 radijo stotys.<\/li>\n<li>D\u0117klo priekyje &#8211; ki\u0161en\u0117, kurios dangtis fiksuojamas kontaktine juosta, atsarginiam akumuliatoriui.<\/li>\n<li>Racijos tangent\u0117 lengvai prieinama i\u0161 abiej\u0173 stoties pusi\u0173.<\/li>\n<li>Prie ekipuot\u0117s tvirtinamas MOLLE sistema (1 stulpelis x 2 eilut\u0117s).<\/li>\n<li>Pagaminta i\u0161 IRR padengim\u0105 turin\u010di\u0173 med\u017eiag\u0173.<\/li>\n<\/ul>\n<p><iframe loading=\"lazy\" title=\"Ma\u017eos racijos d\u0117klas Mod 2\" width=\"980\" height=\"551\" src=\"https:\/\/www.youtube.com\/embed\/uU4tc09CvkQ?feature=oembed\" frameborder=\"0\" allow=\"accelerometer; autoplay; clipboard-write; encrypted-media; gyroscope; picture-in-picture; web-share\" referrerpolicy=\"strict-origin-when-cross-origin\" allowfullscreen><\/iframe><\/p>","protected":false},"excerpt":{"rendered":"<p>Universalus ma\u017eos racijos d\u0117klas Mod.2 yra skirtas populiarioms ma\u017e\u0173 gabarit\u0173 racijoms ne\u0161ioti.<\/p>","protected":false},"featured_media":7015,"template":"","meta":{"_exactmetrics_skip_tracking":false,"_exactmetrics_sitenote_active":false,"_exactmetrics_sitenote_note":"","_exactmetrics_sitenote_category":0},"product_cat":[44],"product_tag":[46],"class_list":{"0":"post-6999","1":"product","2":"type-product","3":"status-publish","4":"has-post-thumbnail","6":"product_cat-kita","7":"product_tag-zalia_ral7013","9":"first","10":"instock","11":"featured","12":"taxable","13":"shipping-taxable","14":"purchasable","15":"product-type-simple","16":"wpzoom-wc-spi-has-enabled"},"aioseo_notices":[],"jetpack_sharing_enabled":true,"_links":{"self":[{"href":"https:\/\/matuza-tactical.lt\/en\/wp-json\/wp\/v2\/product\/6999","targetHints":{"allow":["GET"]}}],"collection":[{"href":"https:\/\/matuza-tactical.lt\/en\/wp-json\/wp\/v2\/product"}],"about":[{"href":"https:\/\/matuza-tactical.lt\/en\/wp-json\/wp\/v2\/types\/product"}],"wp:featuredmedia":[{"embeddable":true,"href":"https:\/\/matuza-tactical.lt\/en\/wp-json\/wp\/v2\/media\/7015"}],"wp:attachment":[{"href":"https:\/\/matuza-tactical.lt\/en\/wp-json\/wp\/v2\/media?parent=6999"}],"wp:term":[{"taxonomy":"product_cat","embeddable":true,"href":"https:\/\/matuza-tactical.lt\/en\/wp-json\/wp\/v2\/product_cat?post=6999"},{"taxonomy":"product_tag","embeddable":true,"href":"https:\/\/matuza-tactical.lt\/en\/wp-json\/wp\/v2\/product_tag?post=6999"}],"curies":[{"name":"wp","href":"https:\/\/api.w.org\/{rel}","templated":true}]}}