{"id":694,"date":"2021-01-10T19:51:24","date_gmt":"2021-01-10T17:51:24","guid":{"rendered":"http:\/\/matuza-tactical.lt\/?post_type=product&#038;p=694"},"modified":"2026-04-15T12:45:32","modified_gmt":"2026-04-15T09:45:32","slug":"universalus-deklas-liudas","status":"publish","type":"product","link":"https:\/\/matuza-tactical.lt\/en\/parduotuve\/universalus-deklas-liudas\/","title":{"rendered":"Utility Pouch \"LiUDas\""},"content":{"rendered":"<p><strong>PASKIRTIS<\/strong><\/p>\n<p>\u201eLiudas\u201c yra skirtas smulkiems daiktams ne\u0161ioti ir gali b\u016bti tvirtinamas ant d\u0117tuv\u0117s d\u0117klo. Jame tinka ne\u0161ioti <span class=\"d2edcug0 hpfvmrgz qv66sw1b c1et5uql rrkovp55 a8c37x1j keod5gw0 nxhoafnm aigsh9s9 d3f4x2em fe6kdd0r mau55g9w c8b282yb iv3no6db jq4qci2q a3bd9o3v knj5qynh oo9gr5id\" dir=\"auto\">turniket\u0105 ir spaud\u017eiam\u0105j\u012f tvarst\u012f, granat\u0105, racij\u0105 ir t. t. <\/span><\/p>\n<p><strong>SAVYB\u0116S<\/strong><\/p>\n<ul>\n<li>Audinys 500D CORDURA\u00ae.<\/li>\n<li>Audinio spalvos kodas \u2013 RAL7013. \u0160i spalva yra analogi\u0161ka Lietuvos kariuomen\u0117s i\u0161duodamos ekipuot\u0117s spalvai, dar \u017einoma kaip <em>Stone Grey Olive<\/em> arba europieti\u0161ka <em>Ranger Green.<\/em><\/li>\n<li>Matmenys 9<span class=\"d2edcug0 hpfvmrgz qv66sw1b c1et5uql rrkovp55 a8c37x1j keod5gw0 nxhoafnm aigsh9s9 d3f4x2em fe6kdd0r mau55g9w c8b282yb iv3no6db jq4qci2q a3bd9o3v knj5qynh oo9gr5id\" dir=\"auto\"> x 4 x 13 cm, ta\u010diau d\u0117l didelio u\u017esegimo lauko galima ne\u0161ioti net iki 19 cm auk\u0161\u010dio daiktus.<\/span><\/li>\n<li>U\u017esegamas kontaktine juosta.<\/li>\n<li>Prie ekipuot\u0117s tvirtinamas MOLLE sistema (2 stulpeliai x 3 eilut\u0117s).<\/li>\n<li>D\u0117kle telpa CAT turniketas ir spaud\u017eiamasis tvarstis.<\/li>\n<\/ul>\n<p>&nbsp;<\/p>","protected":false},"excerpt":{"rendered":"<p>Universalus d\u0117klas smulkiems daiktams ne\u0161ioti.<\/p>","protected":false},"featured_media":5377,"template":"","meta":{"_exactmetrics_skip_tracking":false,"_exactmetrics_sitenote_active":false,"_exactmetrics_sitenote_note":"","_exactmetrics_sitenote_category":0},"product_cat":[64,57],"product_tag":[46],"class_list":{"0":"post-694","1":"product","2":"type-product","3":"status-publish","4":"has-post-thumbnail","6":"product_cat-bendros-paskirties-deklai","7":"product_cat-deklai-ir-priedai-pmp-priemonems","8":"product_tag-zalia_ral7013","10":"first","11":"outofstock","12":"taxable","13":"shipping-taxable","14":"purchasable","15":"product-type-simple","16":"wpzoom-wc-spi-has-enabled"},"aioseo_notices":[],"jetpack_sharing_enabled":true,"_links":{"self":[{"href":"https:\/\/matuza-tactical.lt\/en\/wp-json\/wp\/v2\/product\/694","targetHints":{"allow":["GET"]}}],"collection":[{"href":"https:\/\/matuza-tactical.lt\/en\/wp-json\/wp\/v2\/product"}],"about":[{"href":"https:\/\/matuza-tactical.lt\/en\/wp-json\/wp\/v2\/types\/product"}],"wp:featuredmedia":[{"embeddable":true,"href":"https:\/\/matuza-tactical.lt\/en\/wp-json\/wp\/v2\/media\/5377"}],"wp:attachment":[{"href":"https:\/\/matuza-tactical.lt\/en\/wp-json\/wp\/v2\/media?parent=694"}],"wp:term":[{"taxonomy":"product_cat","embeddable":true,"href":"https:\/\/matuza-tactical.lt\/en\/wp-json\/wp\/v2\/product_cat?post=694"},{"taxonomy":"product_tag","embeddable":true,"href":"https:\/\/matuza-tactical.lt\/en\/wp-json\/wp\/v2\/product_tag?post=694"}],"curies":[{"name":"wp","href":"https:\/\/api.w.org\/{rel}","templated":true}]}}