{"id":6538,"date":"2024-07-23T09:27:23","date_gmt":"2024-07-23T06:27:23","guid":{"rendered":"https:\/\/matuza-tactical.lt\/?post_type=product&#038;p=6538"},"modified":"2026-02-18T13:18:23","modified_gmt":"2026-02-18T11:18:23","slug":"2m-spider","status":"publish","type":"product","link":"https:\/\/matuza-tactical.lt\/en\/parduotuve\/2m-spider\/","title":{"rendered":"2M Spider\/BC 75 Repair Buckle"},"content":{"rendered":"<div id=\"u_0_y\">\n<div class=\"fwlpnqze r5g9zsuq b0eko5f3 q46jt4gp\">Pakaitin\u0117 greito atsegimo sagtis \u0161arvin\u0117s liemen\u0117s \u0161onams.<\/div>\n<\/div>\n<div><\/div>\n<div id=\"u_0_y\">\n<div class=\"fwlpnqze r5g9zsuq b0eko5f3 q46jt4gp\">\n<div class=\"ihx95mk1 fwlpnqze r5g9zsuq b0eko5f3 q46jt4gp ta68dy8c kpwa50dg m0cukt09 h8391g91 r3h50k6m\"><strong>SAVYB\u0116S<\/strong><\/div>\n<ul>\n<li>Sagt\u012f galima montuoti tiek kair\u0117je, tiek de\u0161in\u0117je liemen\u0117s pus\u0117je.<\/li>\n<li>\u0160iomis sagtimis galima pakeisti visas greito atsegimo sagtis, kurios tvirtinasi ant trij\u0173 25 mm plo\u010dio dir\u017eelio kilp\u0173.<\/li>\n<li>Sagties \u0161onai turi persk\u0117limus (<em>split bar<\/em>) per kuriuos galima u\u017everti kilpas.<\/li>\n<li>Sagties atidarymo rankenai galima panaudoti bet koki\u0105 <em>paracord<\/em> tipo virv\u0119.<\/li>\n<li>Spalvos: \u017ealia (RAL7013), sm\u0117lio, juoda.<\/li>\n<li>Pagaminta i\u0161 poliamidinio pluo\u0161to &#8211; nailono.<\/li>\n<li>Gamintojas Due Emme (2M) (Italija), vienas geriausi\u0173 plastikini\u0173 komponent\u0173 ekipuotei gamintoj\u0173 Europoje.<\/li>\n<\/ul>\n<p>\u0160ias sagtis galima montuoti ant Lietuvos kariuomen\u0117je i\u0161duodam\u0173 Mehler Vario System gaminam\u0173 \u0161arvini\u0173 liemeni\u0173 be joki\u0173 papildom\u0173 modifikacij\u0173.<\/p>\n<p>Sagtis parduodama vienetais. Norint ant abiej\u0173 liemen\u0117s \u0161on\u0173 sumontuoti \u0161ias sagtis, reik\u0117s 2 vnt.<\/p>\n<\/div>\n<p>&nbsp;<\/p>\n<p><iframe loading=\"lazy\" title=\"Pakaitin\u0117s sagtys \u0161arvini\u0173 liemeni\u0173 \u0161onams\" width=\"563\" height=\"1000\" src=\"https:\/\/www.youtube.com\/embed\/FZMNHkSgCUQ?feature=oembed\" frameborder=\"0\" allow=\"accelerometer; autoplay; clipboard-write; encrypted-media; gyroscope; picture-in-picture; web-share\" referrerpolicy=\"strict-origin-when-cross-origin\" allowfullscreen><\/iframe><\/p>\n<p>&nbsp;<\/p>\n<p>&nbsp;<\/p>\n<\/div>\n<div class=\"_2rd3\">\n<div class=\"_37uu _sa_ _s_6 _3-8r _2pim\">\n<div>\n<div class=\"_57w\">\n<div class=\"_3399 _1f6t _4_dr _20h5\">\n<div class=\"_524d\">\n<div class=\"_ipn clearfix _-5d\"><\/div>\n<\/div>\n<\/div>\n<\/div>\n<\/div>\n<\/div>\n<\/div>","protected":false},"excerpt":{"rendered":"<div class=\"ihx95mk1 fwlpnqze r5g9zsuq b0eko5f3 q46jt4gp ta68dy8c kpwa50dg m0cukt09 h8391g91 r3h50k6m\">Pakaitin\u0117 greito atsegimo sagtis \u0161arvin\u0117s liemen\u0117s \u0161onams.<\/div>","protected":false},"featured_media":6541,"template":"","meta":{"_exactmetrics_skip_tracking":false,"_exactmetrics_sitenote_active":false,"_exactmetrics_sitenote_note":"","_exactmetrics_sitenote_category":0},"product_cat":[117,55],"product_tag":[47,116,46],"class_list":{"0":"post-6538","1":"product","2":"type-product","3":"status-publish","4":"has-post-thumbnail","6":"product_cat-dalys","7":"product_cat-sarvines-liemenes","8":"product_tag-juoda","9":"product_tag-multicam","10":"product_tag-zalia_ral7013","12":"first","13":"instock","14":"taxable","15":"shipping-taxable","16":"purchasable","17":"product-type-variable","18":"wpzoom-wc-spi-has-enabled"},"aioseo_notices":[],"jetpack_sharing_enabled":true,"_links":{"self":[{"href":"https:\/\/matuza-tactical.lt\/en\/wp-json\/wp\/v2\/product\/6538","targetHints":{"allow":["GET"]}}],"collection":[{"href":"https:\/\/matuza-tactical.lt\/en\/wp-json\/wp\/v2\/product"}],"about":[{"href":"https:\/\/matuza-tactical.lt\/en\/wp-json\/wp\/v2\/types\/product"}],"wp:featuredmedia":[{"embeddable":true,"href":"https:\/\/matuza-tactical.lt\/en\/wp-json\/wp\/v2\/media\/6541"}],"wp:attachment":[{"href":"https:\/\/matuza-tactical.lt\/en\/wp-json\/wp\/v2\/media?parent=6538"}],"wp:term":[{"taxonomy":"product_cat","embeddable":true,"href":"https:\/\/matuza-tactical.lt\/en\/wp-json\/wp\/v2\/product_cat?post=6538"},{"taxonomy":"product_tag","embeddable":true,"href":"https:\/\/matuza-tactical.lt\/en\/wp-json\/wp\/v2\/product_tag?post=6538"}],"curies":[{"name":"wp","href":"https:\/\/api.w.org\/{rel}","templated":true}]}}