{"id":6256,"date":"2024-05-13T10:13:14","date_gmt":"2024-05-13T07:13:14","guid":{"rendered":"https:\/\/matuza-tactical.lt\/?post_type=product&#038;p=6256"},"modified":"2026-04-15T12:36:06","modified_gmt":"2026-04-15T09:36:06","slug":"apsaugine-juosta","status":"publish","type":"product","link":"https:\/\/matuza-tactical.lt\/en\/parduotuve\/apsaugine-juosta\/","title":{"rendered":"Protective Strap"},"content":{"rendered":"<p>Apsaugin\u0117 juosta skirta u\u017edengti taktinio dir\u017eo vidin\u0117s pus\u0117s kiet\u0105 kontaktin\u0119 juost\u0105. Taip apsaugomi vir\u0161utiniai r\u016bbai kai taktin\u012f dir\u017e\u0105 norima ne\u0161ioti ant j\u0173, o ne lipdant ant \u012f kelnes \u012fverto podir\u017eio.<\/p>\n<p>Spalva- juoda.<\/p>\n<p>Dyd\u017eiai:\u00a0 S (85 cm); M (90 cm); L (95 cm) ir XL (100 cm). Dyd\u017eiai suderinti su Siauruk\u0173 linijos dir\u017eais. Norint apsaugin\u0119 juost\u0105 panaudoti su kit\u0173 gamintoj\u0173 dir\u017eais reikia i\u0161simatuoti vidin\u0117je pus\u0117je esan\u010dios kietos kontaktin\u0117s juostos ilg\u012f ir taip pasirinkti reikiam\u0105 ilg\u012f.<\/p>\n<p>&nbsp;<\/p>","protected":false},"excerpt":{"rendered":"<p>Apsaugin\u0117 juosta skirta u\u017edengti taktinio dir\u017eo vidin\u0117s pus\u0117s kiet\u0105 kontaktin\u0119 juost\u0105.<\/p>","protected":false},"featured_media":6263,"template":"","meta":{"_exactmetrics_skip_tracking":false,"_exactmetrics_sitenote_active":false,"_exactmetrics_sitenote_note":"","_exactmetrics_sitenote_category":0},"product_cat":[39],"product_tag":[],"class_list":{"0":"post-6256","1":"product","2":"type-product","3":"status-publish","4":"has-post-thumbnail","6":"product_cat-taktiniai_dirzai","8":"first","9":"instock","10":"taxable","11":"shipping-taxable","12":"purchasable","13":"product-type-variable","14":"wpzoom-wc-spi-has-enabled"},"aioseo_notices":[],"jetpack_sharing_enabled":true,"_links":{"self":[{"href":"https:\/\/matuza-tactical.lt\/en\/wp-json\/wp\/v2\/product\/6256","targetHints":{"allow":["GET"]}}],"collection":[{"href":"https:\/\/matuza-tactical.lt\/en\/wp-json\/wp\/v2\/product"}],"about":[{"href":"https:\/\/matuza-tactical.lt\/en\/wp-json\/wp\/v2\/types\/product"}],"wp:featuredmedia":[{"embeddable":true,"href":"https:\/\/matuza-tactical.lt\/en\/wp-json\/wp\/v2\/media\/6263"}],"wp:attachment":[{"href":"https:\/\/matuza-tactical.lt\/en\/wp-json\/wp\/v2\/media?parent=6256"}],"wp:term":[{"taxonomy":"product_cat","embeddable":true,"href":"https:\/\/matuza-tactical.lt\/en\/wp-json\/wp\/v2\/product_cat?post=6256"},{"taxonomy":"product_tag","embeddable":true,"href":"https:\/\/matuza-tactical.lt\/en\/wp-json\/wp\/v2\/product_tag?post=6256"}],"curies":[{"name":"wp","href":"https:\/\/api.w.org\/{rel}","templated":true}]}}