{"id":6031,"date":"2024-03-15T17:57:48","date_gmt":"2024-03-15T15:57:48","guid":{"rendered":"https:\/\/matuza-tactical.lt\/?post_type=product&#038;p=6031"},"modified":"2026-04-15T11:56:38","modified_gmt":"2026-04-15T08:56:38","slug":"siaurukas-mod-1-3-su-paminkstinimu","status":"publish","type":"product","link":"https:\/\/matuza-tactical.lt\/en\/parduotuve\/siaurukas-mod-1-3-su-paminkstinimu\/","title":{"rendered":"Shooters Belt Mod.1.3 with Padding"},"content":{"rendered":"<div id=\"u_0_y\">\n<div class=\"fwlpnqze r5g9zsuq b0eko5f3 q46jt4gp\">\n<div><strong>PASKIRTIS<\/strong><\/div>\n<\/div>\n<\/div>\n<div>Taktinis dir\u017eas \u201eSiaurukas\u201c leid\u017eia dal\u012f savo ekipuot\u0117s perkelti nuo liemen\u0117s ant dir\u017eo. Ant jo patogu kabinti pistolet\u0105, por\u0105 automatinio \u0161autuvo d\u0117tuvi\u0173, PMP priemones, peil\u012f ir kit\u0105 smulki\u0105 ekipuot\u0119. D\u0117l \u012f kelnes \u012fveriamo podir\u017eio, prie kurio klijuojamas pagrindinis dir\u017eas, nenuken\u010dia kario mobilumas, ekipuot\u0117 laikosi patogiame auk\u0161tyje ir i\u0161vengiama smunkan\u010di\u0173 kelni\u0173 poj\u016b\u010dio, kuris b\u016bdingas tokiems taktiniams dir\u017eams be petne\u0161\u0173. \u201eSiauruk\u0105\u201c galima ne\u0161ioti tiek su pamink\u0161tinimu, tiek be jo. Komplektacijoje esantis pamink\u0161tinimas palaiko ant dir\u017eo esan\u010dius ekipuot\u0117s d\u0117klus toliau nuo k\u016bno ir apsaugo nuo nuspaudimo.<\/div>\n<div><\/div>\n<div id=\"u_0_y\">\n<div class=\"fwlpnqze r5g9zsuq b0eko5f3 q46jt4gp\">\n<div class=\"ihx95mk1 fwlpnqze r5g9zsuq b0eko5f3 q46jt4gp ta68dy8c kpwa50dg m0cukt09 h8391g91 r3h50k6m\"><strong>SAVYB\u0116S<\/strong><\/div>\n<ul>\n<li class=\"ihx95mk1 fwlpnqze r5g9zsuq b0eko5f3 q46jt4gp ta68dy8c kpwa50dg m0cukt09 h8391g91 r3h50k6m\">\u017dEMO PROFILIO TAKTINIS DIR\u017dAS. Standus 5 cm plo\u010dio taktinis dir\u017eas, padengtas susiaurintais PALS\/MOLLE dir\u017eeliais, tod\u0117l ant jo galima kabinti visus d\u0117klus naudojan\u010dius \u0161i\u0105 sistem\u0105. Ant jo taip pat galima kabinti vis\u0173 tip\u0173 pistolet\u0173 ir peili\u0173 d\u0117klus, telpan\u010dius ant 5 cm plo\u010dio dir\u017eo. Dir\u017eas turi plastikine sagt\u012f su saugikliu. Dir\u017eo ilgis lengvai reguliuojasi, o laisvasis dir\u017eo galas suvyniojus fiksuojamas dvipuse kontaktine juosta. Dir\u017eo vidin\u0117 pus\u0117 padengta kieta (kabliuk\u0173) kontaktine juosta dir\u017eo prilipinimui prie pamink\u0161tinimo ar podir\u017eio.<\/li>\n<li>PAMINK\u0160TINIMAS. Dir\u017eo komplektacijoje esantis 8 cm plo\u010dio pamink\u0161tinimas yra prilipinamas ant \u201eSiauruko\u201c ir podir\u017eio (priklausomai nuo pasirinkto varianto). Pamink\u0161tinimas yra suformuotas i\u0161 atminties efekto neturin\u010dio u\u017edar\u0173 por\u0173 polietileno, apsi\u016bto orui laid\u017eiu 3D audiniu. Vienoje pus\u0117je per vis\u0105 ilg\u012f prisi\u016bta mink\u0161ta (kailiuko) kontaktin\u0117 juosta, prie kurios lipinamas \u201eSiaurukas\u201c, o pasirinkus variant\u0105 su podir\u017eiu &#8211; kitoje pus\u0117je kieta (kabliuk\u0173) kontaktin\u0117 juosta, kuri prilips prie podir\u017eio.<\/li>\n<li>PODIR\u017dIS Mod.1. 4 cm plo\u010dio kelni\u0173 dir\u017eas padengtas mink\u0161ta (kailiuko) kontaktine juosta. Viename dir\u017eo gale \u012fsi\u016bta plastikin\u0117 kilpa patogesniam dir\u017eo suver\u017eimui, kitame dir\u017eo gale i\u0161 vidin\u0117s pus\u0117s prisi\u016bta kieta (kabliuk\u0173) kontaktin\u0117 juosta fiksacijai. Prie podir\u017eio \u201eSiauruk\u0105\u201c galima klijuoti tiek su pamink\u0161tinimu, tiek be jo.<\/li>\n<\/ul>\n<\/div>\n<\/div>","protected":false},"excerpt":{"rendered":"<div class=\"ihx95mk1 fwlpnqze r5g9zsuq b0eko5f3 q46jt4gp ta68dy8c kpwa50dg m0cukt09 h8391g91 r3h50k6m\">Trij\u0173 dali\u0173 taktinio dir\u017eo sistema:<\/div>\n<div class=\"ihx95mk1 fwlpnqze r5g9zsuq b0eko5f3 q46jt4gp ta68dy8c kpwa50dg m0cukt09 h8391g91 r3h50k6m\">&#8211; \u017demo profilio taktinis dir\u017eas;<\/div>\n<div class=\"ihx95mk1 fwlpnqze r5g9zsuq b0eko5f3 q46jt4gp ta68dy8c kpwa50dg m0cukt09 h8391g91 r3h50k6m\">&#8211; Prilipdomas pamink\u0161tinimas;<\/div>\n<div class=\"ihx95mk1 fwlpnqze r5g9zsuq b0eko5f3 q46jt4gp ta68dy8c kpwa50dg m0cukt09 h8391g91 r3h50k6m\">&#8211; Podir\u017eis (pasirinktinai).<\/div>","protected":false},"featured_media":6050,"template":"","meta":{"_exactmetrics_skip_tracking":false,"_exactmetrics_sitenote_active":false,"_exactmetrics_sitenote_note":"","_exactmetrics_sitenote_category":0},"product_cat":[39],"product_tag":[46],"class_list":{"0":"post-6031","1":"product","2":"type-product","3":"status-publish","4":"has-post-thumbnail","6":"product_cat-taktiniai_dirzai","7":"product_tag-zalia_ral7013","9":"first","10":"instock","11":"taxable","12":"shipping-taxable","13":"purchasable","14":"product-type-variable","15":"wpzoom-wc-spi-has-enabled"},"aioseo_notices":[],"jetpack_sharing_enabled":true,"_links":{"self":[{"href":"https:\/\/matuza-tactical.lt\/en\/wp-json\/wp\/v2\/product\/6031","targetHints":{"allow":["GET"]}}],"collection":[{"href":"https:\/\/matuza-tactical.lt\/en\/wp-json\/wp\/v2\/product"}],"about":[{"href":"https:\/\/matuza-tactical.lt\/en\/wp-json\/wp\/v2\/types\/product"}],"wp:featuredmedia":[{"embeddable":true,"href":"https:\/\/matuza-tactical.lt\/en\/wp-json\/wp\/v2\/media\/6050"}],"wp:attachment":[{"href":"https:\/\/matuza-tactical.lt\/en\/wp-json\/wp\/v2\/media?parent=6031"}],"wp:term":[{"taxonomy":"product_cat","embeddable":true,"href":"https:\/\/matuza-tactical.lt\/en\/wp-json\/wp\/v2\/product_cat?post=6031"},{"taxonomy":"product_tag","embeddable":true,"href":"https:\/\/matuza-tactical.lt\/en\/wp-json\/wp\/v2\/product_tag?post=6031"}],"curies":[{"name":"wp","href":"https:\/\/api.w.org\/{rel}","templated":true}]}}