{"id":5706,"date":"2024-01-14T20:25:48","date_gmt":"2024-01-14T18:25:48","guid":{"rendered":"https:\/\/matuza-tactical.lt\/?post_type=product&#038;p=5706"},"modified":"2025-09-17T09:10:19","modified_gmt":"2025-09-17T06:10:19","slug":"2m_wb_25mm_remonto_sagtis","status":"publish","type":"product","link":"https:\/\/matuza-tactical.lt\/en\/parduotuve\/2m_wb_25mm_remonto_sagtis\/","title":{"rendered":"2M WB 25 mm remonto sagtis"},"content":{"rendered":"<div id=\"u_0_y\">\n<div class=\"fwlpnqze r5g9zsuq b0eko5f3 q46jt4gp\">25 mm Warrior Buckle linijos sagtis.<\/div>\n<\/div>\n<div><\/div>\n<div id=\"u_0_y\">\n<div class=\"fwlpnqze r5g9zsuq b0eko5f3 q46jt4gp\">\n<div class=\"ihx95mk1 fwlpnqze r5g9zsuq b0eko5f3 q46jt4gp ta68dy8c kpwa50dg m0cukt09 h8391g91 r3h50k6m\"><strong>SAVYB\u0116S<\/strong><\/div>\n<ul>\n<li>Sagt\u012f sudaro dvi dalys.<\/li>\n<li>Vyri\u0161koji dalis reguliuojama.<\/li>\n<li>Moteri\u0161koji dalis skelta (<em>split bar<\/em>). Skirta u\u017everti ant kilpos arba Molle\/PALS juost\u0173.<\/li>\n<li>Sagtis skirta naudoti su 25 mm (1 colio) plo\u010dio dir\u017eeliais.<\/li>\n<li>Spalva juoda.<\/li>\n<li>Pagaminta i\u0161 poliacetalio (POM).<\/li>\n<li>Gamintojas Due Emme (2M) (Italija), vienas geriausi\u0173 plastikini\u0173 komponent\u0173 ekipuotei gamintoj\u0173 Europoje.<\/li>\n<\/ul>\n<\/div>\n<\/div>\n<form id=\"u_0_z\" class=\"_34wz _1lqw commentable_item collapsible_comments\" action=\"https:\/\/www.facebook.com\/ajax\/ufi\/modify.php\" method=\"post\" data-ft=\"{&quot;tn&quot;:&quot;]&quot;}\">\n<div class=\"_2rd3\">\n<div class=\"_37uu _sa_ _s_6 _3-8r _2pim\">\n<div>\n<div class=\"_57w\">\n<div class=\"_3399 _1f6t _4_dr _20h5\">\n<div class=\"_524d\">\n<div class=\"_ipn clearfix _-5d\"><\/div>\n<\/div>\n<\/div>\n<\/div>\n<\/div>\n<\/div>\n<\/div>\n<\/form>","protected":false},"excerpt":{"rendered":"<div class=\"ihx95mk1 fwlpnqze r5g9zsuq b0eko5f3 q46jt4gp ta68dy8c kpwa50dg m0cukt09 h8391g91 r3h50k6m\">25 mm Warrior Buckle linijos sagtis.<\/div>","protected":false},"featured_media":5705,"template":"","meta":{"_exactmetrics_skip_tracking":false,"_exactmetrics_sitenote_active":false,"_exactmetrics_sitenote_note":"","_exactmetrics_sitenote_category":0},"product_cat":[117],"product_tag":[47],"class_list":{"0":"post-5706","1":"product","2":"type-product","3":"status-publish","4":"has-post-thumbnail","6":"product_cat-dalys","7":"product_tag-juoda","9":"first","10":"instock","11":"taxable","12":"shipping-taxable","13":"purchasable","14":"product-type-simple"},"aioseo_notices":[],"jetpack_sharing_enabled":true,"_links":{"self":[{"href":"https:\/\/matuza-tactical.lt\/en\/wp-json\/wp\/v2\/product\/5706","targetHints":{"allow":["GET"]}}],"collection":[{"href":"https:\/\/matuza-tactical.lt\/en\/wp-json\/wp\/v2\/product"}],"about":[{"href":"https:\/\/matuza-tactical.lt\/en\/wp-json\/wp\/v2\/types\/product"}],"wp:featuredmedia":[{"embeddable":true,"href":"https:\/\/matuza-tactical.lt\/en\/wp-json\/wp\/v2\/media\/5705"}],"wp:attachment":[{"href":"https:\/\/matuza-tactical.lt\/en\/wp-json\/wp\/v2\/media?parent=5706"}],"wp:term":[{"taxonomy":"product_cat","embeddable":true,"href":"https:\/\/matuza-tactical.lt\/en\/wp-json\/wp\/v2\/product_cat?post=5706"},{"taxonomy":"product_tag","embeddable":true,"href":"https:\/\/matuza-tactical.lt\/en\/wp-json\/wp\/v2\/product_tag?post=5706"}],"curies":[{"name":"wp","href":"https:\/\/api.w.org\/{rel}","templated":true}]}}