{"id":5335,"date":"2023-09-22T18:05:21","date_gmt":"2023-09-22T15:05:21","guid":{"rendered":"https:\/\/matuza-tactical.lt\/?post_type=product&#038;p=5335"},"modified":"2026-04-15T12:35:42","modified_gmt":"2026-04-15T09:35:42","slug":"siaurukas-mod-1-4-mc","status":"publish","type":"product","link":"https:\/\/matuza-tactical.lt\/en\/parduotuve\/siaurukas-mod-1-4-mc\/","title":{"rendered":"Shooters Belt Mod.1.4 MC"},"content":{"rendered":"<div id=\"u_0_y\">\n<div class=\"fwlpnqze r5g9zsuq b0eko5f3 q46jt4gp\">\n<div><strong>PASKIRTIS<\/strong><\/div>\n<\/div>\n<\/div>\n<div>Taktinis dir\u017eas \u201eSiaurukas\u201c leid\u017eia dal\u012f savo ekipuot\u0117s perkelti nuo liemen\u0117s ant dir\u017eo. Ant jo patogu kabinti pistolet\u0105, por\u0105 automatinio \u0161autuvo d\u0117tuvi\u0173, PMP priemones, peil\u012f ir kit\u0105 smulki\u0105 ekipuot\u0119. D\u0117l \u012f kelnes \u012fveriamo podir\u017eio, prie kurio klijuojamas pagrindinis dir\u017eas, nenuken\u010dia kario mobilumas, ekipuot\u0117 laikosi patogiame auk\u0161tyje ir i\u0161vengiama smunkan\u010di\u0173 kelni\u0173 poj\u016b\u010dio, kuris b\u016bdingas tokiems taktiniams dir\u017eams be petne\u0161\u0173. \u201eSiauruk\u0105\u201c galima ne\u0161ioti tiek su pamink\u0161tinimu, tiek be jo. Pamink\u0161tinimas palaiko ant dir\u017eo esan\u010dius ekipuot\u0117s d\u0117klus toliau nuo k\u016bno ir apsaugo nuo nuspaudimo.<\/div>\n<div><\/div>\n<div id=\"u_0_y\">\n<div class=\"fwlpnqze r5g9zsuq b0eko5f3 q46jt4gp\">\n<div class=\"ihx95mk1 fwlpnqze r5g9zsuq b0eko5f3 q46jt4gp ta68dy8c kpwa50dg m0cukt09 h8391g91 r3h50k6m\"><strong>SAVYB\u0116S<\/strong><\/div>\n<ul>\n<li>Dir\u017eas yra pasi\u016btas i\u0161 amerikie\u010di\u0173 kompanijos\u00a0Murdock Webbing Inc. dir\u017eo, kuriame\u00a0MultiCam\u00ae kamuflia\u017eo ra\u0161tas yra neatspausdintas, o i\u0161austas. Tai u\u017etikrina ilgalaik\u012f dir\u017eo spalvos i\u0161saugojim\u0105.<\/li>\n<li>Standus 5 cm plo\u010dio taktinis dir\u017eas padengtas susiaurintais PALS\/MOLLE dir\u017eeliais, tod\u0117l ant jo galima kabinti visus d\u0117klus naudojan\u010dius \u0161i\u0105 sistem\u0105.<\/li>\n<li>Ant jo taip pat galima kabinti vis\u0173 tip\u0173 pistolet\u0173 ir peili\u0173 d\u0117klus telpan\u010dius ant 5 cm plo\u010dio dir\u017eo.<\/li>\n<li>Dir\u017eui naudojama Coyote Brown arba Tan spalvos AustriAlpin Cobra\u00ae Pro Style sagtis, kuri yra pagaminta i\u0161 aliuminio, o jos u\u017epatentuotas u\u017esegimo mechanizmas garantuoja, kad sagtis neatsisegs nuo apkrovos ar neatsargiai nuspaudus vien\u0105 i\u0161 atsegimo svirteli\u0173. Viena dir\u017eo sagties pus\u0117 (nereguliuojama) yra prisi\u016bta, o \u012f kit\u0105 veriamas reguliuojamas dir\u017eo galas su prisi\u016bta mink\u0161ta kontaktine juosta, kuri neleid\u017eia dir\u017eui atsipalaiduoti ir palaiko optimal\u0173 suver\u017eim\u0105.<\/li>\n<li>Dir\u017eo vidin\u0117 pus\u0117 padengta kieta (kabliuk\u0173) kontaktine juosta dir\u017eo prilipinimui prie pamink\u0161tinimo ar podir\u017eio.<\/li>\n<li>Dir\u017e\u0105 galima naudoti su visais m\u016bs\u0173 gamybos ar pana\u0161iais pamink\u0161tinimais ir podir\u017eiais.<\/li>\n<\/ul>\n<\/div>\n<\/div>\n<form id=\"u_0_z\" class=\"_34wz _1lqw commentable_item collapsible_comments\" action=\"https:\/\/www.facebook.com\/ajax\/ufi\/modify.php\" method=\"post\" data-ft=\"{&quot;tn&quot;:&quot;]&quot;}\">\n<div class=\"_2rd3\">\n<div class=\"_37uu _sa_ _s_6 _3-8r _2pim\">\n<div>\n<div class=\"_57w\">\n<div class=\"_3399 _1f6t _4_dr _20h5\">\n<div class=\"_524d\">\n<div class=\"_ipn clearfix _-5d\"><\/div>\n<\/div>\n<\/div>\n<\/div>\n<\/div>\n<\/div>\n<\/div>\n<\/form>","protected":false},"excerpt":{"rendered":"<div class=\"ihx95mk1 fwlpnqze r5g9zsuq b0eko5f3 q46jt4gp ta68dy8c kpwa50dg m0cukt09 h8391g91 r3h50k6m\">Siauruko Mod.1.2 MultiCam\u00ae kamuflia\u017eo versija.<\/div>","protected":false},"featured_media":6061,"template":"","meta":{"_exactmetrics_skip_tracking":false,"_exactmetrics_sitenote_active":false,"_exactmetrics_sitenote_note":"","_exactmetrics_sitenote_category":0},"product_cat":[132,39],"product_tag":[116],"class_list":{"0":"post-5335","1":"product","2":"type-product","3":"status-publish","4":"has-post-thumbnail","6":"product_cat-multicam","7":"product_cat-taktiniai_dirzai","8":"product_tag-multicam","10":"first","11":"onbackorder","12":"taxable","13":"shipping-taxable","14":"purchasable","15":"product-type-variable","16":"wpzoom-wc-spi-has-enabled"},"aioseo_notices":[],"jetpack_sharing_enabled":true,"_links":{"self":[{"href":"https:\/\/matuza-tactical.lt\/en\/wp-json\/wp\/v2\/product\/5335","targetHints":{"allow":["GET"]}}],"collection":[{"href":"https:\/\/matuza-tactical.lt\/en\/wp-json\/wp\/v2\/product"}],"about":[{"href":"https:\/\/matuza-tactical.lt\/en\/wp-json\/wp\/v2\/types\/product"}],"wp:featuredmedia":[{"embeddable":true,"href":"https:\/\/matuza-tactical.lt\/en\/wp-json\/wp\/v2\/media\/6061"}],"wp:attachment":[{"href":"https:\/\/matuza-tactical.lt\/en\/wp-json\/wp\/v2\/media?parent=5335"}],"wp:term":[{"taxonomy":"product_cat","embeddable":true,"href":"https:\/\/matuza-tactical.lt\/en\/wp-json\/wp\/v2\/product_cat?post=5335"},{"taxonomy":"product_tag","embeddable":true,"href":"https:\/\/matuza-tactical.lt\/en\/wp-json\/wp\/v2\/product_tag?post=5335"}],"curies":[{"name":"wp","href":"https:\/\/api.w.org\/{rel}","templated":true}]}}