{"id":528,"date":"2020-11-23T20:11:36","date_gmt":"2020-11-23T18:11:36","guid":{"rendered":"http:\/\/matuza-tactical.lt\/?post_type=product&#038;p=528"},"modified":"2026-04-14T13:20:24","modified_gmt":"2026-04-14T10:20:24","slug":"kabikas","status":"publish","type":"product","link":"https:\/\/matuza-tactical.lt\/en\/parduotuve\/kabikas\/","title":{"rendered":"Kabikas"},"content":{"rendered":"<p><strong>PASKIRTIS<\/strong><\/p>\n<p>D\u0117klas skirtas smulkiam inventoriui ne\u0161ioti.<\/p>\n<p><strong>SAVYB\u0116S<\/strong><\/p>\n<ul>\n<li>Klijuojamas po \u0161arvin\u0117s liemen\u0117s priekiniu antvo\u017eu.<\/li>\n<li>Audinys 500D CORDURA\u00ae.<\/li>\n<li>Audinio spalvos kodas \u2013 RAL7013. \u0160i spalva yra analogi\u0161ka Lietuvos kariuomen\u0117s i\u0161duodamos ekipuot\u0117s spalvai, dar \u017einoma kaip <em>Stone Grey Olive<\/em> arba europieti\u0161ka <em>Ranger Green.\u00a0<\/em>Taip pat galimos MultiCam\u00ae versijos.<\/li>\n<li>Matmenys 18 x 13,5 x 8,5 cm.<\/li>\n<li><strong>Priekyje<\/strong>:\n<ul>\n<li>U\u017etrauktuku u\u017esegama ki\u0161en\u0117 atmintin\u0117ms ar kitiems daiktams ne\u0161ioti.<\/li>\n<\/ul>\n<\/li>\n<li><strong>Pagrindiniame skyriuje<\/strong>:\n<ul>\n<li>2 kilpos inventoriui priri\u0161ti.<\/li>\n<li>Ki\u0161en\u0117 ant priekin\u0117s pertvaros, kurioje telpa 4 x 6 coli\u0173 dyd\u017eio (didel\u0117) \u201eRite in the Rain\u201c tipo u\u017era\u0161\u0173 knygut\u0117 arba \u017eem\u0117lapis.<\/li>\n<li>Gumin\u0117s kilpos prisi\u016btos per vis\u0105 priekin\u0117s vidin\u0117s ki\u0161en\u0117s ilg\u012f. Kra\u0161tuose po vien\u0105 didel\u0119 (pro\u017eektoriui arba pistoleto d\u0117tuvei), centrin\u0117je dalyje &#8211; ma\u017eos (ra\u0161ymo priemon\u0117ms).<\/li>\n<li>U\u017etrauktuku u\u017esegama ki\u0161en\u0117 galin\u0117je sienoje smulkiam inventoriui (baterijoms ir pan.) ne\u0161ioti.<\/li>\n<li>Dvi ki\u0161en\u0117l\u0117s ant galin\u0117s sienos, kuriose telpa kompaso dyd\u017eio daiktai.<\/li>\n<\/ul>\n<\/li>\n<li>D\u0117klo \u0161onuose yra kilpos, ant kuri\u0173 galima kabinti pir\u0161tines ar kitus smulkius daiktus.<\/li>\n<li>D\u0117klo apa\u010dioje yra dvi drena\u017eo skylut\u0117s.<\/li>\n<li>Kabiko lie\u017euvis i\u0161 vienos pus\u0117s yra padengtas mink\u0161ta (kailiuku), o i\u0161 kitos &#8211; kieta kontaktine juosta (kabliukais), kuri leid\u017eia j\u012f tvirtinti po \u0161arvin\u0117s liemen\u0117s antvo\u017eu. Lie\u017euvis prikabintas prie kilp\u0173, tod\u0117l galima keisti jo puses pagal poreik\u012f.<\/li>\n<\/ul>","protected":false},"excerpt":{"rendered":"<p>D\u0117klas skirtas smulkiam inventoriui ne\u0161ioti.<\/p>","protected":false},"featured_media":8588,"template":"","meta":{"_exactmetrics_skip_tracking":false,"_exactmetrics_sitenote_active":false,"_exactmetrics_sitenote_note":"","_exactmetrics_sitenote_category":0},"product_cat":[45],"product_tag":[116,46],"class_list":{"0":"post-528","1":"product","2":"type-product","3":"status-publish","4":"has-post-thumbnail","6":"product_cat-adminai","7":"product_tag-multicam","8":"product_tag-zalia_ral7013","10":"first","11":"instock","12":"taxable","13":"shipping-taxable","14":"purchasable","15":"product-type-variable","16":"wpzoom-wc-spi-has-enabled"},"aioseo_notices":[],"jetpack_sharing_enabled":true,"_links":{"self":[{"href":"https:\/\/matuza-tactical.lt\/en\/wp-json\/wp\/v2\/product\/528","targetHints":{"allow":["GET"]}}],"collection":[{"href":"https:\/\/matuza-tactical.lt\/en\/wp-json\/wp\/v2\/product"}],"about":[{"href":"https:\/\/matuza-tactical.lt\/en\/wp-json\/wp\/v2\/types\/product"}],"wp:featuredmedia":[{"embeddable":true,"href":"https:\/\/matuza-tactical.lt\/en\/wp-json\/wp\/v2\/media\/8588"}],"wp:attachment":[{"href":"https:\/\/matuza-tactical.lt\/en\/wp-json\/wp\/v2\/media?parent=528"}],"wp:term":[{"taxonomy":"product_cat","embeddable":true,"href":"https:\/\/matuza-tactical.lt\/en\/wp-json\/wp\/v2\/product_cat?post=528"},{"taxonomy":"product_tag","embeddable":true,"href":"https:\/\/matuza-tactical.lt\/en\/wp-json\/wp\/v2\/product_tag?post=528"}],"curies":[{"name":"wp","href":"https:\/\/api.w.org\/{rel}","templated":true}]}}