{"id":471,"date":"2020-11-13T21:24:24","date_gmt":"2020-11-13T19:24:24","guid":{"rendered":"http:\/\/matuza-tactical.lt\/?post_type=product&#038;p=471"},"modified":"2026-04-14T13:01:46","modified_gmt":"2026-04-14T10:01:46","slug":"maza_greituke","status":"publish","type":"product","link":"https:\/\/matuza-tactical.lt\/en\/parduotuve\/maza_greituke\/","title":{"rendered":"Ma\u017ea greituk\u0117"},"content":{"rendered":"<p>Vienos d\u0117tuv\u0117s d\u0117klas pasi\u016btas i\u0161 tvirto 500D CORDURA\u00ae audinio. Suderinama su AR10, FN SCAR-H PR ir pana\u0161iomis 10 \u0161ovini\u0173 d\u0117tuv\u0117mis.\u00a0D\u0117kl\u0105 galima rinktis i\u0161 \u0161e\u0161i\u0173 spalv\u0173. \u017dalia (RAL7013) versija yra analogi\u0161ka Lietuvos kariuomen\u0117s i\u0161duodamos ekipuot\u0117s spalvai, dar \u017einoma kaip <em>Stone Grey Olive<\/em>\u00a0arba europieti\u0161ka\u00a0<em>Ranger Green.\u00a0<\/em>Taip pat galimos M81 Woodland, Flecktarn 5 clr., MultiCam\u00ae, MultiCam\u00ae Tropic ir juodos spalvos d\u0117klo versijos.<\/p>\n<p>D\u0117l atviro dizaino ir konstrukcij\u0105 palaikan\u010dios elastin\u0117s virvut\u0117s galima ne\u0161ioti ir kit\u0173 tip\u0173 d\u0117tuves. Plastiku sutvirtintas korpusas u\u017etikrina skland\u0173 ir tyl\u0173 d\u0117tuv\u0117s i\u0161traukim\u0105 ir \u012fd\u0117jim\u0105 atgal \u012f d\u0117kl\u0105.<\/p>\n<p>Prie ekipuot\u0117s d\u0117klas tvirtinamas PALS\/MOLLE sistema (2 stulpeliai x 2 eilut\u0117s). D\u0117klo priekyje yra 2 stulpeliai ir 2 eilut\u0117s PALS\/MOLLE dir\u017eeli\u0173, kurie leid\u017eia sujungti du d\u0117klus ar segti prie j\u0173 kitus ekipuot\u0117s elementus.<\/p>\n<p><strong>GAMINIO SPECIFIKACIJA<\/strong><\/p>\n<ul>\n<li>Audinys 500D CORDURA\u00ae.<\/li>\n<li>Matmenys 8 x 2,5 x 8 cm.<\/li>\n<li>Audinio spalva \u017ealia (RAL7013). \u0160i spalva yra analogi\u0161ka Lietuvos kariuomen\u0117s i\u0161duodamos ekipuot\u0117s spalvai, dar \u017einoma kaip\u00a0<em>Stone Grey Olive<\/em>\u00a0arba europieti\u0161ka\u00a0<em>Ranger Green.\u00a0<\/em>Taip pat galimos M81 Woodland, Flecktarn 5 clr., MultiCam\u00ae, MultiCam\u00ae Tropic ir juodos spalvos d\u0117klo versijos.<\/li>\n<li>Plastiku sutvirtintas korpusas u\u017etikrina skland\u0173 d\u0117tuv\u0117s i\u0161traukim\u0105 ir \u012fd\u0117jim\u0105 atgal \u012f d\u0117kl\u0105.<\/li>\n<li>D\u0117klo \u0161onai suformuoti i\u0161 standaus dvigubo dir\u017eelio.<\/li>\n<li>D\u0117tuv\u0117 prilaikoma elastine virvute i\u0161 vir\u0161aus ir i\u0161 \u0161on\u0173.<\/li>\n<li>Prie ekipuot\u0117s tvirtinamas PALS\/MOLLE sistema (2 stulpeliai x 2 eilut\u0117s).<\/li>\n<li>D\u0117klo priekyje yra 2 stulpeliai ir 2 eilut\u0117s PALS\/MOLLE dir\u017eeli\u0173, kurie leid\u017eia sujungti du d\u0117klus ar segti prie j\u0173 kitus ekipuot\u0117s elementus.<\/li>\n<li>Tylus veikimas.<\/li>\n<li>D\u0117klas pasi\u016btas i\u0161 IRR padengim\u0105 turin\u010di\u0173 med\u017eiag\u0173 (i\u0161skyrus juod\u0105 versij\u0105).<\/li>\n<\/ul>\n<p><a href=\"https:\/\/matuza-tactical.lt\/en\/product-category\/detuviu_deklai\/\">\u00a0Kiti m\u016bs\u0173 d\u0117tuvi\u0173 d\u0117klai.<\/a><\/p>\n<p><a href=\"https:\/\/www.youtube.com\/@matuzatactical\">Matuza Tactical youtube kanalas.<\/a><\/p>\n<p>&nbsp;<\/p>\n<p>&nbsp;<\/p>\n<p>&nbsp;<\/p>\n<p>&nbsp;<\/p>\n<p>&nbsp;<\/p>\n<p>&nbsp;<\/p>\n<p>&nbsp;<\/p>\n<p>&nbsp;<\/p>\n<p>&nbsp;<\/p>\n<div class=\"btn-bubble-icon\"><\/div>\n<p>&nbsp;<\/p>\n<p>&nbsp;<\/p>\n<p>&nbsp;<\/p>\n<p>&nbsp;<\/p>\n<p>&nbsp;<\/p>","protected":false},"excerpt":{"rendered":"<p>Vienos d\u0117tuv\u0117s d\u0117klas, pritaikytas vis\u0173 tip\u0173 7,62 mm kalibro 10 \u0161ovini\u0173 d\u0117tuv\u0117ms. D\u0117l atviro dizaino ir konstrukcij\u0105 palaikan\u010dios elastin\u0117s virvut\u0117s galima ne\u0161ioti ir 20 \u0161ovini\u0173 d\u0117tuves (AK4, FN SCAR-H PR ir pan.).<\/p>\n<p>&nbsp;<\/p>\n<p>&nbsp;<\/p>\n<div class=\"btn-bubble-icon\"><\/div>","protected":false},"featured_media":9301,"template":"","meta":{"_exactmetrics_skip_tracking":false,"_exactmetrics_sitenote_active":false,"_exactmetrics_sitenote_note":"","_exactmetrics_sitenote_category":0},"product_cat":[41],"product_tag":[49,53],"class_list":{"0":"post-471","1":"product","2":"type-product","3":"status-publish","4":"has-post-thumbnail","6":"product_cat-detuviu_deklai","7":"product_tag-fnscar-h_pr","8":"product_tag-tikka","10":"first","11":"instock","12":"taxable","13":"shipping-taxable","14":"purchasable","15":"product-type-variable","16":"wpzoom-wc-spi-has-enabled"},"aioseo_notices":[],"jetpack_sharing_enabled":true,"_links":{"self":[{"href":"https:\/\/matuza-tactical.lt\/en\/wp-json\/wp\/v2\/product\/471","targetHints":{"allow":["GET"]}}],"collection":[{"href":"https:\/\/matuza-tactical.lt\/en\/wp-json\/wp\/v2\/product"}],"about":[{"href":"https:\/\/matuza-tactical.lt\/en\/wp-json\/wp\/v2\/types\/product"}],"wp:featuredmedia":[{"embeddable":true,"href":"https:\/\/matuza-tactical.lt\/en\/wp-json\/wp\/v2\/media\/9301"}],"wp:attachment":[{"href":"https:\/\/matuza-tactical.lt\/en\/wp-json\/wp\/v2\/media?parent=471"}],"wp:term":[{"taxonomy":"product_cat","embeddable":true,"href":"https:\/\/matuza-tactical.lt\/en\/wp-json\/wp\/v2\/product_cat?post=471"},{"taxonomy":"product_tag","embeddable":true,"href":"https:\/\/matuza-tactical.lt\/en\/wp-json\/wp\/v2\/product_tag?post=471"}],"curies":[{"name":"wp","href":"https:\/\/api.w.org\/{rel}","templated":true}]}}