{"id":4479,"date":"2023-03-09T16:28:31","date_gmt":"2023-03-09T14:28:31","guid":{"rendered":"https:\/\/matuza-tactical.lt\/?post_type=product&#038;p=4479"},"modified":"2026-04-15T12:49:38","modified_gmt":"2026-04-15T09:49:38","slug":"kojos-platforma-mod-2-4","status":"publish","type":"product","link":"https:\/\/matuza-tactical.lt\/en\/parduotuve\/kojos-platforma-mod-2-4\/","title":{"rendered":"Kojos platforma Mod. 2.4"},"content":{"rendered":"<p>Kojos platforma Mod. 2.4 yra skirta papildomai ekipuotei ar pistoletui ne\u0161ioti ant kojos. Ji turi\u00a0 4x stulpelius ir 3x eilutes PALS\/MOLLE tvirtinimo ploto. Ant jos patogu kabinti d\u0117tuvi\u0173, PMP priemoni\u0173 ar pistoleto d\u0117klus, kad visada b\u016bt\u0173 po ranka. Platforma tvirtinama prie kelni\u0173 dir\u017eo, o jos kab\u0117jimo auk\u0161tis yra reguliuojamas. Taip pat kojos platforma yra greitai ir lengvai nuimama, tod\u0117l yra patogi kariams, dirbantiems transporto priemon\u0117se, kadangi i\u0161lipus j\u0105 lengva u\u017esid\u0117ti, o \u012flipus nusiimti.<\/p>\n<p><strong>GAMINIO SPECIFIKACIJA<\/strong><\/p>\n<ul>\n<li>Audinys 500D CORDURA\u00ae.<\/li>\n<li>Matmenys 20 x 15 x 1 cm<\/li>\n<li>Audinio spalva \u017ealia (RAL7013). \u0160i spalva yra analogi\u0161ka Lietuvos kariuomen\u0117s i\u0161duodamos ekipuot\u0117s spalvai, dar \u017einoma kaip\u00a0<em>Stone Grey Olive<\/em>\u00a0arba europieti\u0161ka\u00a0<em>Ranger Green.\u00a0<\/em><\/li>\n<li>Vidin\u0117 platformos dalis pasi\u016bta i\u0161 orui laidaus 3D audinio. Viduje \u012fsi\u016btas u\u017edar\u0173 por\u0173 polietileno pamink\u0161tinimas formai palaikymui ir patogumui.<\/li>\n<li>Platforma tvirtinama prie kelni\u0173 dir\u017eo dviem tvirtinimo dir\u017eeliais, kuri\u0173 ilgis reguliuojamas pagal poreik\u012f. Visi dir\u017eeliai yra u\u017esegami <em>Fastex<\/em> tipo sagtimis, kurios leid\u017eia platform\u0105 greitai nusiimti nei\u0161siveriant kelni\u0173 dir\u017eo.<\/li>\n<li>Prie kojos platforma tvirtinama 4 cm plo\u010dio dir\u017eu. Dir\u017eas u\u017esegamas <em>Fastex<\/em> tipo sagtimi. Dir\u017eo viduje \u012fsi\u016bta guma, d\u0117l kurios dir\u017eas yra elastingas. \u0160launies dir\u017eas yra reguliuojamas, tod\u0117l jo ilg\u012f galima nustatyti taip, kad never\u017et\u0173 \u0161launies, bet kartu tvirtai laikyt\u0173 platform\u0105. Dir\u017eas yra pervertas per pa\u010di\u0105 platform\u0105, tod\u0117l sagties viet\u0105 galima pasirinkti pa\u010diam.<\/li>\n<li>Tinka ne\u0161ioti tiek ant kair\u0117s, tiek ant de\u0161in\u0117s kojos.<\/li>\n<li>Tylus veikimas.<\/li>\n<li>Platforma pasi\u016bta i\u0161 IRR padengim\u0105 turin\u010di\u0173 med\u017eiag\u0173.<\/li>\n<\/ul>\n<p><a href=\"https:\/\/www.youtube.com\/@matuzatactical\">Matuza Tactical youtube kanalas<\/a><\/p>\n<p><a href=\"https:\/\/matuza-tactical.lt\/en\/product-category\/pistoletui\/\">Kiti pistoleto ne\u0161iojimo sprendimai<\/a><\/p>\n<p>&nbsp;<\/p>\n<p>&nbsp;<\/p>\n<p>&nbsp;<\/p>\n<div class=\"btn-bubble-icon\"><\/div>\n<p>&nbsp;<\/p>\n<p>&nbsp;<\/p>\n<p>&nbsp;<\/p>\n<p>&nbsp;<\/p>","protected":false},"excerpt":{"rendered":"<p>Kojos platforma Mod. 2.4 yra skirta papildomai ekipuotei ar pistoletui ne\u0161ioti ant kojos<\/p>","protected":false},"featured_media":9674,"template":"","meta":{"_exactmetrics_skip_tracking":false,"_exactmetrics_sitenote_active":false,"_exactmetrics_sitenote_note":"","_exactmetrics_sitenote_category":0},"product_cat":[42],"product_tag":[46],"class_list":{"0":"post-4479","1":"product","2":"type-product","3":"status-publish","4":"has-post-thumbnail","6":"product_cat-kojos_platformos","7":"product_tag-zalia_ral7013","9":"first","10":"instock","11":"taxable","12":"shipping-taxable","13":"purchasable","14":"product-type-variable","15":"wpzoom-wc-spi-has-enabled"},"aioseo_notices":[],"jetpack_sharing_enabled":true,"_links":{"self":[{"href":"https:\/\/matuza-tactical.lt\/en\/wp-json\/wp\/v2\/product\/4479","targetHints":{"allow":["GET"]}}],"collection":[{"href":"https:\/\/matuza-tactical.lt\/en\/wp-json\/wp\/v2\/product"}],"about":[{"href":"https:\/\/matuza-tactical.lt\/en\/wp-json\/wp\/v2\/types\/product"}],"wp:featuredmedia":[{"embeddable":true,"href":"https:\/\/matuza-tactical.lt\/en\/wp-json\/wp\/v2\/media\/9674"}],"wp:attachment":[{"href":"https:\/\/matuza-tactical.lt\/en\/wp-json\/wp\/v2\/media?parent=4479"}],"wp:term":[{"taxonomy":"product_cat","embeddable":true,"href":"https:\/\/matuza-tactical.lt\/en\/wp-json\/wp\/v2\/product_cat?post=4479"},{"taxonomy":"product_tag","embeddable":true,"href":"https:\/\/matuza-tactical.lt\/en\/wp-json\/wp\/v2\/product_tag?post=4479"}],"curies":[{"name":"wp","href":"https:\/\/api.w.org\/{rel}","templated":true}]}}