{"id":4346,"date":"2023-02-21T10:04:50","date_gmt":"2023-02-21T08:04:50","guid":{"rendered":"https:\/\/matuza-tactical.lt\/?post_type=product&#038;p=4346"},"modified":"2026-04-28T10:01:54","modified_gmt":"2026-04-28T07:01:54","slug":"kojos-platforma-mod-2-pistoletui","status":"publish","type":"product","link":"https:\/\/matuza-tactical.lt\/en\/parduotuve\/kojos-platforma-mod-2-pistoletui\/","title":{"rendered":"Kojos platforma Mod.2 pistoletui"},"content":{"rendered":"<p data-start=\"231\" data-end=\"616\">Kojos platformos komplektas, skirtas pistoletui ir d\u0117tuv\u0117ms ne\u0161ioti ant \u0161launies. Kojos platforma Mod.2 suderinama su visais standartiniais tarnybiniais pistoletais (Glock17, HK SFP9 ir pan.).\u00a0 Sistema pritaikyta naudoti tiek lauko pratybose, tiek dienos tarnybos s\u0105lygomis. Konstrukcija leid\u017eia greitai u\u017esid\u0117ti arba nusiimti platform\u0105 neatsisegant kelni\u0173 dir\u017eo, tod\u0117l sprendimas tinkamas naudoti dirbant transporto priemon\u0117se.<\/p>\n<p data-start=\"618\" data-end=\"920\">Platforma tvirtinama prie kelni\u0173 dir\u017eo reguliuojamais dir\u017eeliais ir papildomai fiksuojama aplink \u0161laun\u012f elastingu dir\u017eu. Tokia sistema leid\u017eia susireguliuoti platform\u0105 taip, kad ji stabiliai laikyt\u0173si ant kojos net ir atliekant aktyvius veiksmus . Konstrukcija pritaikyta ne\u0161ioti tiek ant kair\u0117s, tiek ant de\u0161in\u0117s kojos.<\/p>\n<p data-start=\"922\" data-end=\"1118\">Komplekt\u0105 sudaro kojos platforma, pistoleto d\u0117klas ir pistoleto d\u0117tuv\u0117s d\u0117klas (vienas arba du), \u0161ie priedai ant platformos tvirtinami PALS\/MOLLE sistema<\/p>\n<p><strong>GAMINIO SPECIFIKACIJA<\/strong><\/p>\n<ul>\n<li>Audinys 500D CORDURA\u00ae.<\/li>\n<li>Matmenys 20 x 20 x 7 cm<\/li>\n<li>\u00a0Audinio spalvos kodas \u2013 RAL7013. \u0160i spalva yra analogi\u0161ka Lietuvos kariuomen\u0117s i\u0161duodamos ekipuot\u0117s spalvai, dar \u017einoma kaip <em>Stone Grey Olive<\/em>\u00a0arba europieti\u0161ka\u00a0<em>Ranger Green. \u00a0<\/em>Taip pat galima juodos spalvos\u00a0 versija.<\/li>\n<li>Vidin\u0117 platformos dalis pasi\u016bta i\u0161 orui laidaus 3D audinio. Viduje \u012fsi\u016btas u\u017edar\u0173 por\u0173 polietileno pamink\u0161tinimas formai palaikymui ir patogumui.<\/li>\n<li>Platforma tvirtinama prie kelni\u0173 dir\u017eo dviem tvirtinimo dir\u017eeliais, kuri\u0173 ilgis reguliuojamas pagal poreik\u012f. Visi dir\u017eeliai yra u\u017esegami <em>Fastex<\/em> tipo sagtimis, kurios leid\u017eia platform\u0105 greitai nusiimti nei\u0161siveriant kelni\u0173 dir\u017eo.<\/li>\n<li>Tinka ne\u0161ioti tiek ant kair\u0117s, tiek ant de\u0161in\u0117s kojos.<\/li>\n<li>Platforma pasi\u016bta i\u0161 IRR padengim\u0105 turin\u010di\u0173 med\u017eiag\u0173 (i\u0161skyrus juod\u0105 versij\u0105).<\/li>\n<li>Pistoleto d\u0117klas skirtas <span class=\"d2edcug0 hpfvmrgz qv66sw1b c1et5uql rrkovp55 a8c37x1j keod5gw0 nxhoafnm aigsh9s9 d3f4x2em fe6kdd0r mau55g9w c8b282yb iv3no6db jq4qci2q a3bd9o3v knj5qynh oo9gr5id\" dir=\"auto\">Glock 17,HKSFP9 ir kitiems pana\u0161aus dyd\u017eio tarnybiniams pistoletams.\u00a0<\/span><\/li>\n<li>D\u0117l lengvai reguliuojamo gylio ir suspaudimo pistoleto d\u0117klas <span class=\"d2edcug0 hpfvmrgz qv66sw1b c1et5uql rrkovp55 a8c37x1j keod5gw0 nxhoafnm aigsh9s9 d3f4x2em fe6kdd0r mau55g9w c8b282yb iv3no6db jq4qci2q a3bd9o3v knj5qynh oo9gr5id\" dir=\"auto\">tinka tiek didesniems, tiek ma\u017eesniems pistoletams<\/span>.<\/li>\n<li>D\u0117tuv\u0117s d\u0117klas, tinkamas Glock 17, HK SFP9 ir pana\u0161aus dyd\u017eio d\u0117tuv\u0117mis.<\/li>\n<li>Tylus veikimas.<\/li>\n<li>D\u0117klas pasi\u016btas i\u0161 IRR padengim\u0105 turin\u010di\u0173 med\u017eiag\u0173 (i\u0161skyrus juod\u0105 versij\u0105).<\/li>\n<\/ul>\n<p><a href=\"https:\/\/www.youtube.com\/@matuzatactical\">\u00a0 \u00a0 \u00a0 \u00a0 \u00a0 \u00a0Matuza Tactical youtube kanalas<\/a><br \/>\n<a href=\"https:\/\/matuza-tactical.lt\/en\/product-category\/kojos_platformos\/\">\u00a0 \u00a0 \u00a0 \u00a0 \u00a0 \u00a0Kiti Matuza Tactical kojos platformos modeliai\u00a0<\/a><\/p>\n<p>&nbsp;<\/p>\n<p>&nbsp;<\/p>\n<p>&nbsp;<\/p>\n<p>&nbsp;<\/p>\n<p>&nbsp;<\/p>\n<p>&nbsp;<\/p>\n<p>&nbsp;<\/p>\n<p>&nbsp;<\/p>\n<p>&nbsp;<\/p>\n<p>&nbsp;<\/p>\n<p>&nbsp;<\/p>\n<p>&nbsp;<\/p>\n<p>&nbsp;<\/p>\n<p>&nbsp;<\/p>\n<p>&nbsp;<\/p>\n<p>&nbsp;<\/p>\n<p>&nbsp;<\/p>\n<p>&nbsp;<\/p>\n<p>&nbsp;<\/p>\n<p>&nbsp;<\/p>\n<p>&nbsp;<\/p>","protected":false},"excerpt":{"rendered":"<p>Platforma pistoletui ir jo d\u0117tuv\u0117ms ne\u0161ioti ant \u0161launies.<\/p>","protected":false},"featured_media":9672,"template":"","meta":{"_exactmetrics_skip_tracking":false,"_exactmetrics_sitenote_active":false,"_exactmetrics_sitenote_note":"","_exactmetrics_sitenote_category":0},"product_cat":[42,70],"product_tag":[46],"class_list":{"0":"post-4346","1":"product","2":"type-product","3":"status-publish","4":"has-post-thumbnail","6":"product_cat-kojos_platformos","7":"product_cat-pistoletui","8":"product_tag-zalia_ral7013","10":"first","11":"instock","12":"taxable","13":"shipping-taxable","14":"purchasable","15":"product-type-variable","16":"wpzoom-wc-spi-has-enabled"},"aioseo_notices":[],"jetpack_sharing_enabled":true,"_links":{"self":[{"href":"https:\/\/matuza-tactical.lt\/en\/wp-json\/wp\/v2\/product\/4346","targetHints":{"allow":["GET"]}}],"collection":[{"href":"https:\/\/matuza-tactical.lt\/en\/wp-json\/wp\/v2\/product"}],"about":[{"href":"https:\/\/matuza-tactical.lt\/en\/wp-json\/wp\/v2\/types\/product"}],"wp:featuredmedia":[{"embeddable":true,"href":"https:\/\/matuza-tactical.lt\/en\/wp-json\/wp\/v2\/media\/9672"}],"wp:attachment":[{"href":"https:\/\/matuza-tactical.lt\/en\/wp-json\/wp\/v2\/media?parent=4346"}],"wp:term":[{"taxonomy":"product_cat","embeddable":true,"href":"https:\/\/matuza-tactical.lt\/en\/wp-json\/wp\/v2\/product_cat?post=4346"},{"taxonomy":"product_tag","embeddable":true,"href":"https:\/\/matuza-tactical.lt\/en\/wp-json\/wp\/v2\/product_tag?post=4346"}],"curies":[{"name":"wp","href":"https:\/\/api.w.org\/{rel}","templated":true}]}}