{"id":4035,"date":"2023-01-02T21:08:04","date_gmt":"2023-01-02T19:08:04","guid":{"rendered":"https:\/\/matuza-tactical.lt\/?post_type=product&#038;p=4035"},"modified":"2026-04-29T09:34:41","modified_gmt":"2026-04-29T06:34:41","slug":"mazasis-administratorius","status":"publish","type":"product","link":"https:\/\/matuza-tactical.lt\/en\/parduotuve\/mazasis-administratorius\/","title":{"rendered":"Ma\u017easis administratorius"},"content":{"rendered":"<p>&nbsp;<\/p>\n<p>D\u0117klas skirtas smulkiam inventoriui ne\u0161ioti pilnai atsegamas u\u017etrauktuku. Atidarymo kampas reguliuojamas virvute.<\/p>\n<p><strong>GAMINIO SPECIFIKACIJA<\/strong><\/p>\n<ul>\n<li>Audinys 500D CORDURA\u00ae.<\/li>\n<li>Audinio spalvos kodas \u2013 RAL7013. \u0160i spalva yra analogi\u0161ka Lietuvos kariuomen\u0117s i\u0161duodamos ekipuot\u0117s spalvai, dar \u017einoma kaip <em>Stone Grey Olive<\/em> arba europieti\u0161ka <em>Ranger Green. Taip pat galimos\u00a0 MultiCam\u00ae\u00a0 versijos.<\/em><\/li>\n<li>Prie ekipuot\u0117s tvirtinamas PALS\/MOLLE sistema (u\u017eima 4 stulpelius x 2 eilutes).<\/li>\n<li>Matmenys 18 x 12 x 4 cm.<\/li>\n<li><strong>Priekyje<\/strong>:\n<ul>\n<li>Mink\u0161ta kontaktin\u0117 juosta skirta pavard\u0117ms, laipsniams ar kitokiems antsiuvams lipdyti.<\/li>\n<\/ul>\n<\/li>\n<li><strong>Pagrindiniame skyriuje<\/strong>:\n<ul>\n<li>Ki\u0161en\u0117 nugarin\u0117je dalyje, kurioje telpa 4 x 6 coli\u0173 dyd\u017eio (didel\u0117) \u201eRite in the Rain\u201c tipo u\u017era\u0161\u0173 knygut\u0117 arba \u017eem\u0117lapis.<\/li>\n<li>Ant ki\u0161en\u0117s prisi\u016btos gumin\u0117s kilpos horizontaliam ra\u0161ymo priemoni\u0173 arba atsargini\u0173 baterij\u0173 ne\u0161iojimui.<\/li>\n<li>Vidin\u0117s dalies priekyje &#8211; skaidraus plastiko ki\u0161en\u0117 atmintin\u0117ms u\u017esiki\u0161ti.<\/li>\n<li>Skaidrus plastikas atsparus aplinkos poveikiui ir i\u0161laiko savo savybes net iki -25 laipsni\u0173 \u0161al\u010dio.<\/li>\n<li>Kilpos inventoriui priri\u0161ti.<\/li>\n<\/ul>\n<\/li>\n<\/ul>\n<p><a href=\"https:\/\/matuza-tactical.lt\/en\/product-category\/adminai\/\">\u00a0 \u00a0 \u00a0 \u00a0 \u00a0 \u00a0 \u00a0 \u00a0 \u00a0 \u00a0Admin Pouches<\/a><br \/>\n<a href=\"https:\/\/www.youtube.com\/@matuzatactical\">\u00a0 \u00a0 \u00a0 \u00a0 \u00a0 \u00a0 \u00a0 \u00a0 \u00a0 \u00a0Matuza Tactical youtube kanalas.<\/a><\/p>\n<p>&nbsp;<\/p>\n<p>&nbsp;<\/p>\n<p>&nbsp;<\/p>\n<div class=\"btn-bubble-icon\"><\/div>","protected":false},"excerpt":{"rendered":"<p>D\u0117klas skirtas smulkiam inventoriui ne\u0161ioti.<\/p>","protected":false},"featured_media":8559,"template":"","meta":{"_exactmetrics_skip_tracking":false,"_exactmetrics_sitenote_active":false,"_exactmetrics_sitenote_note":"","_exactmetrics_sitenote_category":0},"product_cat":[45],"product_tag":[116,46],"class_list":{"0":"post-4035","1":"product","2":"type-product","3":"status-publish","4":"has-post-thumbnail","6":"product_cat-adminai","7":"product_tag-multicam","8":"product_tag-zalia_ral7013","10":"first","11":"onbackorder","12":"taxable","13":"shipping-taxable","14":"purchasable","15":"product-type-variable","16":"wpzoom-wc-spi-has-enabled"},"aioseo_notices":[],"jetpack_sharing_enabled":true,"_links":{"self":[{"href":"https:\/\/matuza-tactical.lt\/en\/wp-json\/wp\/v2\/product\/4035","targetHints":{"allow":["GET"]}}],"collection":[{"href":"https:\/\/matuza-tactical.lt\/en\/wp-json\/wp\/v2\/product"}],"about":[{"href":"https:\/\/matuza-tactical.lt\/en\/wp-json\/wp\/v2\/types\/product"}],"wp:featuredmedia":[{"embeddable":true,"href":"https:\/\/matuza-tactical.lt\/en\/wp-json\/wp\/v2\/media\/8559"}],"wp:attachment":[{"href":"https:\/\/matuza-tactical.lt\/en\/wp-json\/wp\/v2\/media?parent=4035"}],"wp:term":[{"taxonomy":"product_cat","embeddable":true,"href":"https:\/\/matuza-tactical.lt\/en\/wp-json\/wp\/v2\/product_cat?post=4035"},{"taxonomy":"product_tag","embeddable":true,"href":"https:\/\/matuza-tactical.lt\/en\/wp-json\/wp\/v2\/product_tag?post=4035"}],"curies":[{"name":"wp","href":"https:\/\/api.w.org\/{rel}","templated":true}]}}