{"id":3763,"date":"2022-11-27T20:24:40","date_gmt":"2022-11-27T18:24:40","guid":{"rendered":"https:\/\/matuza-tactical.lt\/?post_type=product&#038;p=3763"},"modified":"2022-11-27T20:35:56","modified_gmt":"2022-11-27T18:35:56","slug":"dovanu-kuponas","status":"publish","type":"product","link":"https:\/\/matuza-tactical.lt\/en\/parduotuve\/dovanu-kuponas\/","title":{"rendered":"Dovan\u0173 kuponas"},"content":{"rendered":"<p>\u0160\u012f dovan\u0173 kupon\u0105 galite panaudoti atsiskaitydami u\u017e prekes el. parduotuv\u0117je https:\/\/matuza-tactical.lt\/<\/p>\n<p>\u012esigijus dovan\u0173 kupon\u0105 j\u012f atsi\u0173sime pdf formatu \u012f nurodyt\u0105 el. pa\u0161t\u0105.<\/p>\n<p>Kuponas galioja 6 m\u0117nesius.<\/p>\n<p>Nor\u0117dami pasinaudoti dovan\u0173 kuponu:<\/p>\n<ul>\n<li>I\u0161sirinkite norimas prekes;<\/li>\n<li>U\u017esakymo komentaruose nurodykite dovan\u0173 kupono numer\u012f;<\/li>\n<li>Pasirinkite apmok\u0117jim\u0105 bankiniu pavedimu;<\/li>\n<li>Pateikite u\u017esakym\u0105;<\/li>\n<li>Apmok\u0117kite \u012f el. pa\u0161t\u0105 gaut\u0105 s\u0105skait\u0105.<\/li>\n<\/ul>\n<p>I\u0161sirinkus preki\u0173 u\u017e ma\u017eesn\u0119 sum\u0105 negu nurodyta dovan\u0173 kupone, skirtumas nebus gr\u0105\u017eintas.<\/p>","protected":false},"excerpt":{"rendered":"<p>\u0160\u012f dovan\u0173 kupon\u0105 galite panaudoti atsiskaitydami u\u017e prekes el. parduotuv\u0117je https:\/\/matuza-tactical.lt\/ \u012esigijus dovan\u0173 kupon\u0105 j\u012f atsi\u0173sime pdf formatu \u012f nurodyt\u0105 el. pa\u0161t\u0105. Kuponas galioja 6 m\u0117nesius. Nor\u0117dami pasinaudoti dovan\u0173 kuponu: I\u0161sirinkite norimas prekes; U\u017esakymo komentaruose nurodykite dovan\u0173 kupono numer\u012f; Pasirinkite apmok\u0117jim\u0105 bankiniu pavedimu; Pateikite u\u017esakym\u0105; Apmok\u0117kite \u012f el. pa\u0161t\u0105 gaut\u0105 s\u0105skait\u0105. I\u0161sirinkus preki\u0173 u\u017e ma\u017eesn\u0119 [&hellip;]<\/p>\n","protected":false},"featured_media":3770,"template":"","meta":{"_exactmetrics_skip_tracking":false,"_exactmetrics_sitenote_active":false,"_exactmetrics_sitenote_note":"","_exactmetrics_sitenote_category":0},"product_cat":[74],"product_tag":[],"class_list":{"0":"post-3763","1":"product","2":"type-product","3":"status-publish","4":"has-post-thumbnail","6":"product_cat-dovanu-kuponai","8":"first","9":"instock","10":"taxable","11":"shipping-taxable","12":"purchasable","13":"product-type-variable"},"aioseo_notices":[],"jetpack_sharing_enabled":true,"_links":{"self":[{"href":"https:\/\/matuza-tactical.lt\/en\/wp-json\/wp\/v2\/product\/3763","targetHints":{"allow":["GET"]}}],"collection":[{"href":"https:\/\/matuza-tactical.lt\/en\/wp-json\/wp\/v2\/product"}],"about":[{"href":"https:\/\/matuza-tactical.lt\/en\/wp-json\/wp\/v2\/types\/product"}],"wp:featuredmedia":[{"embeddable":true,"href":"https:\/\/matuza-tactical.lt\/en\/wp-json\/wp\/v2\/media\/3770"}],"wp:attachment":[{"href":"https:\/\/matuza-tactical.lt\/en\/wp-json\/wp\/v2\/media?parent=3763"}],"wp:term":[{"taxonomy":"product_cat","embeddable":true,"href":"https:\/\/matuza-tactical.lt\/en\/wp-json\/wp\/v2\/product_cat?post=3763"},{"taxonomy":"product_tag","embeddable":true,"href":"https:\/\/matuza-tactical.lt\/en\/wp-json\/wp\/v2\/product_tag?post=3763"}],"curies":[{"name":"wp","href":"https:\/\/api.w.org\/{rel}","templated":true}]}}