{"id":373,"date":"2020-11-07T20:44:25","date_gmt":"2020-11-07T18:44:25","guid":{"rendered":"http:\/\/matuza-tactical.lt\/?post_type=product&#038;p=373"},"modified":"2026-04-15T12:38:12","modified_gmt":"2026-04-15T09:38:12","slug":"podirzis_mod-1","status":"publish","type":"product","link":"https:\/\/matuza-tactical.lt\/en\/parduotuve\/podirzis_mod-1\/","title":{"rendered":"Inner Belt Mod.1"},"content":{"rendered":"<div id=\"u_0_y\">\n<div class=\"fwlpnqze r5g9zsuq b0eko5f3 q46jt4gp\">\n<div><strong>PASKIRTIS<\/strong><\/div>\n<\/div>\n<\/div>\n<div>Kelni\u0173 dir\u017eas padengtas mink\u0161ta (kailiuko) kontaktine juosta, prie kurio prilimpa taktiniai dir\u017eai, viduje padengti kieta (kabliuk\u0173) kontaktine juosta. Taip ekipuot\u0117 laikosi patogiame auk\u0161tyje ir i\u0161vengiama smunkan\u010di\u0173 kelni\u0173 poj\u016b\u010dio, kuris b\u016bdingas taktiniams dir\u017eams be petne\u0161\u0173.<\/div>\n<div><\/div>\n<div id=\"u_0_y\">\n<div class=\"fwlpnqze r5g9zsuq b0eko5f3 q46jt4gp\">\n<div class=\"ihx95mk1 fwlpnqze r5g9zsuq b0eko5f3 q46jt4gp ta68dy8c kpwa50dg m0cukt09 h8391g91 r3h50k6m\"><strong>SAVYB\u0116S<\/strong><\/div>\n<p>4 cm plo\u010dio kelni\u0173 dir\u017eas padengtas mink\u0161ta (kailiuko) kontaktine juosta. Viename dir\u017eo gale \u012fsi\u016bta plastikin\u0117 kilpa patogesniam dir\u017eo suver\u017eimui, kitame dir\u017eo gale i\u0161 vidin\u0117s pus\u0117s prisi\u016bta kieta (kabliuk\u0173) kontaktin\u0117 juosta fiksacijai. Prie podir\u017eio \u201eSiauruk\u0105\u201c galima klijuoti tiek su pamink\u0161tinimu, tiek be jo.<\/p>\n<\/div>\n<\/div>\n<p>&nbsp;<\/p>\n<form action=\"https:\/\/www.facebook.com\/ajax\/ufi\/modify.php\" method=\"post\">\n<div class=\"_2rd3\">\n<div class=\"_37uu _sa_ _s_6 _3-8r _2pim\">\n<div>\n<div class=\"_57w\">\n<div class=\"_3399 _1f6t _4_dr _20h5\">\n<div class=\"_524d\">\n<div class=\"_ipn clearfix _-5d\"><\/div>\n<\/div>\n<\/div>\n<\/div>\n<\/div>\n<\/div>\n<\/div>\n<\/form>","protected":false},"excerpt":{"rendered":"<p>Kelni\u0173 dir\u017eas, prie kurio prilimpa taktiniai dir\u017eai, i\u0161 vidaus padengti kieta (kabliuk\u0173) kontaktine juosta.<\/p>","protected":false},"featured_media":5907,"template":"","meta":{"_exactmetrics_skip_tracking":false,"_exactmetrics_sitenote_active":false,"_exactmetrics_sitenote_note":"","_exactmetrics_sitenote_category":0},"product_cat":[39],"product_tag":[47,46],"class_list":{"0":"post-373","1":"product","2":"type-product","3":"status-publish","4":"has-post-thumbnail","6":"product_cat-taktiniai_dirzai","7":"product_tag-juoda","8":"product_tag-zalia_ral7013","10":"first","11":"instock","12":"taxable","13":"shipping-taxable","14":"purchasable","15":"product-type-variable","16":"wpzoom-wc-spi-has-enabled"},"aioseo_notices":[],"jetpack_sharing_enabled":true,"_links":{"self":[{"href":"https:\/\/matuza-tactical.lt\/en\/wp-json\/wp\/v2\/product\/373","targetHints":{"allow":["GET"]}}],"collection":[{"href":"https:\/\/matuza-tactical.lt\/en\/wp-json\/wp\/v2\/product"}],"about":[{"href":"https:\/\/matuza-tactical.lt\/en\/wp-json\/wp\/v2\/types\/product"}],"wp:featuredmedia":[{"embeddable":true,"href":"https:\/\/matuza-tactical.lt\/en\/wp-json\/wp\/v2\/media\/5907"}],"wp:attachment":[{"href":"https:\/\/matuza-tactical.lt\/en\/wp-json\/wp\/v2\/media?parent=373"}],"wp:term":[{"taxonomy":"product_cat","embeddable":true,"href":"https:\/\/matuza-tactical.lt\/en\/wp-json\/wp\/v2\/product_cat?post=373"},{"taxonomy":"product_tag","embeddable":true,"href":"https:\/\/matuza-tactical.lt\/en\/wp-json\/wp\/v2\/product_tag?post=373"}],"curies":[{"name":"wp","href":"https:\/\/api.w.org\/{rel}","templated":true}]}}