{"id":3513,"date":"2022-10-30T10:55:50","date_gmt":"2022-10-30T08:55:50","guid":{"rendered":"https:\/\/matuza-tactical.lt\/?post_type=product&#038;p=3513"},"modified":"2026-04-15T12:37:04","modified_gmt":"2026-04-15T09:37:04","slug":"taktinio_dirzo_paminkstinimas","status":"publish","type":"product","link":"https:\/\/matuza-tactical.lt\/en\/parduotuve\/taktinio_dirzo_paminkstinimas\/","title":{"rendered":"Padding for Shooters Belt"},"content":{"rendered":"<div id=\"u_0_y\">\n<div class=\"fwlpnqze r5g9zsuq b0eko5f3 q46jt4gp\">\n<div><strong>PASKIRTIS<\/strong><\/div>\n<\/div>\n<\/div>\n<div>Pamink\u0161tinimas palaiko ant dir\u017eo esan\u010dius ekipuot\u0117s d\u0117klus toliau nuo k\u016bno ir apsaugo nuo nuspaudimo. Su \u0161iuo pamink\u0161tinimu taktinius dir\u017eus, kurie lipinami prie podir\u017eio, galima ne\u0161ioti ant vir\u0161utini\u0173 r\u016bb\u0173 (striuk\u0117s, \u0161varko) nebijant, kad dir\u017eo kieta kontaktin\u0117 juosta juos pa\u017eeis.<\/div>\n<div><\/div>\n<div id=\"u_0_y\">\n<div class=\"fwlpnqze r5g9zsuq b0eko5f3 q46jt4gp\">\n<div class=\"ihx95mk1 fwlpnqze r5g9zsuq b0eko5f3 q46jt4gp ta68dy8c kpwa50dg m0cukt09 h8391g91 r3h50k6m\"><strong>SAVYB\u0116S<\/strong><\/div>\n<ul>\n<li>Pamink\u0161tinimas pasi\u016btas i\u0161 orui laidaus 3D audinio su viduje \u012fsi\u016btu &#8222;atminties efekto&#8221; neturin\u010diu u\u017edar\u0173 put\u0173 polietileno sluoksniu.<\/li>\n<li>8 cm plo\u010dio ir keturi\u0173 dyd\u017ei\u0173: S &#8211; 80 cm, M-90 cm, L-100 ir XL-110 cm.<\/li>\n<li>Viena pamink\u0161tinimo pus\u0117 padengta 5 cm plo\u010dio mink\u0161ta kontaktine juosta, tod\u0117l pamink\u0161tinim\u0105 galima lipdyti prie vis\u0173 taktini\u0173 dir\u017e\u0173, kuri\u0173 vidus padengtas kieta kontaktine juosta. Toki\u0173 kaip m\u016bs\u0173 Siauruk\u0173 linija.<\/li>\n<\/ul>\n<\/div>\n<\/div>","protected":false},"excerpt":{"rendered":"<div class=\"ihx95mk1 fwlpnqze r5g9zsuq b0eko5f3 q46jt4gp ta68dy8c kpwa50dg m0cukt09 h8391g91 r3h50k6m\">Prilipdomas pamink\u0161tinimas taktiniam dir\u017eui.<\/div>\n<div class=\"ihx95mk1 fwlpnqze r5g9zsuq b0eko5f3 q46jt4gp ta68dy8c kpwa50dg m0cukt09 h8391g91 r3h50k6m\"><\/div>","protected":false},"featured_media":3530,"template":"","meta":{"_exactmetrics_skip_tracking":false,"_exactmetrics_sitenote_active":false,"_exactmetrics_sitenote_note":"","_exactmetrics_sitenote_category":0},"product_cat":[39],"product_tag":[46],"class_list":{"0":"post-3513","1":"product","2":"type-product","3":"status-publish","4":"has-post-thumbnail","6":"product_cat-taktiniai_dirzai","7":"product_tag-zalia_ral7013","9":"first","10":"instock","11":"taxable","12":"shipping-taxable","13":"purchasable","14":"product-type-variable","15":"wpzoom-wc-spi-has-enabled"},"aioseo_notices":[],"jetpack_sharing_enabled":true,"_links":{"self":[{"href":"https:\/\/matuza-tactical.lt\/en\/wp-json\/wp\/v2\/product\/3513","targetHints":{"allow":["GET"]}}],"collection":[{"href":"https:\/\/matuza-tactical.lt\/en\/wp-json\/wp\/v2\/product"}],"about":[{"href":"https:\/\/matuza-tactical.lt\/en\/wp-json\/wp\/v2\/types\/product"}],"wp:featuredmedia":[{"embeddable":true,"href":"https:\/\/matuza-tactical.lt\/en\/wp-json\/wp\/v2\/media\/3530"}],"wp:attachment":[{"href":"https:\/\/matuza-tactical.lt\/en\/wp-json\/wp\/v2\/media?parent=3513"}],"wp:term":[{"taxonomy":"product_cat","embeddable":true,"href":"https:\/\/matuza-tactical.lt\/en\/wp-json\/wp\/v2\/product_cat?post=3513"},{"taxonomy":"product_tag","embeddable":true,"href":"https:\/\/matuza-tactical.lt\/en\/wp-json\/wp\/v2\/product_tag?post=3513"}],"curies":[{"name":"wp","href":"https:\/\/api.w.org\/{rel}","templated":true}]}}