{"id":3447,"date":"2022-10-25T11:03:29","date_gmt":"2022-10-25T08:03:29","guid":{"rendered":"https:\/\/matuza-tactical.lt\/?post_type=product&#038;p=3447"},"modified":"2026-04-15T12:37:45","modified_gmt":"2026-04-15T09:37:45","slug":"petnesu-kilpos","status":"publish","type":"product","link":"https:\/\/matuza-tactical.lt\/en\/parduotuve\/petnesu-kilpos\/","title":{"rendered":"Rings for Belt Suspenders"},"content":{"rendered":"<p>Prilipdomos petne\u0161\u0173 kilpos. Skirtos naudoti su taktiniais dir\u017eais, kuri\u0173 vidin\u0117 pus\u0117 yra padengta kontaktine juosta.<\/p>\n<ul>\n<li>Kilpos prilipdomos pasirinktose dir\u017eo vietose.<\/li>\n<li>Komplektacijoje &#8211; 4 vnt.<\/li>\n<li>Viena kilpos pus\u0117 padengta mink\u0161ta kontaktine juosta, o kita &#8211; kieta.<\/li>\n<li>Kieta kontaktine juosta padengta kilpos pus\u0117 turi nupl\u0117\u0161iama apsaug\u0105.<\/li>\n<li>Apsauga reikalinga ne\u0161iojant dir\u017e\u0105 be pamink\u0161tinimo, kad nusi\u0117mimo metu petne\u0161os kilpa nelikt\u0173 prilipusi prie podir\u017eio.<\/li>\n<li>Apsauga nereikalinga, kai kilpos montuojamos tarp dir\u017eo ir pamink\u0161tinimo.<\/li>\n<li>Ant \u0161i\u0173 kilp\u0173 galima montuoti petne\u0161as, kuri\u0173 dir\u017eeliai yra 2,5 cm plo\u010dio.<\/li>\n<\/ul>","protected":false},"excerpt":{"rendered":"<p>Prilipdomos petne\u0161\u0173 kilpos. Skirtos naudoti su taktiniais dir\u017eais, kuri\u0173 vidin\u0117 pus\u0117 yra padengta kontaktine juosta.<\/p>","protected":false},"featured_media":3448,"template":"","meta":{"_exactmetrics_skip_tracking":false,"_exactmetrics_sitenote_active":false,"_exactmetrics_sitenote_note":"","_exactmetrics_sitenote_category":0},"product_cat":[39],"product_tag":[],"class_list":{"0":"post-3447","1":"product","2":"type-product","3":"status-publish","4":"has-post-thumbnail","6":"product_cat-taktiniai_dirzai","8":"first","9":"instock","10":"taxable","11":"shipping-taxable","12":"purchasable","13":"product-type-variable","14":"wpzoom-wc-spi-has-enabled"},"aioseo_notices":[],"jetpack_sharing_enabled":true,"_links":{"self":[{"href":"https:\/\/matuza-tactical.lt\/en\/wp-json\/wp\/v2\/product\/3447","targetHints":{"allow":["GET"]}}],"collection":[{"href":"https:\/\/matuza-tactical.lt\/en\/wp-json\/wp\/v2\/product"}],"about":[{"href":"https:\/\/matuza-tactical.lt\/en\/wp-json\/wp\/v2\/types\/product"}],"wp:featuredmedia":[{"embeddable":true,"href":"https:\/\/matuza-tactical.lt\/en\/wp-json\/wp\/v2\/media\/3448"}],"wp:attachment":[{"href":"https:\/\/matuza-tactical.lt\/en\/wp-json\/wp\/v2\/media?parent=3447"}],"wp:term":[{"taxonomy":"product_cat","embeddable":true,"href":"https:\/\/matuza-tactical.lt\/en\/wp-json\/wp\/v2\/product_cat?post=3447"},{"taxonomy":"product_tag","embeddable":true,"href":"https:\/\/matuza-tactical.lt\/en\/wp-json\/wp\/v2\/product_tag?post=3447"}],"curies":[{"name":"wp","href":"https:\/\/api.w.org\/{rel}","templated":true}]}}