{"id":1733,"date":"2021-11-19T13:58:21","date_gmt":"2021-11-19T11:58:21","guid":{"rendered":"https:\/\/matuza-tactical.lt\/?post_type=product&#038;p=1733"},"modified":"2026-04-26T23:45:22","modified_gmt":"2026-04-26T20:45:22","slug":"mazas-balnas","status":"publish","type":"product","link":"https:\/\/matuza-tactical.lt\/en\/parduotuve\/mazas-balnas\/","title":{"rendered":"Ma\u017easis balnas"},"content":{"rendered":"<p><strong>PASKIRTIS<\/strong><\/p>\n<p>\u0160audymo mai\u0161elis \u201eMa\u017easis balnas\u201c yra skirtas stabiliai pad\u0117ti ginkl\u0105 ant \u012fvairaus auk\u0161\u010dio atram\u0173. \u0160audant \u201eMa\u017e\u0105j\u012f baln\u0105\u201c galima naudoti dviem b\u016bdais:<\/p>\n<ol>\n<li>Ginkl\u0105 galima d\u0117ti tiesiog ant paties mai\u0161elio, pad\u0117to ant atramos.<\/li>\n<li>Tvirtinti mai\u0161el\u012f ant ginklo apsodo su dir\u017eeliais.<\/li>\n<\/ol>\n<p>\u201eMa\u017e\u0105j\u012f baln\u0105\u201c galima naudoti ir kaip atram\u0105 po buo\u017ee \u0161audant gulimoje \u0161audymo pad\u0117tyje.<\/p>\n<p><strong>SAVYB\u0116S<\/strong><\/p>\n<ul>\n<li>Audinys 500D CORDURA\u00ae.<\/li>\n<li>Audinio spalvos kodas \u2013 RAL7013. \u0160i spalva yra analogi\u0161ka Lietuvos kariuomen\u0117s i\u0161duodamos ekipuot\u0117s spalvai, dar \u017einoma kaip\u00a0<em>Stone Grey Olive<\/em>\u00a0arba europieti\u0161ka\u00a0<em>Ranger Green.<\/em><\/li>\n<li>Mai\u0161elio vidus u\u017epildytas plastiko granul\u0117mis, tod\u0117l leid\u017eia mai\u0161eliui prisitaikyti prie skirting\u0173 atram\u0173.<\/li>\n<li>Viduryje esantis i\u0161kirpimas padeda mai\u0161eliui stabiliai laikytis ant siaur\u0173 atram\u0173.<\/li>\n<li><span class=\"d2edcug0 hpfvmrgz qv66sw1b c1et5uql rrkovp55 a8c37x1j keod5gw0 nxhoafnm aigsh9s9 d3f4x2em fe6kdd0r mau55g9w c8b282yb iv3no6db jq4qci2q a3bd9o3v knj5qynh oo9gr5id\" dir=\"auto\">Galuose esantys dir\u017eeliai su kontaktine juosta leid\u017eia mai\u0161el\u012f tvirtinti prie ginklo apsodo.<br \/>\n<\/span><\/li>\n<li>Rankena transportavimui arba greitam perk\u0117limui nuo vienos atramos ant kitos.<\/li>\n<li>Per vis\u0105 mai\u0161elio ilg\u012f einantis platus dir\u017eas apsaugo mai\u0161el\u012f nuo prad\u016brimo pad\u0117jus ant a\u0161tri\u0173 atram\u0173<\/li>\n<li>Matmenys: 16 x 11 x 10 cm.<\/li>\n<li>Svoris: apie 700 g.<\/li>\n<\/ul>\n<p>&nbsp;<\/p>\n<p><iframe loading=\"lazy\" title=\"Ma\u017eojo balno sumontavimas ant ginklo\" width=\"980\" height=\"551\" src=\"https:\/\/www.youtube.com\/embed\/afMC6VPCaFA?feature=oembed\" frameborder=\"0\" allow=\"accelerometer; autoplay; clipboard-write; encrypted-media; gyroscope; picture-in-picture; web-share\" referrerpolicy=\"strict-origin-when-cross-origin\" allowfullscreen><\/iframe><br \/>\n<iframe loading=\"lazy\" title=\"Ma\u017eojo balno naudojimas\" width=\"563\" height=\"1000\" src=\"https:\/\/www.youtube.com\/embed\/amOkDHwokb4?feature=oembed\" frameborder=\"0\" allow=\"accelerometer; autoplay; clipboard-write; encrypted-media; gyroscope; picture-in-picture; web-share\" referrerpolicy=\"strict-origin-when-cross-origin\" allowfullscreen><\/iframe><\/p>","protected":false},"excerpt":{"rendered":"<p>\u0160audymo mai\u0161elis \u0161audymui nuo \u012fvairaus auk\u0161\u010dio atram\u0173.<\/p>","protected":false},"featured_media":5077,"template":"","meta":{"_exactmetrics_skip_tracking":false,"_exactmetrics_sitenote_active":false,"_exactmetrics_sitenote_note":"","_exactmetrics_sitenote_category":0},"product_cat":[69],"product_tag":[46],"class_list":{"0":"post-1733","1":"product","2":"type-product","3":"status-publish","4":"has-post-thumbnail","6":"product_cat-taikliam_saudymui","7":"product_tag-zalia_ral7013","9":"first","10":"instock","11":"taxable","12":"shipping-taxable","13":"purchasable","14":"product-type-simple","15":"wpzoom-wc-spi-has-enabled"},"aioseo_notices":[],"jetpack_sharing_enabled":true,"_links":{"self":[{"href":"https:\/\/matuza-tactical.lt\/en\/wp-json\/wp\/v2\/product\/1733","targetHints":{"allow":["GET"]}}],"collection":[{"href":"https:\/\/matuza-tactical.lt\/en\/wp-json\/wp\/v2\/product"}],"about":[{"href":"https:\/\/matuza-tactical.lt\/en\/wp-json\/wp\/v2\/types\/product"}],"wp:featuredmedia":[{"embeddable":true,"href":"https:\/\/matuza-tactical.lt\/en\/wp-json\/wp\/v2\/media\/5077"}],"wp:attachment":[{"href":"https:\/\/matuza-tactical.lt\/en\/wp-json\/wp\/v2\/media?parent=1733"}],"wp:term":[{"taxonomy":"product_cat","embeddable":true,"href":"https:\/\/matuza-tactical.lt\/en\/wp-json\/wp\/v2\/product_cat?post=1733"},{"taxonomy":"product_tag","embeddable":true,"href":"https:\/\/matuza-tactical.lt\/en\/wp-json\/wp\/v2\/product_tag?post=1733"}],"curies":[{"name":"wp","href":"https:\/\/api.w.org\/{rel}","templated":true}]}}