{"id":1192,"date":"2021-04-11T21:16:11","date_gmt":"2021-04-11T18:16:11","guid":{"rendered":"https:\/\/matuza-tactical.lt\/?post_type=product&#038;p=1192"},"modified":"2026-02-05T10:20:15","modified_gmt":"2026-02-05T08:20:15","slug":"100-sov-juostos-deklas","status":"publish","type":"product","link":"https:\/\/matuza-tactical.lt\/en\/parduotuve\/100-sov-juostos-deklas\/","title":{"rendered":"Kulkosvaid\u017eio 100 \u0161ov. juostos d\u0117klas"},"content":{"rendered":"<p><strong>PASKIRTIS<\/strong><\/p>\n<p>D\u0117klas yra skirtas 7,62&#215;51 mm NATO kalibro kulkosvaid\u017eio 100 \u0161ovini\u0173 juostai.<\/p>\n<p><strong>SAVYB\u0116S<\/strong><\/p>\n<ul>\n<li>Audinys: d\u0117klo i\u0161or\u0117je &#8211;\u00a0 500D CORDURA\u00ae, d\u0117klo viduje &#8211; 1000D CORDURA\u00ae .<\/li>\n<li>Audinio spalvos kodas \u2013 RAL7013. \u0160i spalva yra analogi\u0161ka Lietuvos kariuomen\u0117s i\u0161duodamos ekipuot\u0117s spalvai, dar \u017einoma kaip <em>Stone Grey Olive<\/em> arba europieti\u0161ka <em>Ranger Green.<\/em><\/li>\n<li>100 \u0161ovini\u0173 kulkosvaid\u017eio juostos d\u0117klas kabinamas ant vis\u0173 PALS\/Molle tipo tvirtinimo sistem\u0105 turin\u010di\u0173 ekipuot\u0117s ne\u0161iojimo platform\u0173. D\u0117klas u\u017eima 4 stulpelius ir 3 eilutes PALS\/Molle dir\u017eeli\u0173 ploto.<\/li>\n<li><span class=\"d2edcug0 hpfvmrgz qv66sw1b c1et5uql rrkovp55 a8c37x1j keod5gw0 nxhoafnm aigsh9s9 d3f4x2em fe6kdd0r mau55g9w c8b282yb iv3no6db jq4qci2q a3bd9o3v knj5qynh oo9gr5id\" dir=\"auto\">D\u0117klo antvo\u017eas atsidaro \u012f vir\u0161\u0173 patogiam juostos sud\u0117jimui viduje.\u00a0<\/span><\/li>\n<li>U\u017edarytas d\u0117klo antvo\u017eas fiksuojamas kontaktine juosta ir <em>fastex<\/em> tipo sagtimi.<\/li>\n<li><span class=\"d2edcug0 hpfvmrgz qv66sw1b c1et5uql rrkovp55 a8c37x1j keod5gw0 nxhoafnm aigsh9s9 d3f4x2em fe6kdd0r mau55g9w c8b282yb iv3no6db jq4qci2q a3bd9o3v knj5qynh oo9gr5id\" dir=\"auto\">D\u0117klo antvo\u017eo vir\u0161uje yra anga greitam juostos i\u0161traukimui.<br \/>\n<\/span><\/li>\n<li>Korpuso vidus yra pasi\u016btas i\u0161 standaus ir itin trin\u010diai atsparaus 1000D CORDURA\u00ae audinio, kuris palaiko d\u0117klo form\u0105.<\/li>\n<li><span class=\"d2edcug0 hpfvmrgz qv66sw1b c1et5uql rrkovp55 a8c37x1j keod5gw0 nxhoafnm aigsh9s9 d3f4x2em fe6kdd0r mau55g9w c8b282yb iv3no6db jq4qci2q a3bd9o3v knj5qynh oo9gr5id\" dir=\"auto\">Korpuso priekin\u0117je dalyje \u012fsi\u016btas plastikas suver\u017eus d\u0117kl\u0105 tolygiai suspaud\u017eia viduje esan\u010di\u0105 juost\u0105. Tai ypa\u010d aktualu susid\u0117jus juost\u0105 su imitaciniais \u0161oviniais, nes jie yra trumpesni u\u017e kovinius.\u00a0<\/span><\/li>\n<li><span class=\"d2edcug0 hpfvmrgz qv66sw1b c1et5uql rrkovp55 a8c37x1j keod5gw0 nxhoafnm aigsh9s9 d3f4x2em fe6kdd0r mau55g9w c8b282yb iv3no6db jq4qci2q a3bd9o3v knj5qynh oo9gr5id\" dir=\"auto\">Visos kritin\u0117s d\u0117klo vietos yra sutvirtintos \u012ftvir\u010di\u0173 si\u016bl\u0117mis.\u00a0<\/span><\/li>\n<li>D\u0117klo auk\u0161tis &#8211; 17, plotis &#8211; 15, o storis &#8211; 8 cm.<\/li>\n<li>Svoris &#8211; 160 g.<\/li>\n<\/ul>\n<p>&nbsp;<\/p>","protected":false},"excerpt":{"rendered":"<p>D\u0117klas skirtas 7,62&#215;51 mm NATO kalibro kulkosvaid\u017eio 100 \u0161ovini\u0173 juostai.<\/p>","protected":false},"featured_media":1193,"template":"","meta":{"_exactmetrics_skip_tracking":false,"_exactmetrics_sitenote_active":false,"_exactmetrics_sitenote_note":"","_exactmetrics_sitenote_category":0},"product_cat":[44],"product_tag":[67,66,68,46],"class_list":{"0":"post-1192","1":"product","2":"type-product","3":"status-publish","4":"has-post-thumbnail","6":"product_cat-kita","7":"product_tag-fn-mag","8":"product_tag-kulkosvaidininkms","9":"product_tag-mg3","10":"product_tag-zalia_ral7013","12":"first","13":"outofstock","14":"taxable","15":"shipping-taxable","16":"purchasable","17":"product-type-simple","18":"wpzoom-wc-spi-has-enabled"},"aioseo_notices":[],"jetpack_sharing_enabled":true,"_links":{"self":[{"href":"https:\/\/matuza-tactical.lt\/en\/wp-json\/wp\/v2\/product\/1192","targetHints":{"allow":["GET"]}}],"collection":[{"href":"https:\/\/matuza-tactical.lt\/en\/wp-json\/wp\/v2\/product"}],"about":[{"href":"https:\/\/matuza-tactical.lt\/en\/wp-json\/wp\/v2\/types\/product"}],"wp:featuredmedia":[{"embeddable":true,"href":"https:\/\/matuza-tactical.lt\/en\/wp-json\/wp\/v2\/media\/1193"}],"wp:attachment":[{"href":"https:\/\/matuza-tactical.lt\/en\/wp-json\/wp\/v2\/media?parent=1192"}],"wp:term":[{"taxonomy":"product_cat","embeddable":true,"href":"https:\/\/matuza-tactical.lt\/en\/wp-json\/wp\/v2\/product_cat?post=1192"},{"taxonomy":"product_tag","embeddable":true,"href":"https:\/\/matuza-tactical.lt\/en\/wp-json\/wp\/v2\/product_tag?post=1192"}],"curies":[{"name":"wp","href":"https:\/\/api.w.org\/{rel}","templated":true}]}}