{"id":10932,"date":"2026-05-04T11:19:27","date_gmt":"2026-05-04T08:19:27","guid":{"rendered":"https:\/\/matuza-tactical.lt\/?post_type=product&#038;p=10932"},"modified":"2026-05-04T14:02:43","modified_gmt":"2026-05-04T11:02:43","slug":"elastine-virvute-3-mm-parduodama-metrais","status":"publish","type":"product","link":"https:\/\/matuza-tactical.lt\/en\/parduotuve\/elastine-virvute-3-mm-parduodama-metrais\/","title":{"rendered":"Elastin\u0117 virvut\u0117 3 mm"},"content":{"rendered":"<p>3 mm pakaitin\u0117 elastin\u0117 virvut\u0117. Tinka \u0161iems m\u016bs\u0173 d\u0117tuvi\u0173 d\u0117klams :<\/p>\n<ul>\n<li>Greituk\u0117 G36<\/li>\n<li>Greituk\u0117 AR 15<\/li>\n<li>7,62 Mag. Pouch<\/li>\n<li>Ma\u017ea Greituk\u0117<\/li>\n<li>Pistol Mag.Pouch<\/li>\n<\/ul>\n<p data-start=\"374\" data-end=\"590\">Tinka ir kit\u0173 gamintoj\u0173 d\u0117kl\u0173 modifikavimui ar remontui.<\/p>\n<p data-start=\"374\" data-end=\"590\">Galima panaudoti kitos savo taktin\u0117s ekipuot\u0117s modifikavimui.<\/p>\n<hr data-start=\"1130\" data-end=\"1133\" \/>\n<p data-section-id=\"168kw6f\" data-start=\"1135\" data-end=\"1163\"><strong><span role=\"text\">GAMINIO SPECIFIKACIJA<\/span><\/strong><\/p>\n<ul data-start=\"1165\" data-end=\"1444\">\n<li data-section-id=\"m2dli7\" data-start=\"1165\" data-end=\"1192\">Spalva \u017ealia (RAL7013) sm\u0117lin\u0117 (TAN), juoda.<\/li>\n<li data-section-id=\"m2dli7\" data-start=\"1165\" data-end=\"1192\">Storis: 3 mm.<\/li>\n<li data-section-id=\"4kv35f\" data-start=\"1210\" data-end=\"1250\">Elastin\u0117 virvut\u0117\u00a0 parduodama pagal d\u0117tuv\u0117s tip\u0105 arba metrais.<\/li>\n<li data-section-id=\"19fzmy0\" data-start=\"1251\" data-end=\"1299\">Elastinga, atspari tempimui ir nusid\u0117v\u0117jimui.<\/li>\n<li data-section-id=\"33ecu0\" data-start=\"1300\" data-end=\"1340\">Tinka atvir\u0173 d\u0117tuvi\u0173 d\u0117kl\u0173 modifikavimui ar remontui.<\/li>\n<\/ul>\n<hr data-start=\"1522\" data-end=\"1525\" \/>\n<h5 data-section-id=\"lbqjsa\" data-start=\"1527\" data-end=\"1544\"><strong><span role=\"text\">GAMINTOJAS<\/span><\/strong><\/h5>\n<p data-start=\"1546\" data-end=\"1561\">UAB \u201eGuminukas\u201c, Lietuva.<\/p>\n<p>&nbsp;<\/p>\n<p>&nbsp;<\/p>\n<p>&nbsp;<\/p>\n<p>&nbsp;<\/p>\n<p>&nbsp;<\/p>\n<p>&nbsp;<\/p>\n<p>&nbsp;<\/p>\n<p>&nbsp;<\/p>\n<p>&nbsp;<\/p>\n<p>&nbsp;<\/p>\n<p>&nbsp;<\/p>\n<p>&nbsp;<\/p>\n<p>&nbsp;<\/p>\n<p>&nbsp;<\/p>\n<p>&nbsp;<\/p>","protected":false},"excerpt":{"rendered":"<p>Elastin\u0117 3 mm virvut\u0117 skirta taktin\u0117s \u012frangos remontui ir modifikavimui. Tinka \u0161iems d\u0117tuvi\u0173 d\u0117klams Greituk\u0117 (G36, AR15, 7,62, Ma\u017ea) ir Greituolytei.<\/p>\n<p>&nbsp;<\/p>\n<p>&nbsp;<\/p>\n<p>&nbsp;<\/p>\n<div class=\"btn-bubble-icon\"><\/div>","protected":false},"featured_media":10943,"template":"","meta":{"_exactmetrics_skip_tracking":false,"_exactmetrics_sitenote_active":false,"_exactmetrics_sitenote_note":"","_exactmetrics_sitenote_category":0},"product_cat":[117],"product_tag":[],"class_list":{"0":"post-10932","1":"product","2":"type-product","3":"status-publish","4":"has-post-thumbnail","6":"product_cat-dalys","8":"first","9":"instock","10":"taxable","11":"shipping-taxable","12":"product-type-variable","13":"wpzoom-wc-spi-has-enabled"},"aioseo_notices":[],"jetpack_sharing_enabled":true,"_links":{"self":[{"href":"https:\/\/matuza-tactical.lt\/en\/wp-json\/wp\/v2\/product\/10932","targetHints":{"allow":["GET"]}}],"collection":[{"href":"https:\/\/matuza-tactical.lt\/en\/wp-json\/wp\/v2\/product"}],"about":[{"href":"https:\/\/matuza-tactical.lt\/en\/wp-json\/wp\/v2\/types\/product"}],"wp:featuredmedia":[{"embeddable":true,"href":"https:\/\/matuza-tactical.lt\/en\/wp-json\/wp\/v2\/media\/10943"}],"wp:attachment":[{"href":"https:\/\/matuza-tactical.lt\/en\/wp-json\/wp\/v2\/media?parent=10932"}],"wp:term":[{"taxonomy":"product_cat","embeddable":true,"href":"https:\/\/matuza-tactical.lt\/en\/wp-json\/wp\/v2\/product_cat?post=10932"},{"taxonomy":"product_tag","embeddable":true,"href":"https:\/\/matuza-tactical.lt\/en\/wp-json\/wp\/v2\/product_tag?post=10932"}],"curies":[{"name":"wp","href":"https:\/\/api.w.org\/{rel}","templated":true}]}}