{"id":10647,"date":"2026-03-17T12:40:42","date_gmt":"2026-03-17T10:40:42","guid":{"rendered":"https:\/\/matuza-tactical.lt\/?post_type=product&#038;p=10647"},"modified":"2026-04-15T11:36:28","modified_gmt":"2026-04-15T08:36:28","slug":"pmp-priemoniu-deklas-mod-2-0-multicam","status":"publish","type":"product","link":"https:\/\/matuza-tactical.lt\/en\/parduotuve\/pmp-priemoniu-deklas-mod-2-0-multicam\/","title":{"rendered":"PMP priemoni\u0173 d\u0117klas Mod. 2.0 MultiCam\u00ae"},"content":{"rendered":"<p><strong>PASKIRTIS<\/strong><\/p>\n<p>Nupl\u0117\u0161iamas pirmosios medicinos pagalbos priemoni\u0173 d\u0117klas skirtas b\u016btiniausioms m\u016b\u0161io lauko pirmosios pagalbos priemon\u0117ms ne\u0161ioti. D\u0117kl\u0105 galima montuoti jums patogioje vietoje tiek ant liemen\u0117s, tiek ant taktinio dir\u017eo.<\/p>\n<p><strong>GAMINIO SPECIFIKACIJA<\/strong><\/p>\n<ul>\n<li>Audinys 500D CORDURA\u00ae.<\/li>\n<li>Audinio spalva MultiCam\u00ae<\/li>\n<li>Matmenys 23 <span class=\"d2edcug0 hpfvmrgz qv66sw1b c1et5uql rrkovp55 a8c37x1j keod5gw0 nxhoafnm aigsh9s9 d3f4x2em fe6kdd0r mau55g9w c8b282yb iv3no6db jq4qci2q a3bd9o3v knj5qynh oo9gr5id\" dir=\"auto\">x 16 x 8 cm.\u00a0<\/span><\/li>\n<li>Svoris &#8211; 273 g.<\/li>\n<li>Prie ekipuot\u0117s tvirtinamas PALS\/MOLLE sistema (3 stulpeliai x 4 eilut\u0117s).<\/li>\n<li>D\u0117klas yra nupl\u0117\u0161iamas su\u0117mus u\u017e didel\u0117s rankenos, kuri\u0105 patogu suimti ir su pir\u0161tin\u0117mis. Papildomam fiksavimui turi dir\u017eel\u012f su sagtele.<\/li>\n<li>U\u017esegamas u\u017etrauktuku. Atsegus pilnai atsidaro. Greitam atsegimui d\u0117kl\u0105 reikia u\u017esegti taip, kad viduje esantis dir\u017eelis b\u016bt\u0173 i\u0161trauktas \u012f i\u0161or\u0119. Patraukus u\u017e jo d\u0117klas atidaromas vienu judesiu.<\/li>\n<li>D\u0117klo vidus yra sudarytas i\u0161 trij\u0173 skyri\u0173:\n<ul>\n<li>\u012esegamas lie\u017euvis su vienoje pus\u0117je prisi\u016btomis gumin\u0117mis kilpomis, u\u017e kuri\u0173 galima u\u017eki\u0161ti markerius, nazofaringinius vamzdelius ir pan. Kitoje lie\u017euvio pus\u0117je yra u\u017etrauktuku u\u017edaroma ki\u0161en\u0117 smulkioms priemon\u0117ms laikyti. Lie\u017euvis yra i\u0161imamas.<\/li>\n<li>Priekinis vidinis skyrius yra skirtas didel\u0117ms priemon\u0117ms u\u017eki\u0161ti u\u017e gum\u0173. Jo \u0161one yra papildoma gumin\u0117 kilpa pailgai priemonei u\u017eki\u0161ti. \u0160io skyriaus nugaroje yra papildoma ki\u0161en\u0117 u\u017esegama u\u017etrauktuku.<\/li>\n<li>Galin\u0117je dalyje yra ki\u0161en\u0117, kurioje patogu laikyti plok\u0161\u010dius daiktus, o taip pat 4 gumin\u0117s kilpos skirtos dideliems daiktas ir 3 ploniems.<\/li>\n<\/ul>\n<\/li>\n<li>D\u0117klo dugne yra dar viena gumin\u0117 kilpa u\u017e kurios galima u\u017eki\u0161ti medicinin\u0119 skarel\u0119 ar kitus pana\u0161aus dyd\u017eio daiktus.<\/li>\n<li>D\u0117klo priekyje yra didel\u0117 i\u0161siple\u010dianti ki\u0161en\u0117.<\/li>\n<li>D\u0117klo i\u0161or\u0117je naudojami neper\u0161lampami u\u017etrauktukai, apsaugantys d\u0117klo turin\u012f nuo dr\u0117gm\u0117s ir dulki\u0173.<\/li>\n<li>D\u0117klas pasi\u016btas i\u0161 IRR padengim\u0105 turin\u010di\u0173 med\u017eiag\u0173 (i\u0161skyrus juod\u0105 versij\u0105).<\/li>\n<\/ul>\n<p><a href=\"https:\/\/matuza-tactical.lt\/en\/product-category\/deklai-ir-priedai-pmp-priemonems\/\">Kiti Matuza Tactical deklai ir priedai<\/a><\/p>\n<p><a href=\"https:\/\/www.youtube.com\/@matuzatactical\">Matuza Tactical youtube kanalas.<\/a><\/p>\n<p>&nbsp;<\/p>\n<p>&nbsp;<\/p>\n<p>&nbsp;<\/p>","protected":false},"excerpt":{"rendered":"<p>Nupl\u0117\u0161iamas pirmosios medicinos pagalbos priemoni\u0173 d\u0117klas skirtas ne\u0161ioti b\u016btiniausioms m\u016b\u0161io lauko pirmosios pagalbos priemon\u0117ms. D\u0117kl\u0105 galima montuoti jums patogioje vietoje tiek ant liemen\u0117s, tiek ant taktinio dir\u017eo.<\/p>","protected":false},"featured_media":10654,"template":"","meta":{"_exactmetrics_skip_tracking":false,"_exactmetrics_sitenote_active":false,"_exactmetrics_sitenote_note":"","_exactmetrics_sitenote_category":0},"product_cat":[132],"product_tag":[124,47,116,122,75,125,46],"class_list":{"0":"post-10647","1":"product","2":"type-product","3":"status-publish","4":"has-post-thumbnail","6":"product_cat-multicam","7":"product_tag-flecktarn","8":"product_tag-juoda","9":"product_tag-multicam","10":"product_tag-multicam-tropic","11":"product_tag-pmp","12":"product_tag-tccc","13":"product_tag-zalia_ral7013","15":"first","16":"instock","17":"taxable","18":"shipping-taxable","19":"purchasable","20":"product-type-simple","21":"wpzoom-wc-spi-has-enabled"},"aioseo_notices":[],"jetpack_sharing_enabled":true,"_links":{"self":[{"href":"https:\/\/matuza-tactical.lt\/en\/wp-json\/wp\/v2\/product\/10647","targetHints":{"allow":["GET"]}}],"collection":[{"href":"https:\/\/matuza-tactical.lt\/en\/wp-json\/wp\/v2\/product"}],"about":[{"href":"https:\/\/matuza-tactical.lt\/en\/wp-json\/wp\/v2\/types\/product"}],"wp:featuredmedia":[{"embeddable":true,"href":"https:\/\/matuza-tactical.lt\/en\/wp-json\/wp\/v2\/media\/10654"}],"wp:attachment":[{"href":"https:\/\/matuza-tactical.lt\/en\/wp-json\/wp\/v2\/media?parent=10647"}],"wp:term":[{"taxonomy":"product_cat","embeddable":true,"href":"https:\/\/matuza-tactical.lt\/en\/wp-json\/wp\/v2\/product_cat?post=10647"},{"taxonomy":"product_tag","embeddable":true,"href":"https:\/\/matuza-tactical.lt\/en\/wp-json\/wp\/v2\/product_tag?post=10647"}],"curies":[{"name":"wp","href":"https:\/\/api.w.org\/{rel}","templated":true}]}}