{"id":10570,"date":"2026-03-13T10:54:09","date_gmt":"2026-03-13T08:54:09","guid":{"rendered":"https:\/\/matuza-tactical.lt\/?post_type=product&#038;p=10570"},"modified":"2026-04-23T10:49:39","modified_gmt":"2026-04-23T07:49:39","slug":"pmp-priemoniu-deklas-mod-3-1-horizontalus","status":"publish","type":"product","link":"https:\/\/matuza-tactical.lt\/en\/parduotuve\/pmp-priemoniu-deklas-mod-3-1-horizontalus\/","title":{"rendered":"PMP priemoni\u0173 d\u0117klas Mod.3.1 (horizontalus)"},"content":{"rendered":"<p>Nupl\u0117\u0161iamas pirmosios medicinos pagalbos priemoni\u0173 d\u0117klas skirtas b\u016btiniausioms m\u016b\u0161io lauko pirmosios pagalbos priemon\u0117ms ne\u0161ioti. D\u0117klas yra i\u0161traukiamas i\u0161 abiej\u0173 pusi\u0173.<\/p>\n<p><strong>GAMINIO SPECIFIKACIJA<\/strong><\/p>\n<ul>\n<li>Audinys 500D CORDURA\u00ae.<\/li>\n<li>Audinio spalvos kodas \u2013 RAL7013. \u0160i spalva yra analogi\u0161ka Lietuvos kariuomen\u0117s i\u0161duodamos ekipuot\u0117s spalvai, dar \u017einoma kaip <em>Stone Grey Olive<\/em> arba europieti\u0161ka <em>Ranger Green.\u00a0<\/em><\/li>\n<li>Matmenys 18 <span class=\"d2edcug0 hpfvmrgz qv66sw1b c1et5uql rrkovp55 a8c37x1j keod5gw0 nxhoafnm aigsh9s9 d3f4x2em fe6kdd0r mau55g9w c8b282yb iv3no6db jq4qci2q a3bd9o3v knj5qynh oo9gr5id\" dir=\"auto\">x 12 x 8 cm.\u00a0<\/span><\/li>\n<li>Svoris &#8211; 155 g.<\/li>\n<li>Prie ekipuot\u0117s tvirtinamas PALS\/MOLLE sistema (4 stulpeliai x 2 eilut\u0117s).<\/li>\n<li>D\u0117klas fiksuojamas ne\u0161iojimo rankov\u0117je kontaktine juosta ir yra apspaud\u017eiamas pagal savo t\u016br\u012f.<\/li>\n<li>Abiejose pus\u0117se yra rankenos, kurias patogu suimti ir su pir\u0161tin\u0117mis.<\/li>\n<li>D\u0117klas yra i\u0161traukiamas i\u0161 abiej\u0173 pusi\u0173.<\/li>\n<li>U\u017esegamas u\u017etrauktuku. Atsegus pilnai atsidaro. Greitam atsegimui d\u0117kl\u0105 reikia u\u017esegti taip, kad viduje esantis dir\u017eelis b\u016bt\u0173 i\u0161trauktas \u012f i\u0161or\u0119. Patraukus u\u017e jo d\u0117klas atidaromas vienu judesiu.<\/li>\n<li>D\u0117klo viduje yra dvi ki\u0161en\u0117s, horizontali ir vertikali, prie kuri\u0173 prisi\u016btos elastines juostos medicinos priemon\u0117ms u\u017eki\u0161ti.<\/li>\n<li>D\u0117klo priekyje yra\u00a0 per vis\u0105 auk\u0161t\u012f i\u0161 \u0161ono pasiekiama ki\u0161en\u0117 plok\u0161tiems daiktams.<\/li>\n<li>D\u0117klo i\u0161or\u0117je naudojami neper\u0161lampami u\u017etrauktukai, apsaugantys d\u0117klo turin\u012f nuo dr\u0117gm\u0117s ir dulki\u0173.<\/li>\n<li>D\u0117klas pasi\u016btas i\u0161 IRR padengim\u0105 turin\u010di\u0173 med\u017eiag\u0173.<\/li>\n<\/ul>\n<p><a href=\"https:\/\/matuza-tactical.lt\/en\/parduotuve\/pmp-mod2-0\/\">IFAK's and Accessories<\/a><br \/>\n<a href=\"https:\/\/www.youtube.com\/watch?v=i9_NyFcNh0c&amp;t=45s\">MOD.3\u00a0 PMP priemoni\u0173 d\u0117kl\u0173 ap\u017evalga.<\/a><\/p>\n<p>&nbsp;<\/p>\n<p>&nbsp;<\/p>\n<p>&nbsp;<\/p>\n<p>&nbsp;<\/p>\n<p>&nbsp;<\/p>","protected":false},"excerpt":{"rendered":"<p>Nupl\u0117\u0161iamas pirmosios medicinos pagalbos priemoni\u0173 d\u0117klas skirtas ne\u0161ioti b\u016btiniausioms m\u016b\u0161io lauko pirmosios pagalbos priemon\u0117ms. D\u0117klas i\u0161 savo fiksavimo rankov\u0117s yra i\u0161traukiamas i\u0161 abiej\u0173 pusi\u0173.<\/p>\n<p>&nbsp;<\/p>","protected":false},"featured_media":10620,"template":"","meta":{"_exactmetrics_skip_tracking":false,"_exactmetrics_sitenote_active":false,"_exactmetrics_sitenote_note":"","_exactmetrics_sitenote_category":0},"product_cat":[57,136],"product_tag":[75],"class_list":{"0":"post-10570","1":"product","2":"type-product","3":"status-publish","4":"has-post-thumbnail","6":"product_cat-deklai-ir-priedai-pmp-priemonems","7":"product_cat-nauji-gaminiai","8":"product_tag-pmp","10":"first","11":"onbackorder","12":"taxable","13":"shipping-taxable","14":"purchasable","15":"product-type-simple","16":"wpzoom-wc-spi-has-enabled"},"aioseo_notices":[],"jetpack_sharing_enabled":true,"_links":{"self":[{"href":"https:\/\/matuza-tactical.lt\/en\/wp-json\/wp\/v2\/product\/10570","targetHints":{"allow":["GET"]}}],"collection":[{"href":"https:\/\/matuza-tactical.lt\/en\/wp-json\/wp\/v2\/product"}],"about":[{"href":"https:\/\/matuza-tactical.lt\/en\/wp-json\/wp\/v2\/types\/product"}],"wp:featuredmedia":[{"embeddable":true,"href":"https:\/\/matuza-tactical.lt\/en\/wp-json\/wp\/v2\/media\/10620"}],"wp:attachment":[{"href":"https:\/\/matuza-tactical.lt\/en\/wp-json\/wp\/v2\/media?parent=10570"}],"wp:term":[{"taxonomy":"product_cat","embeddable":true,"href":"https:\/\/matuza-tactical.lt\/en\/wp-json\/wp\/v2\/product_cat?post=10570"},{"taxonomy":"product_tag","embeddable":true,"href":"https:\/\/matuza-tactical.lt\/en\/wp-json\/wp\/v2\/product_tag?post=10570"}],"curies":[{"name":"wp","href":"https:\/\/api.w.org\/{rel}","templated":true}]}}