{"id":10505,"date":"2026-03-09T10:53:05","date_gmt":"2026-03-09T08:53:05","guid":{"rendered":"https:\/\/matuza-tactical.lt\/?post_type=product&#038;p=10505"},"modified":"2026-04-15T12:51:20","modified_gmt":"2026-04-15T09:51:20","slug":"pistoleto-deklas-multicam","status":"publish","type":"product","link":"https:\/\/matuza-tactical.lt\/en\/parduotuve\/pistoleto-deklas-multicam\/","title":{"rendered":"Pistoleto d\u0117klas MultiCam\u00ae"},"content":{"rendered":"<p>Pistoleto d\u0117klas sukurtas <span class=\"d2edcug0 hpfvmrgz qv66sw1b c1et5uql rrkovp55 a8c37x1j keod5gw0 nxhoafnm aigsh9s9 d3f4x2em fe6kdd0r mau55g9w c8b282yb iv3no6db jq4qci2q a3bd9o3v knj5qynh oo9gr5id\" dir=\"auto\">Glock 17,HKSFP9 ir kitiems pana\u0161aus dyd\u017eio tarnybiniams pistoletams. <\/span>Ta\u010diau d\u0117l lengvai reguliuojamo gylio ir suspaudimo <span class=\"d2edcug0 hpfvmrgz qv66sw1b c1et5uql rrkovp55 a8c37x1j keod5gw0 nxhoafnm aigsh9s9 d3f4x2em fe6kdd0r mau55g9w c8b282yb iv3no6db jq4qci2q a3bd9o3v knj5qynh oo9gr5id\" dir=\"auto\">tinka tiek didesniems, tiek ma\u017eesniems pistoletams<\/span>. Prie ekipuot\u0117s tvirtinamas PALS\/MOLLE sistema (u\u017eima 2 stulpelius x 4 eilutes), tod\u0117l gali b\u016bti montuojamas ant taktinio dir\u017eo, \u0161arvin\u0117s liemen\u0117s ar kojos platformos. \u00a0I\u0161 vir\u0161aus ginklas prilaikomas elastine\u00a0 virvute. D\u0117klo korpusas, pasi\u016btas i\u0161 dvigubo 500D CORDURA\u00ae audinio su\u00a0 standinimo elementais viduje,\u00a0u\u017etikrina skland\u0173 ir tyl\u0173 pistoleto i\u0161traukim\u0105 ir \u012fd\u0117jim\u0105 atgal \u012f d\u0117kl\u0105.<\/p>\n<p><strong>GAMINIO SPECIFIKACIJA<\/strong><\/p>\n<ul>\n<li>Audinys 500D CORDURA\u00ae.<\/li>\n<li>Matmenys\u00a0 17,5 x 8 x 3,5 cm<\/li>\n<li>Ginklas prilaikomas elastine virvute i\u0161 vir\u0161aus.<\/li>\n<li>Vir\u0161utin\u0117 d\u0117klo dalis turi sutvirtint\u0105 briaun\u0105.<\/li>\n<li>Prie ekipuot\u0117s tvirtinamas PALS\/MOLLE sistema (2 stulpeliai x 4 eilut\u0117s).<\/li>\n<li>Audinio spalva MultiCam\u00ae<\/li>\n<li>Tylus veikimas.<\/li>\n<li>D\u0117klas pasi\u016btas i\u0161 IRR padengim\u0105 turin\u010di\u0173 med\u017eiag\u0173.<\/li>\n<li>D\u0117klas gaminamas tiek de\u0161iniarankiams, tiek kairiarankiams.<\/li>\n<\/ul>\n<p>&nbsp;<\/p>\n<p><a href=\"https:\/\/www.youtube.com\/@matuzatactical\">Matuza Tactical youtube kanalas.<\/a><\/p>\n<p><a href=\"https:\/\/matuza-tactical.lt\/en\/product-category\/pistoletui\/\">Kiti pistoleto ne\u0161iojimo sprendimai<\/a><\/p>\n<p>&nbsp;<\/p>","protected":false},"excerpt":{"rendered":"<p>Pistoleto d\u0117klas sukurtas <span class=\"d2edcug0 hpfvmrgz qv66sw1b c1et5uql rrkovp55 a8c37x1j keod5gw0 nxhoafnm aigsh9s9 d3f4x2em fe6kdd0r mau55g9w c8b282yb iv3no6db jq4qci2q a3bd9o3v knj5qynh oo9gr5id\" dir=\"auto\">Glock 17,HKSFP9 ir kitiems pana\u0161aus dyd\u017eio tarnybiniams pistoletams. D\u0117l reguliuojamo gylio ir suspaudimo tinka ir kit\u0173 gabarit\u0173 pistoletams.<\/span>\u00a0Ginklas fiksuojamas elastine virvute. D\u0117klas tvirtinasi PALS\/MOLLE sistema.<\/p>","protected":false},"featured_media":10508,"template":"","meta":{"_exactmetrics_skip_tracking":false,"_exactmetrics_sitenote_active":false,"_exactmetrics_sitenote_note":"","_exactmetrics_sitenote_category":0},"product_cat":[132,136],"product_tag":[],"class_list":{"0":"post-10505","1":"product","2":"type-product","3":"status-publish","4":"has-post-thumbnail","6":"product_cat-multicam","7":"product_cat-nauji-gaminiai","9":"first","10":"onbackorder","11":"taxable","12":"shipping-taxable","13":"purchasable","14":"product-type-variable","15":"wpzoom-wc-spi-has-enabled"},"aioseo_notices":[],"jetpack_sharing_enabled":true,"_links":{"self":[{"href":"https:\/\/matuza-tactical.lt\/en\/wp-json\/wp\/v2\/product\/10505","targetHints":{"allow":["GET"]}}],"collection":[{"href":"https:\/\/matuza-tactical.lt\/en\/wp-json\/wp\/v2\/product"}],"about":[{"href":"https:\/\/matuza-tactical.lt\/en\/wp-json\/wp\/v2\/types\/product"}],"wp:featuredmedia":[{"embeddable":true,"href":"https:\/\/matuza-tactical.lt\/en\/wp-json\/wp\/v2\/media\/10508"}],"wp:attachment":[{"href":"https:\/\/matuza-tactical.lt\/en\/wp-json\/wp\/v2\/media?parent=10505"}],"wp:term":[{"taxonomy":"product_cat","embeddable":true,"href":"https:\/\/matuza-tactical.lt\/en\/wp-json\/wp\/v2\/product_cat?post=10505"},{"taxonomy":"product_tag","embeddable":true,"href":"https:\/\/matuza-tactical.lt\/en\/wp-json\/wp\/v2\/product_tag?post=10505"}],"curies":[{"name":"wp","href":"https:\/\/api.w.org\/{rel}","templated":true}]}}