{"id":10480,"date":"2026-03-05T13:55:07","date_gmt":"2026-03-05T11:55:07","guid":{"rendered":"https:\/\/matuza-tactical.lt\/?post_type=product&#038;p=10480"},"modified":"2026-03-13T12:26:40","modified_gmt":"2026-03-13T10:26:40","slug":"karo-dirzas-mod-2-multicam","status":"publish","type":"product","link":"https:\/\/matuza-tactical.lt\/en\/parduotuve\/karo-dirzas-mod-2-multicam\/","title":{"rendered":"Karo dir\u017eas Mod.2 MultiCam\u00ae"},"content":{"rendered":"<p>Karo dir\u017eas yra skirtas dal\u012f savo ekipuot\u0117s perkelti nuo liemen\u0117s ant dir\u017eo.<\/p>\n<p><strong>SAVYB\u0116S<\/strong><\/p>\n<ul>\n<li>PAMINK\u0160TINTA DALIS SU PALS\/MOLLE DIR\u017dELIAIS. I\u0161orin\u0117 dir\u017eo dalis pagaminta i\u0161 tvirto 500D CORDURA\u00ae audinio, prie kurio prisi\u016bta PALS\/MOLLE dir\u017eeli\u0173 tvirtinimo sistema. Audinio spalva\u00a0 MultiCam\u00ae. <em>\u00a0<\/em>Vidin\u0117 dir\u017eo dalis pasi\u016bta i\u0161 orui laidaus 3D audinio. Dir\u017eo pamink\u0161tinimas suformuotas i\u0161 atminties efekto neturin\u010dio u\u017edar\u0173 por\u0173 polietileno. Papildomo komforto suteikia 6 pamink\u0161tinimo pagalv\u0117l\u0117s nugaros srityje. Dir\u017eo vir\u0161uje yra keturios 2,5 cm plo\u010dio kilpos petne\u0161oms tvirtinti.<\/li>\n<li>VIDINIS DIR\u017dAS. 5 cm plo\u010dio pilnai reguliuojamas dir\u017eas. Dir\u017eas gali b\u016bti komplektuojamas su auk\u0161tos kokyb\u0117s dvigubo reguliavimo AustriAlpin Cobra\u00ae Pro Style\u00a0sagtimi arba patikima 2M plastikine sagtimi. Esant poreikiui sagt\u012f galima pakeisti \u012f analogi\u0161k\u0105 ar bet koki\u0105 kit\u0105 sagt\u012f, \u012f kuri\u0105 veriasi 5 cm plo\u010dio dir\u017eas. D\u0117l segmentuotos PALS\/MOLLE dir\u017eeli\u0173 tvirtinimo sistemos vidin\u012f dir\u017e\u0105 galima i\u0161verti \u012f i\u0161or\u0119 pistoleto d\u0117klui tvirtinti.<\/li>\n<li><strong>Dyd\u017eiai<\/strong>:\n<ul>\n<li style=\"list-style-type: none;\">\n<ul>\n<li style=\"list-style-type: none;\">\n<ul>\n<li>M dyd\u017eio dir\u017eo mink\u0161toji dalis yra 84 cm ilgio, o vidinis dir\u017eas reguliuojasi nuo 95 iki 140cm;<\/li>\n<li>L dyd\u017eio dir\u017eo mink\u0161toji dalis- 91 cm, o vidinis dir\u017eas reguliuojasi nuo 100 iki 145 cm.<\/li>\n<\/ul>\n<\/li>\n<\/ul>\n<\/li>\n<\/ul>\n<\/li>\n<li>PALS\/MOLLE stulpeli\u0173 ir eilu\u010di\u0173 skai\u010dius: M \u2013 18 x 2; L \u2013 20 x 2.<\/li>\n<li>Visi dir\u017eo elementai pagaminti i\u0161 IRR padengim\u0105 turin\u010di\u0173 med\u017eiag\u0173.<a href=\"https:\/\/matuza-tactical.lt\/en\/product-category\/taktiniai_dirzai\/\">Combat Belts\u00a0<\/a><br \/>\n<a href=\"https:\/\/www.youtube.com\/@matuzatactical\">Matuza tactical youtube kanalas<\/a><\/li>\n<\/ul>","protected":false},"excerpt":{"rendered":"<div class=\"ihx95mk1 fwlpnqze r5g9zsuq b0eko5f3 q46jt4gp ta68dy8c kpwa50dg m0cukt09 h8391g91 r3h50k6m\">Dviej\u0173 dali\u0173 taktinio dir\u017eo sistema:<\/div>\n<div class=\"ihx95mk1 fwlpnqze r5g9zsuq b0eko5f3 q46jt4gp ta68dy8c kpwa50dg m0cukt09 h8391g91 r3h50k6m\">&#8211; Pamink\u0161tinta dalis su Molle\/PALS dir\u017eeliais;<\/div>\n<div class=\"ihx95mk1 fwlpnqze r5g9zsuq b0eko5f3 q46jt4gp ta68dy8c kpwa50dg m0cukt09 h8391g91 r3h50k6m\">&#8211; Reguliuojamas vidinis dir\u017eas;<\/div>\n<div class=\"ihx95mk1 fwlpnqze r5g9zsuq b0eko5f3 q46jt4gp ta68dy8c kpwa50dg m0cukt09 h8391g91 r3h50k6m\">\u2013 Galima rinktis tarp Cobra arba plastikin\u0117s sagties;<\/div>","protected":false},"featured_media":10487,"template":"","meta":{"_exactmetrics_skip_tracking":false,"_exactmetrics_sitenote_active":false,"_exactmetrics_sitenote_note":"","_exactmetrics_sitenote_category":0},"product_cat":[132,136],"product_tag":[],"class_list":{"0":"post-10480","1":"product","2":"type-product","3":"status-publish","4":"has-post-thumbnail","6":"product_cat-multicam","7":"product_cat-nauji-gaminiai","9":"first","10":"instock","11":"taxable","12":"shipping-taxable","13":"purchasable","14":"product-type-variable","15":"wpzoom-wc-spi-has-enabled"},"aioseo_notices":[],"jetpack_sharing_enabled":true,"_links":{"self":[{"href":"https:\/\/matuza-tactical.lt\/en\/wp-json\/wp\/v2\/product\/10480","targetHints":{"allow":["GET"]}}],"collection":[{"href":"https:\/\/matuza-tactical.lt\/en\/wp-json\/wp\/v2\/product"}],"about":[{"href":"https:\/\/matuza-tactical.lt\/en\/wp-json\/wp\/v2\/types\/product"}],"wp:featuredmedia":[{"embeddable":true,"href":"https:\/\/matuza-tactical.lt\/en\/wp-json\/wp\/v2\/media\/10487"}],"wp:attachment":[{"href":"https:\/\/matuza-tactical.lt\/en\/wp-json\/wp\/v2\/media?parent=10480"}],"wp:term":[{"taxonomy":"product_cat","embeddable":true,"href":"https:\/\/matuza-tactical.lt\/en\/wp-json\/wp\/v2\/product_cat?post=10480"},{"taxonomy":"product_tag","embeddable":true,"href":"https:\/\/matuza-tactical.lt\/en\/wp-json\/wp\/v2\/product_tag?post=10480"}],"curies":[{"name":"wp","href":"https:\/\/api.w.org\/{rel}","templated":true}]}}