{"id":10461,"date":"2026-03-05T13:15:22","date_gmt":"2026-03-05T11:15:22","guid":{"rendered":"https:\/\/matuza-tactical.lt\/?post_type=product&#038;p=10461"},"modified":"2026-04-23T10:57:07","modified_gmt":"2026-04-23T07:57:07","slug":"karo-dirzo-mod-2-minkstoji-dalis-multicam","status":"publish","type":"product","link":"https:\/\/matuza-tactical.lt\/en\/parduotuve\/karo-dirzo-mod-2-minkstoji-dalis-multicam\/","title":{"rendered":"Karo dir\u017eo Mod.2 mink\u0161toji dalis MultiCam\u00ae"},"content":{"rendered":"<p>Karo dir\u017eo mink\u0161toji dalis be vidinio dir\u017eo. \u0160i dir\u017eo rankov\u0117 yra naudojama pro j\u0105 perv\u0117rus 50 arba 55 mm plo\u010dio dir\u017e\u0105 ir yra skirta dal\u012f savo ekipuot\u0117s perkelti nuo liemen\u0117s ant dir\u017eo.<\/p>\n<p><strong>SAVYB\u0116S<\/strong><\/p>\n<ul>\n<li>PAMINK\u0160TINTA DALIS SU PALS\/MOLLE DIR\u017dELIAIS. I\u0161orin\u0117 dir\u017eo dalis pagaminta i\u0161 tvirto 500D CORDURA\u00ae audinio, prie kurio prisi\u016bta PALS\/MOLLE dir\u017eeli\u0173 tvirtinimo sistema. Audinio spalva MultiCam\u00ae. Vidin\u0117 dir\u017eo dalis pasi\u016bta i\u0161 orui laidaus 3D audinio. Dir\u017eo pamink\u0161tinimas suformuotas i\u0161 atminties efekto neturin\u010dio u\u017edar\u0173 por\u0173 polietileno. Papildomo komforto suteikia 6 pamink\u0161tinimo pagalv\u0117l\u0117s nugaros srityje. Dir\u017eo vir\u0161uje yra keturios 2,5 cm plo\u010dio kilpos petne\u0161oms tvirtinti.<\/li>\n<li>Ilgis:\u00a0 M \u2013 84 cm; L \u2013 91 cm;<\/li>\n<li>PALS\/MOLLE stulpeli\u0173 ir eilu\u010di\u0173 skai\u010dius: M \u2013 18 x 2; L \u2013 20 x 2.<\/li>\n<li>Visi dir\u017eo elementai pagaminti i\u0161 IRR padengim\u0105 turin\u010di\u0173 med\u017eiag\u0173.<\/li>\n<\/ul>\n<p><a href=\"https:\/\/www.youtube.com\/@matuzatactical\">Matuza tactical youtube kanalas<\/a><\/p>\n<p><a href=\"https:\/\/youtu.be\/HkqiSjngGbw?si=N6HhYD3N8kM0PGgV\">Karo dir\u017eas Mod.2 MultiCam\u00ae YouTube ap\u017evalga.<\/a><\/p>\n<p>&nbsp;<\/p>\n<p>&nbsp;<\/p>","protected":false},"excerpt":{"rendered":"<p>\u2013 Pamink\u0161tinta dalis su Molle\/PALS dir\u017eeliais<\/p>\n<p>\u2013 Vidin\u0117 dir\u017eo dalis pasi\u016bta i\u0161 orui laidaus 3D audinio.<\/p>\n<p>\u2013Papildomo komforto suteikia 6 pamink\u0161tinimo pagalv\u0117l\u0117s nugaros srityje<\/p>","protected":false},"featured_media":10467,"template":"","meta":{"_exactmetrics_skip_tracking":false,"_exactmetrics_sitenote_active":false,"_exactmetrics_sitenote_note":"","_exactmetrics_sitenote_category":0},"product_cat":[132,136],"product_tag":[],"class_list":{"0":"post-10461","1":"product","2":"type-product","3":"status-publish","4":"has-post-thumbnail","6":"product_cat-multicam","7":"product_cat-nauji-gaminiai","9":"first","10":"instock","11":"taxable","12":"shipping-taxable","13":"purchasable","14":"product-type-variable","15":"wpzoom-wc-spi-has-enabled"},"aioseo_notices":[],"jetpack_sharing_enabled":true,"_links":{"self":[{"href":"https:\/\/matuza-tactical.lt\/en\/wp-json\/wp\/v2\/product\/10461","targetHints":{"allow":["GET"]}}],"collection":[{"href":"https:\/\/matuza-tactical.lt\/en\/wp-json\/wp\/v2\/product"}],"about":[{"href":"https:\/\/matuza-tactical.lt\/en\/wp-json\/wp\/v2\/types\/product"}],"wp:featuredmedia":[{"embeddable":true,"href":"https:\/\/matuza-tactical.lt\/en\/wp-json\/wp\/v2\/media\/10467"}],"wp:attachment":[{"href":"https:\/\/matuza-tactical.lt\/en\/wp-json\/wp\/v2\/media?parent=10461"}],"wp:term":[{"taxonomy":"product_cat","embeddable":true,"href":"https:\/\/matuza-tactical.lt\/en\/wp-json\/wp\/v2\/product_cat?post=10461"},{"taxonomy":"product_tag","embeddable":true,"href":"https:\/\/matuza-tactical.lt\/en\/wp-json\/wp\/v2\/product_tag?post=10461"}],"curies":[{"name":"wp","href":"https:\/\/api.w.org\/{rel}","templated":true}]}}