{"id":10452,"date":"2026-03-05T12:38:46","date_gmt":"2026-03-05T10:38:46","guid":{"rendered":"https:\/\/matuza-tactical.lt\/?post_type=product&#038;p=10452"},"modified":"2026-04-15T12:39:27","modified_gmt":"2026-04-15T09:39:27","slug":"zemo-profilio-petnesos-mod-2-multicam","status":"publish","type":"product","link":"https:\/\/matuza-tactical.lt\/en\/parduotuve\/zemo-profilio-petnesos-mod-2-multicam\/","title":{"rendered":"\u017demo profilio petne\u0161os Mod.2 MultiCam\u00ae"},"content":{"rendered":"<p>Pritaikytos m\u016bs\u0173 \u201e<a href=\"https:\/\/matuza-tactical.lt\/en\/parduotuve\/taktiniai_dirzai\/karo-dirzas-komplektas\/\">Karo dir\u017eui Mod.2<\/a>\u201c, bet tinka ir kitiems taktiniams dir\u017eams.<\/p>\n<p><strong>GAMINIO SPECIFIKACIJA<\/strong><\/p>\n<ul>\n<li>Audinys 500D CORDURA\u00ae.<\/li>\n<li>Spalva MultiCam\u00ae.<\/li>\n<li>Pasi\u016btos i\u0161 tvirto poliamidinio dir\u017eo.<\/li>\n<li>I\u0161 vidin\u0117s pus\u0117s petne\u0161os yra pamink\u0161tintos orui laid\u017eiu 3D audiniu.<\/li>\n<li>Ties kr\u016btine petne\u0161os susegamos reguliuojamo ilgio dir\u017eeliu.<\/li>\n<li>Nugarin\u0117je dalyje petne\u0161\u0173 dalys sujungtos elastine virvute.<\/li>\n<li>Petne\u0161os yra sukry\u017eiuotos taip, kad i\u0161laikyti savo paslankum\u0105. Sureguliavus petne\u0161as, susikry\u017eiavimas tur\u0117t\u0173 stov\u0117ti tarp men\u010di\u0173.<\/li>\n<li>Pagaminta i\u0161 IRR padengim\u0105 turin\u010di\u0173 med\u017eiag\u0173.<\/li>\n<\/ul>\n<p>&nbsp;<\/p>\n<p><a href=\"https:\/\/matuza-tactical.lt\/en\/product-category\/taktiniai_dirzai\/\">Combat Belts\u00a0<\/a><br \/>\n<a href=\"https:\/\/www.youtube.com\/@matuzatactical\">Matuza tactical youtube kanalas<\/a><\/p>\n<p>&nbsp;<\/p>\n<p>&nbsp;<\/p>\n<p>&nbsp;<\/p>\n<p>&nbsp;<\/p>\n<p>&nbsp;<\/p>","protected":false},"excerpt":{"rendered":"<p>\u017demo profilio petne\u0161os taktiniams dir\u017eams.<\/p>","protected":false},"featured_media":10453,"template":"","meta":{"_exactmetrics_skip_tracking":false,"_exactmetrics_sitenote_active":false,"_exactmetrics_sitenote_note":"","_exactmetrics_sitenote_category":0},"product_cat":[132,136],"product_tag":[],"class_list":{"0":"post-10452","1":"product","2":"type-product","3":"status-publish","4":"has-post-thumbnail","6":"product_cat-multicam","7":"product_cat-nauji-gaminiai","9":"first","10":"instock","11":"taxable","12":"shipping-taxable","13":"purchasable","14":"product-type-simple","15":"wpzoom-wc-spi-has-enabled"},"aioseo_notices":[],"jetpack_sharing_enabled":true,"_links":{"self":[{"href":"https:\/\/matuza-tactical.lt\/en\/wp-json\/wp\/v2\/product\/10452","targetHints":{"allow":["GET"]}}],"collection":[{"href":"https:\/\/matuza-tactical.lt\/en\/wp-json\/wp\/v2\/product"}],"about":[{"href":"https:\/\/matuza-tactical.lt\/en\/wp-json\/wp\/v2\/types\/product"}],"wp:featuredmedia":[{"embeddable":true,"href":"https:\/\/matuza-tactical.lt\/en\/wp-json\/wp\/v2\/media\/10453"}],"wp:attachment":[{"href":"https:\/\/matuza-tactical.lt\/en\/wp-json\/wp\/v2\/media?parent=10452"}],"wp:term":[{"taxonomy":"product_cat","embeddable":true,"href":"https:\/\/matuza-tactical.lt\/en\/wp-json\/wp\/v2\/product_cat?post=10452"},{"taxonomy":"product_tag","embeddable":true,"href":"https:\/\/matuza-tactical.lt\/en\/wp-json\/wp\/v2\/product_tag?post=10452"}],"curies":[{"name":"wp","href":"https:\/\/api.w.org\/{rel}","templated":true}]}}