{"id":10322,"date":"2026-02-11T09:56:19","date_gmt":"2026-02-11T07:56:19","guid":{"rendered":"https:\/\/matuza-tactical.lt\/?post_type=product&#038;p=10322"},"modified":"2026-02-11T09:56:19","modified_gmt":"2026-02-11T07:56:19","slug":"hk-tipo-karabinas","status":"publish","type":"product","link":"https:\/\/matuza-tactical.lt\/en\/parduotuve\/hk-tipo-karabinas\/","title":{"rendered":"HK tipo karabinas"},"content":{"rendered":"<p data-start=\"0\" data-end=\"141\">Tvirtas ir patikimas plieninis HK tipo karabinas, skirtas ginklo dir\u017eui tvirtinti prie ginklo. Ant karabino galima verti 25 mm plo\u010dio dir\u017eus.<\/p>\n<p data-start=\"143\" data-end=\"270\">Pagamintas i\u0161 auk\u0161tos kokyb\u0117s plieno \u2013 atsparus apkrovoms ir aplinkos poveikiui. Padengtas juodais, trin\u010diai atspariais da\u017eais.<\/p>\n<p data-start=\"272\" data-end=\"297\"><strong data-start=\"272\" data-end=\"297\">GAMINIO SPECIFIKACIJA<\/strong><\/p>\n<ul>\n<li>Med\u017eiaga: plienas.<\/li>\n<li>Spalva juoda.<\/li>\n<li>Matmenys Ilgis 50mm. Plotis 40mm<\/li>\n<li>Vidinis skersmuo (dir\u017eeliui): 25 mm.<\/li>\n<li>Svoris: 22 g.<\/li>\n<li>Pagaminta Vokietijoje.<\/li>\n<li>Kiekis 1vnt.<\/li>\n<\/ul>\n<p data-start=\"420\" data-end=\"441\" data-is-last-node=\"\" data-is-only-node=\"\"><a href=\"https:\/\/www.youtube.com\/@matuzatactical\">Matuza Tactical youtube kanalas.<\/a><br \/>\n<a href=\"https:\/\/matuza-tactical.lt\/en\/product-category\/dalys\/\">Per\u017ei\u016br\u0117ti daugiau dali\u0173<\/a><\/p>\n<p>&nbsp;<\/p>\n<p>&nbsp;<\/p>\n<p>&nbsp;<\/p>","protected":false},"excerpt":{"rendered":"<p>Tvirtas plieninis HK tipo karabinas ginklo dir\u017eui tvirtinti.<\/p>","protected":false},"featured_media":10326,"template":"","meta":{"_exactmetrics_skip_tracking":false,"_exactmetrics_sitenote_active":false,"_exactmetrics_sitenote_note":"","_exactmetrics_sitenote_category":0},"product_cat":[117,138,136],"product_tag":[],"class_list":{"0":"post-10322","1":"product","2":"type-product","3":"status-publish","4":"has-post-thumbnail","6":"product_cat-dalys","7":"product_cat-ginklu-dirzai","8":"product_cat-nauji-gaminiai","10":"first","11":"instock","12":"taxable","13":"shipping-taxable","14":"purchasable","15":"product-type-simple"},"aioseo_notices":[],"jetpack_sharing_enabled":true,"_links":{"self":[{"href":"https:\/\/matuza-tactical.lt\/en\/wp-json\/wp\/v2\/product\/10322","targetHints":{"allow":["GET"]}}],"collection":[{"href":"https:\/\/matuza-tactical.lt\/en\/wp-json\/wp\/v2\/product"}],"about":[{"href":"https:\/\/matuza-tactical.lt\/en\/wp-json\/wp\/v2\/types\/product"}],"wp:featuredmedia":[{"embeddable":true,"href":"https:\/\/matuza-tactical.lt\/en\/wp-json\/wp\/v2\/media\/10326"}],"wp:attachment":[{"href":"https:\/\/matuza-tactical.lt\/en\/wp-json\/wp\/v2\/media?parent=10322"}],"wp:term":[{"taxonomy":"product_cat","embeddable":true,"href":"https:\/\/matuza-tactical.lt\/en\/wp-json\/wp\/v2\/product_cat?post=10322"},{"taxonomy":"product_tag","embeddable":true,"href":"https:\/\/matuza-tactical.lt\/en\/wp-json\/wp\/v2\/product_tag?post=10322"}],"curies":[{"name":"wp","href":"https:\/\/api.w.org\/{rel}","templated":true}]}}