{"id":10290,"date":"2026-02-09T15:34:21","date_gmt":"2026-02-09T13:34:21","guid":{"rendered":"https:\/\/matuza-tactical.lt\/?post_type=product&#038;p=10290"},"modified":"2026-03-08T17:23:12","modified_gmt":"2026-03-08T15:23:12","slug":"greituke-multicam-tropic","status":"publish","type":"product","link":"https:\/\/matuza-tactical.lt\/en\/parduotuve\/greituke-multicam-tropic\/","title":{"rendered":"Greituk\u0117 MultiCam\u00ae Tropic"},"content":{"rendered":"<p>Vienos d\u0117tuv\u0117s d\u0117klas pasi\u016btas i\u0161 tvirto 500D CORDURA\u00ae audinio. G36 versija skirta abiej\u0173 tip\u0173 G36 d\u0117tuv\u0117ms, AR15 versija talpina 30 \u0161ovini\u0173 AR15 tipo d\u0117tuves. irvut\u0117s galima ne\u0161ioti ir kit\u0173 tip\u0173 d\u0117tuves. Plastiku sutvirtintas korpusas u\u017etikrina skland\u0173 ir tyl\u0173 d\u0117tuv\u0117s i\u0161traukim\u0105 ir \u012fd\u0117jim\u0105 atgal \u012f d\u0117kl\u0105.<\/p>\n<p>Prie ekipuot\u0117s d\u0117klas tvirtinamas PALS\/MOLLE sistema (2 stulpeliai x 3 eilut\u0117s). D\u0117klo priekyje yra 2 stulpeliai ir 3 eilut\u0117s PALS\/MOLLE dir\u017eeli\u0173, kurie leid\u017eia sujungti du d\u0117klus ar segti prie j\u0173 kitus ekipuot\u0117s elementus.<\/p>\n<p><strong>GAMINIO SPECIFIKACIJA<\/strong><\/p>\n<ul>\n<li>Audinys 500D CORDURA\u00ae.<\/li>\n<li>Matmenys 14 x 7,5 x 2-2,5 cm<\/li>\n<li>Audinio spalva MultiCam\u00ae Tropic<\/li>\n<li>Plastiku sutvirtintas korpusas u\u017etikrina skland\u0173 d\u0117tuv\u0117s i\u0161traukim\u0105 ir \u012fd\u0117jim\u0105 atgal \u012f d\u0117kl\u0105.<\/li>\n<li>D\u0117klo \u0161onai suformuoti i\u0161 standaus dvigubo dir\u017eelio.<\/li>\n<li>D\u0117tuv\u0117 prilaikoma elastine virvute i\u0161 vir\u0161aus ir i\u0161 \u0161on\u0173.<\/li>\n<li>Prie ekipuot\u0117s tvirtinamas PALS\/MOLLE sistema (2 stulpeliai x 3 eilut\u0117s).<\/li>\n<li>D\u0117klo priekyje yra 2 stulpeliai ir 3 eilut\u0117s PALS\/MOLLE dir\u017eeli\u0173, kurie leid\u017eia sujungti du d\u0117klus ar segti prie j\u0173 kitus ekipuot\u0117s elementus.<\/li>\n<li>Tylus veikimas.<\/li>\n<li>D\u0117klas pasi\u016btas i\u0161 IRR padengim\u0105 turin\u010di\u0173 med\u017eiag\u0173 (i\u0161skyrus juod\u0105 versij\u0105).<\/li>\n<\/ul>\n<p><a href=\"https:\/\/matuza-tactical.lt\/en\/product-category\/detuviu_deklai\/\">Kiti m\u016bs\u0173 d\u0117tuvi\u0173 d\u0117klai.<\/a><br \/>\n<a href=\"https:\/\/www.youtube.com\/@matuzatactical\">Matuza Tactical youtube kanalas.<\/a><\/p>\n<p>&nbsp;<\/p>\n<p>&nbsp;<\/p>\n<p>&nbsp;<\/p>\n<div class=\"btn-bubble-icon\"><\/div>","protected":false},"excerpt":{"rendered":"<p>Vienos d\u0117tuv\u0117s d\u0117klas, tinkamas G36 ir AR15 tipo d\u0117tuv\u0117ms. Pasi\u016btas i\u0161 500D CORDURA\u00ae audinio. Korpusas sutvirtintas plastiku. Tvirtinamas PALS\/MOLLE (2&#215;3) sistema. Leid\u017eia greitai ir tyliai i\u0161traukti bei \u012fd\u0117ti d\u0117tuv\u0119 atgal \u012f d\u0117kl\u0105. Patikimas ir patikrintas b\u016bdas d\u0117tuv\u0117ms ne\u0161ioti lauko s\u0105lygomis.<\/p>","protected":false},"featured_media":10308,"template":"","meta":{"_exactmetrics_skip_tracking":false,"_exactmetrics_sitenote_active":false,"_exactmetrics_sitenote_note":"","_exactmetrics_sitenote_category":0},"product_cat":[137],"product_tag":[],"class_list":{"0":"post-10290","1":"product","2":"type-product","3":"status-publish","4":"has-post-thumbnail","6":"product_cat-multicam-tropic","8":"first","9":"instock","10":"taxable","11":"shipping-taxable","12":"purchasable","13":"product-type-variable"},"aioseo_notices":[],"jetpack_sharing_enabled":true,"_links":{"self":[{"href":"https:\/\/matuza-tactical.lt\/en\/wp-json\/wp\/v2\/product\/10290","targetHints":{"allow":["GET"]}}],"collection":[{"href":"https:\/\/matuza-tactical.lt\/en\/wp-json\/wp\/v2\/product"}],"about":[{"href":"https:\/\/matuza-tactical.lt\/en\/wp-json\/wp\/v2\/types\/product"}],"wp:featuredmedia":[{"embeddable":true,"href":"https:\/\/matuza-tactical.lt\/en\/wp-json\/wp\/v2\/media\/10308"}],"wp:attachment":[{"href":"https:\/\/matuza-tactical.lt\/en\/wp-json\/wp\/v2\/media?parent=10290"}],"wp:term":[{"taxonomy":"product_cat","embeddable":true,"href":"https:\/\/matuza-tactical.lt\/en\/wp-json\/wp\/v2\/product_cat?post=10290"},{"taxonomy":"product_tag","embeddable":true,"href":"https:\/\/matuza-tactical.lt\/en\/wp-json\/wp\/v2\/product_tag?post=10290"}],"curies":[{"name":"wp","href":"https:\/\/api.w.org\/{rel}","templated":true}]}}